{"id":3358,"date":"2022-06-17T06:51:58","date_gmt":"2022-06-17T11:51:58","guid":{"rendered":"https:\/\/ffh.unsa.edu.pe\/artes\/?page_id=3358"},"modified":"2022-06-17T06:58:49","modified_gmt":"2022-06-17T11:58:49","slug":"convenios-internacionales","status":"publish","type":"page","link":"https:\/\/ffh.unsa.edu.pe\/artes\/convenios-internacionales\/","title":{"rendered":"Convenios Internacionales"},"content":{"rendered":"<p>Resoluci\u00f3n de Consejo Universitario N\u00ba 0259-2022 que aprueba el convenio de cooperaci\u00f3n entre New Jersey City University y la Universidad Nacional de San Agust\u00edn de Arequipa. <a href=\"https:\/\/ffh.unsa.edu.pe\/artes\/wp-content\/uploads\/sites\/2\/2022\/06\/RCU-0259-2022-RESOLUCION-DE-CONVENIO-CON-NJCU.pdf\" target=\"_blank\" rel=\"noopener\">Ver m\u00e1s<\/a><\/p>\n<p>&nbsp;<\/p>\n<p>Convenio de cooperaci\u00f3n entre New Jersey City University y la Universidad Nacional de San Agust\u00edn de Arequipa. <a href=\"https:\/\/ffh.unsa.edu.pe\/artes\/wp-content\/uploads\/sites\/2\/2022\/06\/CONVENIO-Y-ACUERDO-NJCU.pdf\" target=\"_blank\" rel=\"noopener\">Ver m\u00e1s<\/a><\/p>\n<p>&nbsp;<\/p>\n","protected":false},"excerpt":{"rendered":"<p>Resoluci\u00f3n de Consejo Universitario N\u00ba 0259-2022 que aprueba el convenio de cooperaci\u00f3n entre New Jersey City University y la Universidad Nacional de San Agust\u00edn de Arequipa. Ver m\u00e1s &nbsp; Convenio de cooperaci\u00f3n entre New Jersey City University y la Universidad Nacional de San Agust\u00edn de Arequipa. Ver m\u00e1s &nbsp;<\/p>\n","protected":false},"author":9,"featured_media":0,"parent":0,"menu_order":0,"comment_status":"closed","ping_status":"closed","template":"","meta":{"_acf_changed":false,"footnotes":""},"class_list":["post-3358","page","type-page","status-publish","hentry"],"acf":[],"_links":{"self":[{"href":"https:\/\/ffh.unsa.edu.pe\/artes\/wp-json\/wp\/v2\/pages\/3358","targetHints":{"allow":["GET"]}}],"collection":[{"href":"https:\/\/ffh.unsa.edu.pe\/artes\/wp-json\/wp\/v2\/pages"}],"about":[{"href":"https:\/\/ffh.unsa.edu.pe\/artes\/wp-json\/wp\/v2\/types\/page"}],"author":[{"embeddable":true,"href":"https:\/\/ffh.unsa.edu.pe\/artes\/wp-json\/wp\/v2\/users\/9"}],"replies":[{"embeddable":true,"href":"https:\/\/ffh.unsa.edu.pe\/artes\/wp-json\/wp\/v2\/comments?post=3358"}],"version-history":[{"count":7,"href":"https:\/\/ffh.unsa.edu.pe\/artes\/wp-json\/wp\/v2\/pages\/3358\/revisions"}],"predecessor-version":[{"id":3368,"href":"https:\/\/ffh.unsa.edu.pe\/artes\/wp-json\/wp\/v2\/pages\/3358\/revisions\/3368"}],"wp:attachment":[{"href":"https:\/\/ffh.unsa.edu.pe\/artes\/wp-json\/wp\/v2\/media?parent=3358"}],"curies":[{"name":"wp","href":"https:\/\/api.w.org\/{rel}","templated":true}]}}