{"id":3372,"date":"2022-07-01T22:24:13","date_gmt":"2022-07-02T03:24:13","guid":{"rendered":"https:\/\/ffh.unsa.edu.pe\/artes\/?page_id=3372"},"modified":"2023-09-19T01:13:13","modified_gmt":"2023-09-19T06:13:13","slug":"noticias-oportunidades","status":"publish","type":"page","link":"https:\/\/ffh.unsa.edu.pe\/artes\/noticias-oportunidades\/","title":{"rendered":"NOTICIAS  OPORTUNIDADES"},"content":{"rendered":"<h1>PROGRAMA DE INTERNACIONALIZACI\u00d3N VIRTUAL ESTUDIANTIL PIVE 2023<\/h1>\n<p><img loading=\"lazy\" decoding=\"async\" class=\"aligncenter size-full wp-image-3655\" src=\"https:\/\/ffh.unsa.edu.pe\/artes\/wp-content\/uploads\/sites\/2\/2023\/09\/PIVE-2023.jpeg\" alt=\"\" width=\"934\" height=\"660\" srcset=\"https:\/\/ffh.unsa.edu.pe\/artes\/wp-content\/uploads\/sites\/2\/2023\/09\/PIVE-2023.jpeg 934w, https:\/\/ffh.unsa.edu.pe\/artes\/wp-content\/uploads\/sites\/2\/2023\/09\/PIVE-2023-768x543.jpeg 768w\" sizes=\"auto, (max-width: 934px) 100vw, 934px\" \/><\/p>\n<h1><\/h1>\n<hr \/>\n<h1>CONVENIO DE LA UNIVERSIDAD NACIONAL DE SAN AGUSTIN DE AREQUIPA Y LA UNIVERSIDAD NACIONAL DIEGO QUISPE TITO (CUSCO)<\/h1>\n<p>Se aprueba el \u00abCONVENIO MARCO DE COOPERACI\u00d3N ACAD\u00c9MICA, CIENT\u00cdFICA Y CULTURAL QUE CELEBRAN LA UNIVERSIDAD NACIONAL DE SAN AGUST\u00cdN DE AREQUIPA (PER\u00da) Y LA UNIVERSIDAD NACIONAL DIEGO QUISPE TITO (CUSCO, PER\u00da)\u00bb<\/p>\n<p>Docentes responsables y\u00a0 coordinadores del convenio: Mg. Jos\u00e9 Andr\u00e9s Lara Quilla y Mag. Rose Marie Torres Pinto.<\/p>\n<p><a href=\"https:\/\/ffh.unsa.edu.pe\/artes\/wp-content\/uploads\/sites\/2\/2023\/09\/CONVENIO-DIEGO-QUISPE-TITO-UNSA-RCU-367-2023.pdf\"><strong>VER M\u00c1S<\/strong><\/a><\/p>\n<hr \/>\n<h1>200 VOCES DEL BICENTENARIO<\/h1>\n<p>Evento organizado por la RPU (Red Peruana de Universidades) <a href=\"https:\/\/ffh.unsa.edu.pe\/artes\/200-voces-del-bicentenario\/\"><strong>LEER M\u00c1S<\/strong><\/a><\/p>\n<hr \/>\n<h1>RELACI\u00d3N DE CONVENIOS 2009 &#8211; 2022 UNSA<\/h1>\n<p class=\"p2\">La Oficina Universitaria de Cooperaci\u00f3n, Convenios, Relaciones Internacionales, Becas y Pasant\u00edas pone a disposici\u00f3n de los interesados los links de acceso a la relaci\u00f3n de convenios realizados por la UNSA entre los a\u00f1os 2009 a 2022. <strong><a href=\"https:\/\/ffh.unsa.edu.pe\/artes\/links-de-acceso-convenios\/\">LEER M\u00c1S<\/a><\/strong><\/p>\n<hr \/>\n<p>&nbsp;<\/p>\n","protected":false},"excerpt":{"rendered":"<p>PROGRAMA DE INTERNACIONALIZACI\u00d3N VIRTUAL ESTUDIANTIL PIVE 2023 CONVENIO DE LA UNIVERSIDAD NACIONAL DE SAN AGUSTIN DE AREQUIPA Y LA UNIVERSIDAD NACIONAL DIEGO QUISPE TITO (CUSCO) Se aprueba el \u00abCONVENIO MARCO DE COOPERACI\u00d3N ACAD\u00c9MICA, CIENT\u00cdFICA Y CULTURAL QUE CELEBRAN LA UNIVERSIDAD NACIONAL DE SAN AGUST\u00cdN DE AREQUIPA (PER\u00da) Y LA UNIVERSIDAD NACIONAL DIEGO QUISPE TITO (CUSCO, [&hellip;]<\/p>\n","protected":false},"author":9,"featured_media":0,"parent":0,"menu_order":0,"comment_status":"closed","ping_status":"closed","template":"","meta":{"_acf_changed":false,"footnotes":""},"class_list":["post-3372","page","type-page","status-publish","hentry"],"acf":[],"_links":{"self":[{"href":"https:\/\/ffh.unsa.edu.pe\/artes\/wp-json\/wp\/v2\/pages\/3372","targetHints":{"allow":["GET"]}}],"collection":[{"href":"https:\/\/ffh.unsa.edu.pe\/artes\/wp-json\/wp\/v2\/pages"}],"about":[{"href":"https:\/\/ffh.unsa.edu.pe\/artes\/wp-json\/wp\/v2\/types\/page"}],"author":[{"embeddable":true,"href":"https:\/\/ffh.unsa.edu.pe\/artes\/wp-json\/wp\/v2\/users\/9"}],"replies":[{"embeddable":true,"href":"https:\/\/ffh.unsa.edu.pe\/artes\/wp-json\/wp\/v2\/comments?post=3372"}],"version-history":[{"count":17,"href":"https:\/\/ffh.unsa.edu.pe\/artes\/wp-json\/wp\/v2\/pages\/3372\/revisions"}],"predecessor-version":[{"id":3669,"href":"https:\/\/ffh.unsa.edu.pe\/artes\/wp-json\/wp\/v2\/pages\/3372\/revisions\/3669"}],"wp:attachment":[{"href":"https:\/\/ffh.unsa.edu.pe\/artes\/wp-json\/wp\/v2\/media?parent=3372"}],"curies":[{"name":"wp","href":"https:\/\/api.w.org\/{rel}","templated":true}]}}