{"id":3433,"date":"2022-09-01T14:02:41","date_gmt":"2022-09-01T19:02:41","guid":{"rendered":"https:\/\/ffh.unsa.edu.pe\/artes\/?page_id=3433"},"modified":"2022-09-01T14:38:16","modified_gmt":"2022-09-01T19:38:16","slug":"programa-de-tutoria-2022","status":"publish","type":"page","link":"https:\/\/ffh.unsa.edu.pe\/artes\/programa-de-tutoria-2022\/","title":{"rendered":"PROGRAMA DE TUTOR\u00cdA 2022"},"content":{"rendered":"<h4>El objetivo del Programa de Tutor\u00eda es acompa\u00f1ar a los estudiantes de pregrado durante su etapa universitaria, como acci\u00f3n inherente y complementaria de la labor docente, creando espacios para que los estudiantes puedan informarse, dialogar y reflexionar. Cuenta con un normatividad a trav\u00e9s de un reglamento y el apoyo de docentes tutores y asesores acad\u00e9micos<\/h4>\n<h5><a href=\"https:\/\/ffh.unsa.edu.pe\/artes\/wp-content\/uploads\/sites\/2\/2022\/09\/REGLAMENTO-DE-TUTORIA.pdf\" target=\"_blank\" rel=\"noopener\">REGLAMENTO<\/a><\/h5>\n<p style=\"text-align: center\"><strong>COMISI\u00d3N PERMANENTE DE TUTOR\u00cdA &#8211; ESPECIALIDAD DE M\u00daSICA DE LA ESCUELA<\/strong><br \/>\n<strong>PROFESIONAL DE ARTES:<\/strong><\/p>\n<p>Presidente:<\/p>\n<p>Mg. Carlos Otto Fern\u00e1ndez Suarez<\/p>\n<p>Integrantes:<\/p>\n<p>Dra. Daysi Evelyn Rojas Mamani<br \/>\nLic. Gissela Marivel Llica Yaguno<br \/>\nMg. Jos\u00e9 Antonio Flores Calisaya<\/p>\n<p style=\"text-align: center\"><strong>COMISI\u00d3N PERMANENTE DE TUTOR\u00cdA &#8211; ESPECIALIDAD DE PL\u00c1STICAS DE LA ESCUELA<\/strong><br \/>\n<strong>PROFESIONAL DE ARTES:<\/strong><\/p>\n<p>Presidente:<\/p>\n<p>Mg. Slink Due\u00f1as Silva.<\/p>\n<p>Integrantes:<\/p>\n<p>Mg. Lenka Rossana Trevi\u00f1o Mario<br \/>\nLic. Carlos Clavijo Velarde<\/p>\n<p>&nbsp;<\/p>\n","protected":false},"excerpt":{"rendered":"<p>El objetivo del Programa de Tutor\u00eda es acompa\u00f1ar a los estudiantes de pregrado durante su etapa universitaria, como acci\u00f3n inherente y complementaria de la labor docente, creando espacios para que los estudiantes puedan informarse, dialogar y reflexionar. Cuenta con un normatividad a trav\u00e9s de un reglamento y el apoyo de docentes tutores y asesores acad\u00e9micos [&hellip;]<\/p>\n","protected":false},"author":9,"featured_media":0,"parent":0,"menu_order":0,"comment_status":"closed","ping_status":"closed","template":"","meta":{"_acf_changed":false,"footnotes":""},"class_list":["post-3433","page","type-page","status-publish","hentry"],"acf":[],"_links":{"self":[{"href":"https:\/\/ffh.unsa.edu.pe\/artes\/wp-json\/wp\/v2\/pages\/3433","targetHints":{"allow":["GET"]}}],"collection":[{"href":"https:\/\/ffh.unsa.edu.pe\/artes\/wp-json\/wp\/v2\/pages"}],"about":[{"href":"https:\/\/ffh.unsa.edu.pe\/artes\/wp-json\/wp\/v2\/types\/page"}],"author":[{"embeddable":true,"href":"https:\/\/ffh.unsa.edu.pe\/artes\/wp-json\/wp\/v2\/users\/9"}],"replies":[{"embeddable":true,"href":"https:\/\/ffh.unsa.edu.pe\/artes\/wp-json\/wp\/v2\/comments?post=3433"}],"version-history":[{"count":12,"href":"https:\/\/ffh.unsa.edu.pe\/artes\/wp-json\/wp\/v2\/pages\/3433\/revisions"}],"predecessor-version":[{"id":3447,"href":"https:\/\/ffh.unsa.edu.pe\/artes\/wp-json\/wp\/v2\/pages\/3433\/revisions\/3447"}],"wp:attachment":[{"href":"https:\/\/ffh.unsa.edu.pe\/artes\/wp-json\/wp\/v2\/media?parent=3433"}],"curies":[{"name":"wp","href":"https:\/\/api.w.org\/{rel}","templated":true}]}}