{"id":3678,"date":"2023-09-27T09:07:34","date_gmt":"2023-09-27T14:07:34","guid":{"rendered":"https:\/\/ffh.unsa.edu.pe\/artes\/?page_id=3678"},"modified":"2023-09-27T09:13:21","modified_gmt":"2023-09-27T14:13:21","slug":"documentos-de-interes","status":"publish","type":"page","link":"https:\/\/ffh.unsa.edu.pe\/artes\/documentos-de-interes\/","title":{"rendered":"Documentos de inter\u00e9s"},"content":{"rendered":"<h4>&#8211; RCU 005-2020 &#8211; Se resuelve aprobar la modificaci\u00f3n de los planes de estudios de la Facultad de Medicina, Facultad de Enfermer\u00eda y de la Escuela Profesional de Artes: M\u00fasica.<\/h4>\n<h5><a href=\"https:\/\/ffh.unsa.edu.pe\/artes\/wp-content\/uploads\/sites\/2\/2023\/09\/RCU-005-2020-NUEVO-PLAN-DE-ESTUDIOS-1.pdf\" target=\"_blank\" rel=\"noopener\"><strong>VER RESOLUCI\u00d3N<\/strong><\/a><\/h5>\n<hr \/>\n<p>&nbsp;<\/p>\n","protected":false},"excerpt":{"rendered":"<p>&#8211; RCU 005-2020 &#8211; Se resuelve aprobar la modificaci\u00f3n de los planes de estudios de la Facultad de Medicina, Facultad de Enfermer\u00eda y de la Escuela Profesional de Artes: M\u00fasica. VER RESOLUCI\u00d3N &nbsp;<\/p>\n","protected":false},"author":9,"featured_media":0,"parent":0,"menu_order":0,"comment_status":"closed","ping_status":"closed","template":"","meta":{"_acf_changed":false,"footnotes":""},"class_list":["post-3678","page","type-page","status-publish","hentry"],"acf":[],"_links":{"self":[{"href":"https:\/\/ffh.unsa.edu.pe\/artes\/wp-json\/wp\/v2\/pages\/3678","targetHints":{"allow":["GET"]}}],"collection":[{"href":"https:\/\/ffh.unsa.edu.pe\/artes\/wp-json\/wp\/v2\/pages"}],"about":[{"href":"https:\/\/ffh.unsa.edu.pe\/artes\/wp-json\/wp\/v2\/types\/page"}],"author":[{"embeddable":true,"href":"https:\/\/ffh.unsa.edu.pe\/artes\/wp-json\/wp\/v2\/users\/9"}],"replies":[{"embeddable":true,"href":"https:\/\/ffh.unsa.edu.pe\/artes\/wp-json\/wp\/v2\/comments?post=3678"}],"version-history":[{"count":5,"href":"https:\/\/ffh.unsa.edu.pe\/artes\/wp-json\/wp\/v2\/pages\/3678\/revisions"}],"predecessor-version":[{"id":3685,"href":"https:\/\/ffh.unsa.edu.pe\/artes\/wp-json\/wp\/v2\/pages\/3678\/revisions\/3685"}],"wp:attachment":[{"href":"https:\/\/ffh.unsa.edu.pe\/artes\/wp-json\/wp\/v2\/media?parent=3678"}],"curies":[{"name":"wp","href":"https:\/\/api.w.org\/{rel}","templated":true}]}}