{"id":3692,"date":"2023-09-27T10:18:05","date_gmt":"2023-09-27T15:18:05","guid":{"rendered":"https:\/\/ffh.unsa.edu.pe\/artes\/?page_id=3692"},"modified":"2025-09-04T11:43:38","modified_gmt":"2025-09-04T16:43:38","slug":"programa-de-tutoria-2023","status":"publish","type":"page","link":"https:\/\/ffh.unsa.edu.pe\/artes\/programa-de-tutoria-2023\/","title":{"rendered":"Programa de Tutot\u00eda 2023"},"content":{"rendered":"<p class=\"p1\" style=\"text-align: center\"><span class=\"s1\">El objetivo del Programa de Tutor\u00eda es acompa\u00f1ar a los estudiantes de pregrado durante su etapa universitaria, como acci\u00f3n inherente y complementaria de la labor docente, creando espacios para que los estudiantes puedan informarse, dialogar y reflexionar.\u00a0<\/span><\/p>\n<p style=\"text-align: center\">La comisi\u00f3n permanente de Tutor\u00eda de la Escuela Profesional de Artes ha elaborado el Plan de Trabajo Anual del Programa de Tutor\u00eda, el cual establece las l\u00edneas generales de las\u00a0 fases del proceso de tutor\u00eda para el a\u00f1o 2023.<\/p>\n<h6 style=\"text-align: center\"><a href=\"https:\/\/ffh.unsa.edu.pe\/artes\/wp-content\/uploads\/sites\/2\/2023\/09\/PLAN-ANUAL-COMISIO\u0301N-TUTORI\u0301A-2023-ARTES-MU\u0301SICA-Y-PLA\u0301STICAS.pdf\" target=\"_blank\" rel=\"noopener\">VER PLAN DE TRABAJO 2023<\/a><\/h6>\n<p><img loading=\"lazy\" decoding=\"async\" class=\"aligncenter size-full wp-image-3695\" src=\"https:\/\/ffh.unsa.edu.pe\/artes\/wp-content\/uploads\/sites\/2\/2023\/09\/TUTOPlasticas-2023.jpg\" alt=\"\" width=\"610\" height=\"358\" \/><\/p>\n<p>&nbsp;<\/p>\n<p><img loading=\"lazy\" decoding=\"async\" class=\"aligncenter size-full wp-image-3696\" src=\"https:\/\/ffh.unsa.edu.pe\/artes\/wp-content\/uploads\/sites\/2\/2023\/09\/TUTOMusica2023.jpg\" alt=\"\" width=\"610\" height=\"354\" \/><\/p>\n","protected":false},"excerpt":{"rendered":"<p>El objetivo del Programa de Tutor\u00eda es acompa\u00f1ar a los estudiantes de pregrado durante su etapa universitaria, como acci\u00f3n inherente y complementaria de la labor docente, creando espacios para que los estudiantes puedan informarse, dialogar y reflexionar.\u00a0 La comisi\u00f3n permanente de Tutor\u00eda de la Escuela Profesional de Artes ha elaborado el Plan de Trabajo Anual [&hellip;]<\/p>\n","protected":false},"author":9,"featured_media":0,"parent":0,"menu_order":0,"comment_status":"closed","ping_status":"closed","template":"","meta":{"_acf_changed":false,"footnotes":""},"class_list":["post-3692","page","type-page","status-publish","hentry"],"acf":[],"_links":{"self":[{"href":"https:\/\/ffh.unsa.edu.pe\/artes\/wp-json\/wp\/v2\/pages\/3692","targetHints":{"allow":["GET"]}}],"collection":[{"href":"https:\/\/ffh.unsa.edu.pe\/artes\/wp-json\/wp\/v2\/pages"}],"about":[{"href":"https:\/\/ffh.unsa.edu.pe\/artes\/wp-json\/wp\/v2\/types\/page"}],"author":[{"embeddable":true,"href":"https:\/\/ffh.unsa.edu.pe\/artes\/wp-json\/wp\/v2\/users\/9"}],"replies":[{"embeddable":true,"href":"https:\/\/ffh.unsa.edu.pe\/artes\/wp-json\/wp\/v2\/comments?post=3692"}],"version-history":[{"count":6,"href":"https:\/\/ffh.unsa.edu.pe\/artes\/wp-json\/wp\/v2\/pages\/3692\/revisions"}],"predecessor-version":[{"id":4432,"href":"https:\/\/ffh.unsa.edu.pe\/artes\/wp-json\/wp\/v2\/pages\/3692\/revisions\/4432"}],"wp:attachment":[{"href":"https:\/\/ffh.unsa.edu.pe\/artes\/wp-json\/wp\/v2\/media?parent=3692"}],"curies":[{"name":"wp","href":"https:\/\/api.w.org\/{rel}","templated":true}]}}