{"id":3784,"date":"2024-06-08T05:48:13","date_gmt":"2024-06-08T10:48:13","guid":{"rendered":"https:\/\/ffh.unsa.edu.pe\/artes\/?page_id=3784"},"modified":"2024-07-01T10:34:23","modified_gmt":"2024-07-01T15:34:23","slug":"iii-coloquio-de-estudiantes-de-investigacion-musical-2023","status":"publish","type":"page","link":"https:\/\/ffh.unsa.edu.pe\/artes\/iii-coloquio-de-estudiantes-de-investigacion-musical-2023\/","title":{"rendered":"III COLOQUIO DE ESTUDIANTES DE INVESTIGACI\u00d3N MUSICAL &#8211; 2023"},"content":{"rendered":"<h5 style=\"text-align: center\"><\/h5>\n<h5 style=\"text-align: center\"><strong>PROGRAMA DE ESTUDIOS DE ARTES CON ESPECIALIDAD DE M\u00daSICA<\/strong><\/h5>\n<h3 style=\"text-align: center\"><strong>III COLOQUIO DE ESTUDIANTES DE INVESTIGACI\u00d3N MUSICAL &#8211; 2023<\/strong><\/h3>\n<p class=\"p1\" style=\"text-align: center\"><strong><span class=\"s1\">30 de enero y 1 de febrero de 2024.<\/span><\/strong><\/p>\n<p>&nbsp;<\/p>\n<h2 style=\"text-align: center\"><strong><span class=\"s1\">1. Pfocori Choque, Patricia Erika y Paredes Camacho, Josean.<\/span><\/strong><\/h2>\n<p class=\"p1\" style=\"text-align: center\"><strong><span class=\"s1\">\u201cEl papel de la motivaci\u00f3n intr\u00ednseca en el desarrollo musical de los estudiantes de la escuela de artes de la Universidad Nacional de San Agust\u00edn: Estrategias para fomentar niveles \u00f3ptimos en el contexto educativo\u201d. <a href=\"https:\/\/ffh.unsa.edu.pe\/artes\/resumen-pfocori-y-paredes\/\">VER RESUMEN<\/a><\/span><\/strong><\/p>\n<p class=\"p1\"><img loading=\"lazy\" decoding=\"async\" class=\"aligncenter wp-image-3790\" src=\"https:\/\/ffh.unsa.edu.pe\/artes\/wp-content\/uploads\/sites\/2\/2024\/06\/1.-Pfocori-y-Paredes.jpg\" alt=\"\" width=\"880\" height=\"2199\" \/><\/p>\n<hr \/>\n<h2 style=\"text-align: center\"><strong><span class=\"s1\">2. Garcia Apaza, Katihusca Luisa.<\/span><\/strong><\/h2>\n<p class=\"p1\" style=\"text-align: center\"><strong><span class=\"s1\">\u00abEstrategias de aprendizaje en la c\u00e1tedra de violonchelo de la EPA-UNSA (2023 &#8211; 2024)\u00bb. <\/span><a href=\"https:\/\/ffh.unsa.edu.pe\/artes\/resumen-garcia-apaza-katihusca-luisa\/\">VER RESUMEN<\/a><\/strong><\/p>\n<p><img loading=\"lazy\" decoding=\"async\" class=\"aligncenter wp-image-3799\" src=\"https:\/\/ffh.unsa.edu.pe\/artes\/wp-content\/uploads\/sites\/2\/2024\/06\/2.-Afiche-de-ponencia-Katihusca-Luisa-Garcia-Apaza.jpg\" alt=\"\" width=\"868\" height=\"2169\" \/><\/p>\n<hr \/>\n<h2 class=\"p1\" style=\"text-align: center\"><strong>3. <span class=\"s1\">Vizcarra Z\u00e1rate, <\/span><span class=\"s1\">Mar\u00eda Luisa\u00a0<\/span><\/strong><\/h2>\n<p class=\"p1\" style=\"text-align: center\"><strong><span class=\"s1\">\u00abActividad esc\u00e9nico l\u00edrica, desarrollo y producci\u00f3n de la Escuela Profesional de Artes de la UNSA desde 1986 al 2022\u00bb. <a href=\"https:\/\/ffh.unsa.edu.pe\/artes\/resumen-vizcarra-zarate-maria-luisa\/\">VER RESUMEN<\/a><\/span><\/strong><\/p>\n<p><img loading=\"lazy\" decoding=\"async\" class=\"aligncenter wp-image-3802\" src=\"https:\/\/ffh.unsa.edu.pe\/artes\/wp-content\/uploads\/sites\/2\/2024\/06\/3.-Afiche-ponencia-Mari\u0301a-Luisa-Vizcarra-Za\u0301rate.jpg\" alt=\"\" width=\"866\" height=\"1225\" srcset=\"https:\/\/ffh.unsa.edu.pe\/artes\/wp-content\/uploads\/sites\/2\/2024\/06\/3.-Afiche-ponencia-Mari\u0301a-Luisa-Vizcarra-Za\u0301rate.jpg 827w, https:\/\/ffh.unsa.edu.pe\/artes\/wp-content\/uploads\/sites\/2\/2024\/06\/3.-Afiche-ponencia-Mari\u0301a-Luisa-Vizcarra-Za\u0301rate-768x1087.jpg 768w\" sizes=\"auto, (max-width: 866px) 100vw, 866px\" \/><\/p>\n<hr \/>\n<h2 style=\"text-align: center\"><strong>4. <span class=\"s1\">Surco Martinez, <\/span><span class=\"s1\">Daniel Andre\u00a0<\/span><\/strong><\/h2>\n<p class=\"p1\" style=\"text-align: center\"><strong><span class=\"s1\">\u00abInfraestructura para el desarrollo musical en la ciudad de Arequipa (2010 \u2013 2020).\u00bb <a href=\"https:\/\/ffh.unsa.edu.pe\/artes\/resumen-surco-martinez-daniel-andre\/\">VER RESUMEN<\/a><\/span><\/strong><\/p>\n<p><img loading=\"lazy\" decoding=\"async\" class=\"aligncenter wp-image-3810\" src=\"https:\/\/ffh.unsa.edu.pe\/artes\/wp-content\/uploads\/sites\/2\/2024\/06\/4.-Afiche-ponencia-Daniel-Andre-Surco-Martinez.jpg\" alt=\"\" width=\"871\" height=\"1741\" \/><\/p>\n<hr \/>\n<h2 class=\"p1\" style=\"text-align: center\"><strong><span class=\"s1\">5. Luna Flores, George Raynor.<\/span><\/strong><\/h2>\n<p class=\"p1\" style=\"text-align: center\"><strong><span class=\"s1\">\u00abAn\u00e1lisis de la implementaci\u00f3n de nuevas estrategias para la ense\u00f1anza de oboe en la ciudad de Arequipa y su impacto en el aprendizaje de estudiantes\u00bb. <a href=\"https:\/\/ffh.unsa.edu.pe\/artes\/luna-flores-george-raynor\/\">VER RESUMEN<\/a><\/span><\/strong><\/p>\n<p><img loading=\"lazy\" decoding=\"async\" class=\"aligncenter size-full wp-image-3818\" src=\"https:\/\/ffh.unsa.edu.pe\/artes\/wp-content\/uploads\/sites\/2\/2024\/06\/5.-Luna-Poster-Cientifico.jpg\" alt=\"\" width=\"1190\" height=\"1682\" srcset=\"https:\/\/ffh.unsa.edu.pe\/artes\/wp-content\/uploads\/sites\/2\/2024\/06\/5.-Luna-Poster-Cientifico.jpg 1190w, https:\/\/ffh.unsa.edu.pe\/artes\/wp-content\/uploads\/sites\/2\/2024\/06\/5.-Luna-Poster-Cientifico-768x1086.jpg 768w, https:\/\/ffh.unsa.edu.pe\/artes\/wp-content\/uploads\/sites\/2\/2024\/06\/5.-Luna-Poster-Cientifico-1087x1536.jpg 1087w\" sizes=\"auto, (max-width: 1190px) 100vw, 1190px\" \/><\/p>\n<hr \/>\n<h2 style=\"text-align: center\"><strong>6. <span class=\"s1\">Neyra Apaza, Renato Raul.<\/span><\/strong><\/h2>\n<p class=\"p1\" style=\"text-align: center\"><strong><span class=\"s1\">\u00abEl autoaprendizaje y su relaci\u00f3n con el m\u00e9todo educativo convencional de teor\u00eda y producci\u00f3n musical de j\u00f3venes en Arequipa en el a\u00f1o 2023\u00bb. <a href=\"https:\/\/ffh.unsa.edu.pe\/artes\/resumen-neyra-apaza-renato-raul\/\">VER RESUMEN<\/a><\/span><\/strong><\/p>\n<p><img loading=\"lazy\" decoding=\"async\" class=\"aligncenter wp-image-3823\" src=\"https:\/\/ffh.unsa.edu.pe\/artes\/wp-content\/uploads\/sites\/2\/2024\/06\/6.-Neyra.jpg\" alt=\"\" width=\"1143\" height=\"1905\" \/><\/p>\n<hr \/>\n<h2 style=\"text-align: center\"><strong>7. <span class=\"s1\">Calderon Pari, <\/span><span class=\"s1\">Roberto Rodrigo\u00a0<\/span><\/strong><\/h2>\n<p class=\"p1\" style=\"text-align: center\"><strong><span class=\"s1\">\u00abComposici\u00f3n musical de los estudiantes de m\u00fasica de la escuela profesional de Artes de la UNSA entre los a\u00f1os 2019-2023\u00bb. <a href=\"https:\/\/ffh.unsa.edu.pe\/artes\/resumen-calderon-pari-roberto-rodrigo\/\">VER RESUMEN<\/a><\/span><\/strong><\/p>\n<p><img loading=\"lazy\" decoding=\"async\" class=\"aligncenter wp-image-3825\" src=\"https:\/\/ffh.unsa.edu.pe\/artes\/wp-content\/uploads\/sites\/2\/2024\/06\/7.-Caldero\u0301n.jpg\" alt=\"\" width=\"1119\" height=\"2796\" \/><\/p>\n<hr \/>\n<h2 style=\"text-align: center\"><strong>8. D<span class=\"s1\">el Aguila Cahuana, <\/span><span class=\"s1\">Miguel Angel.\u00a0<\/span><\/strong><\/h2>\n<p class=\"p1\" style=\"text-align: center\"><strong><span class=\"s1\">\u00abEl rol de la m\u00fasica en la construcci\u00f3n de una memoria hist\u00f3rica en el Per\u00fa: El caso del \u00e1lbum \u201cM\u00e1s poder\u201d de la Sarita. <a href=\"https:\/\/ffh.unsa.edu.pe\/artes\/resumen-del-aguila-cahuana-miguel-angel\/\">VER RESUMEN<\/a><\/span><\/strong><\/p>\n<p><img loading=\"lazy\" decoding=\"async\" class=\"aligncenter wp-image-3835\" src=\"https:\/\/ffh.unsa.edu.pe\/artes\/wp-content\/uploads\/sites\/2\/2024\/06\/8.-Afiche-de-ponencia-Miguel-Angel-Del-Aguila-Cahuana.jpg\" alt=\"\" width=\"1108\" height=\"2768\" \/><\/p>\n<hr \/>\n<h2 style=\"text-align: center\"><strong>9. <span class=\"s1\">Quica\u00f1o Quispe, Winy Karol.<\/span><\/strong><\/h2>\n<p class=\"p1\" style=\"text-align: center\"><strong><span class=\"s1\">\u00abS\u00edlabos transformando m\u00fasicos: explorando el impacto en estudiantes de clarinete de la EPA de la UNSA entre el a\u00f1o 2017-2022\u00bb. <a href=\"https:\/\/ffh.unsa.edu.pe\/artes\/resumen-quicano-quispe-winy-karol\/\">VER RESUMEN<\/a><\/span><\/strong><\/p>\n<p><img loading=\"lazy\" decoding=\"async\" class=\"aligncenter wp-image-3844\" src=\"https:\/\/ffh.unsa.edu.pe\/artes\/wp-content\/uploads\/sites\/2\/2024\/06\/9.-Infografi\u0301a-coloquio-WKarol-Quican\u0303o.jpg\" alt=\"\" width=\"1100\" height=\"2198\" \/><\/p>\n<p>&nbsp;<\/p>\n<hr \/>\n<h2 class=\"p1\" style=\"text-align: center\"><strong><span class=\"s1\">10. <\/span><\/strong><strong><span class=\"s1\">Fern\u00e1ndez Flores, <\/span><\/strong><strong><span class=\"s1\">Fiorella Lizeth\u00a0<\/span><\/strong><\/h2>\n<p class=\"p1\" style=\"text-align: center\"><strong><span class=\"s1\">\u00abMujeres compositoras arequipe\u00f1as de los siglos XIX y XX\u00bb. <a href=\"https:\/\/ffh.unsa.edu.pe\/artes\/resumen-fernandez-flores-fiorella-lizeth\/\">VER RESUMEN<\/a><\/span><\/strong><\/p>\n<p class=\"p1\"><img loading=\"lazy\" decoding=\"async\" class=\"aligncenter size-full wp-image-3854\" src=\"https:\/\/ffh.unsa.edu.pe\/artes\/wp-content\/uploads\/sites\/2\/2024\/06\/10.-afiche-ponencia-Fiorella-Ferna\u0301ndez.jpg\" alt=\"\" width=\"1190\" height=\"1682\" srcset=\"https:\/\/ffh.unsa.edu.pe\/artes\/wp-content\/uploads\/sites\/2\/2024\/06\/10.-afiche-ponencia-Fiorella-Ferna\u0301ndez.jpg 1190w, https:\/\/ffh.unsa.edu.pe\/artes\/wp-content\/uploads\/sites\/2\/2024\/06\/10.-afiche-ponencia-Fiorella-Ferna\u0301ndez-768x1086.jpg 768w, https:\/\/ffh.unsa.edu.pe\/artes\/wp-content\/uploads\/sites\/2\/2024\/06\/10.-afiche-ponencia-Fiorella-Ferna\u0301ndez-1087x1536.jpg 1087w\" sizes=\"auto, (max-width: 1190px) 100vw, 1190px\" \/><\/p>\n<hr \/>\n<p>&nbsp;<\/p>\n<h2 style=\"text-align: center\"><strong>11. <span class=\"s1\">Montesinos \u00c1lvarez, <\/span><span class=\"s1\">Paolo C\u00e9sar\u00a0<\/span><\/strong><\/h2>\n<p class=\"p1\" style=\"text-align: center\"><span class=\"s1\">\u00abEstrategias pedag\u00f3gicas utilizadas en la c\u00e1tedra de Flauta Traversa en la Universidad Nacional de San Agust\u00edn de Arequipa entre el 2019 a 2023\u00bb.<strong> <a href=\"https:\/\/ffh.unsa.edu.pe\/artes\/resumen-montesinos-alvarez-paolo-cesar\/\">VER RESUMEN<\/a><\/strong><\/span><\/p>\n<h2 class=\"p1\" style=\"text-align: center\"><strong><img loading=\"lazy\" decoding=\"async\" class=\"aligncenter wp-image-3863\" src=\"https:\/\/ffh.unsa.edu.pe\/artes\/wp-content\/uploads\/sites\/2\/2024\/06\/11.-AFICHE-PAOLO-MONTESINOS.jpg\" alt=\"\" width=\"1204\" height=\"2408\" srcset=\"https:\/\/ffh.unsa.edu.pe\/artes\/wp-content\/uploads\/sites\/2\/2024\/06\/11.-AFICHE-PAOLO-MONTESINOS.jpg 850w, https:\/\/ffh.unsa.edu.pe\/artes\/wp-content\/uploads\/sites\/2\/2024\/06\/11.-AFICHE-PAOLO-MONTESINOS-768x1536.jpg 768w\" sizes=\"auto, (max-width: 1204px) 100vw, 1204px\" \/><br \/>\n<\/strong><\/h2>\n<hr \/>\n<p>&nbsp;<\/p>\n<h2 style=\"text-align: center\"><strong>12. <span class=\"s1\">Huamani Medina, Reyson\u00a0<\/span><\/strong><\/h2>\n<p class=\"p1\" style=\"text-align: center\"><span class=\"s1\">\u00ab<\/span><span class=\"s1\">Estrategias de ense\u00f1anza en bandas de m\u00fasica de secundaria 2023<\/span><span class=\"s1\">\u00ab. <strong><a href=\"https:\/\/ffh.unsa.edu.pe\/artes\/resumen-huamani-medina-reyson\/\">VER RESUMEN<\/a><\/strong><\/span><\/p>\n<h2><img loading=\"lazy\" decoding=\"async\" class=\"aligncenter size-full wp-image-3865\" src=\"https:\/\/ffh.unsa.edu.pe\/artes\/wp-content\/uploads\/sites\/2\/2024\/06\/12.-AFICHE-DE-COLOQUIO-REYSON-HUAMANI.jpg\" alt=\"\" width=\"1190\" height=\"1682\" srcset=\"https:\/\/ffh.unsa.edu.pe\/artes\/wp-content\/uploads\/sites\/2\/2024\/06\/12.-AFICHE-DE-COLOQUIO-REYSON-HUAMANI.jpg 1190w, https:\/\/ffh.unsa.edu.pe\/artes\/wp-content\/uploads\/sites\/2\/2024\/06\/12.-AFICHE-DE-COLOQUIO-REYSON-HUAMANI-768x1086.jpg 768w, https:\/\/ffh.unsa.edu.pe\/artes\/wp-content\/uploads\/sites\/2\/2024\/06\/12.-AFICHE-DE-COLOQUIO-REYSON-HUAMANI-1087x1536.jpg 1087w\" sizes=\"auto, (max-width: 1190px) 100vw, 1190px\" \/><\/h2>\n<h2 class=\"p1\" style=\"text-align: center\"><\/h2>\n<hr \/>\n<p class=\"p1\"><span class=\"s1\">\u00a0<\/span><\/p>\n<h2 style=\"text-align: center\"><strong>13. <span class=\"s1\">Mamani Canqui, Ed\u00fa Vidal<\/span><\/strong><\/h2>\n<p class=\"p1\" style=\"text-align: center\"><span class=\"s1\">\u00abEstrategias de ense\u00f1anza musical: estudio de su aplicaci\u00f3n en estudiantes de trompeta entre el a\u00f1o 2019-2022\u00bb. <strong><a href=\"https:\/\/ffh.unsa.edu.pe\/artes\/resumen-mamani-canqui-edu-vidal\/\">VER RESUMEN<\/a><\/strong><\/span><\/p>\n<h2 class=\"p1\" style=\"text-align: center\"><strong><img loading=\"lazy\" decoding=\"async\" class=\"aligncenter wp-image-3866\" src=\"https:\/\/ffh.unsa.edu.pe\/artes\/wp-content\/uploads\/sites\/2\/2024\/06\/13.-Edu-Mamani-afiche-coloquio.jpg\" alt=\"\" width=\"1190\" height=\"2973\" \/><br \/>\n<\/strong><\/h2>\n<hr \/>\n<h2 class=\"p1\" style=\"text-align: center\"><strong><span class=\"s1\">\u00a014. Soto Gonzales, Josue Brayan\u00a0<\/span><\/strong><\/h2>\n<p class=\"p1\" style=\"text-align: center\"><span class=\"s1\">\u00abTenosinovitis de quervain en flautistas: estudio, causas y prevenci\u00f3n\u00bb. <a href=\"https:\/\/ffh.unsa.edu.pe\/artes\/resumen-soto-gonzales-josue-brayan\/\"><strong>VER RESUMEN<\/strong><\/a><\/span><\/p>\n<h2 class=\"p1\" style=\"text-align: center\"><strong><img loading=\"lazy\" decoding=\"async\" class=\"aligncenter wp-image-3867\" src=\"https:\/\/ffh.unsa.edu.pe\/artes\/wp-content\/uploads\/sites\/2\/2024\/06\/14.-Afiche-Soto-Gonzales-Josue.jpg\" alt=\"\" width=\"1186\" height=\"2965\" \/><br \/>\n<\/strong><\/h2>\n<hr \/>\n<h2 style=\"text-align: center\"><strong>15. <span class=\"s1\">Cuadros Arenas, Favio Andre<\/span><\/strong><\/h2>\n<p class=\"p1\" style=\"text-align: center\"><span class=\"s1\">\u201cConstrucci\u00f3n de mallets para timbal sinf\u00f3nico con materiales locales de arequipa\u201d <strong><a href=\"https:\/\/ffh.unsa.edu.pe\/artes\/resumen-cuadros-arenas-favio-andre\/\">VER RESUMEN<\/a><\/strong><\/span><\/p>\n<h2 class=\"p1\" style=\"text-align: center\"><strong><img loading=\"lazy\" decoding=\"async\" class=\"aligncenter wp-image-3868\" src=\"https:\/\/ffh.unsa.edu.pe\/artes\/wp-content\/uploads\/sites\/2\/2024\/06\/15.-Afiche-de-ponencia-Favio-Cuadros-3-scaled.jpg\" alt=\"\" width=\"1187\" height=\"2793\" srcset=\"https:\/\/ffh.unsa.edu.pe\/artes\/wp-content\/uploads\/sites\/2\/2024\/06\/15.-Afiche-de-ponencia-Favio-Cuadros-3-scaled.jpg 1088w, https:\/\/ffh.unsa.edu.pe\/artes\/wp-content\/uploads\/sites\/2\/2024\/06\/15.-Afiche-de-ponencia-Favio-Cuadros-3-768x1807.jpg 768w, https:\/\/ffh.unsa.edu.pe\/artes\/wp-content\/uploads\/sites\/2\/2024\/06\/15.-Afiche-de-ponencia-Favio-Cuadros-3-653x1536.jpg 653w, https:\/\/ffh.unsa.edu.pe\/artes\/wp-content\/uploads\/sites\/2\/2024\/06\/15.-Afiche-de-ponencia-Favio-Cuadros-3-870x2048.jpg 870w\" sizes=\"auto, (max-width: 1187px) 100vw, 1187px\" \/><\/strong><\/h2>\n<hr \/>\n<h2 style=\"text-align: center\"><strong>16. <span class=\"s1\">Trujillo Capquequi, Juan Fredy<\/span><\/strong><\/h2>\n<p class=\"p1\" style=\"text-align: center\"><span class=\"s1\">\u00abEstrategias y m\u00e9todos para el desarrollo t\u00e9cnico \u2013 interpretativo empleado por los m\u00fasicos trompetistas de m\u00fasica popular de las agrupaciones musicales m\u00e1s renombradas de la ciudad de Arequipa en el a\u00f1o 2022\u00bb. <a href=\"https:\/\/ffh.unsa.edu.pe\/artes\/resumen-trujillo-capquequi-juan-fredy\/\"><strong>VER RESUMEN<\/strong><\/a><\/span><\/p>\n<h2 class=\"p1\" style=\"text-align: center\"><strong><img loading=\"lazy\" decoding=\"async\" class=\"aligncenter wp-image-3869\" src=\"https:\/\/ffh.unsa.edu.pe\/artes\/wp-content\/uploads\/sites\/2\/2024\/06\/16.-Trujillo-afiche-de-la-ponencia.jpg\" alt=\"\" width=\"1193\" height=\"1591\" srcset=\"https:\/\/ffh.unsa.edu.pe\/artes\/wp-content\/uploads\/sites\/2\/2024\/06\/16.-Trujillo-afiche-de-la-ponencia.jpg 960w, https:\/\/ffh.unsa.edu.pe\/artes\/wp-content\/uploads\/sites\/2\/2024\/06\/16.-Trujillo-afiche-de-la-ponencia-768x1024.jpg 768w\" sizes=\"auto, (max-width: 1193px) 100vw, 1193px\" \/><\/strong><\/h2>\n<hr \/>\n<h2 style=\"text-align: center\"><strong>17. <span class=\"s1\">Carbajal Meza, <\/span><span class=\"s1\">Diego Roberto\u00a0<\/span><\/strong><\/h2>\n<p class=\"p1\" style=\"text-align: center\"><span class=\"s1\">\u00abAn\u00e1lisis Comparativo de Se\u00f1ales An\u00e1logas y Digitales en Pedales de Efecto de Distorsi\u00f3n para Guitarra: Calidad de Sonido y Preferencias de Guitarristas\u00bb <a href=\"https:\/\/ffh.unsa.edu.pe\/artes\/resumen-carbajal-meza-diego-roberto\/\"><strong>VER RESUMEN<\/strong><\/a><\/span><\/p>\n<h2 class=\"p1\" style=\"text-align: center\"><strong><img loading=\"lazy\" decoding=\"async\" class=\"aligncenter wp-image-3870\" src=\"https:\/\/ffh.unsa.edu.pe\/artes\/wp-content\/uploads\/sites\/2\/2024\/06\/17.-Afiche-Diego-Roberto-Carbajal-Meza.jpg\" alt=\"\" width=\"1173\" height=\"1659\" srcset=\"https:\/\/ffh.unsa.edu.pe\/artes\/wp-content\/uploads\/sites\/2\/2024\/06\/17.-Afiche-Diego-Roberto-Carbajal-Meza.jpg 841w, https:\/\/ffh.unsa.edu.pe\/artes\/wp-content\/uploads\/sites\/2\/2024\/06\/17.-Afiche-Diego-Roberto-Carbajal-Meza-768x1087.jpg 768w\" sizes=\"auto, (max-width: 1173px) 100vw, 1173px\" \/><\/strong><\/h2>\n<hr \/>\n<h2 class=\"p1\" style=\"text-align: center\"><strong><span class=\"s1\">18. Condori Pacsi, Milagros Gabriela\u00a0<\/span><\/strong><\/h2>\n<p class=\"p1\" style=\"text-align: center\"><span class=\"s1\"><b>\u00ab<\/b>Efectos del estr\u00e9s en la pr\u00e1ctica instrumental de los estudiantes de violonchelo de la escuela profesional de artes de la Universidad Nacional de San Agust\u00edn, 2023&#8243;. <a href=\"https:\/\/ffh.unsa.edu.pe\/artes\/resumen-condori-pacsi-milagros-gabriela\/\"><strong>VER RESUMEN<\/strong><\/a><\/span><\/p>\n<h2 class=\"p1\" style=\"text-align: center\"><strong><img loading=\"lazy\" decoding=\"async\" class=\"aligncenter wp-image-3871\" src=\"https:\/\/ffh.unsa.edu.pe\/artes\/wp-content\/uploads\/sites\/2\/2024\/06\/18.-Condori-Pacsi.jpg\" alt=\"\" width=\"1168\" height=\"1653\" \/><\/strong><\/h2>\n<hr \/>\n<h2 class=\"p1\" style=\"text-align: center\"><strong><span class=\"s1\">19. Chambi Puma, David Antony\u00a0<\/span><\/strong><\/h2>\n<p class=\"p1\" style=\"text-align: center\"><span class=\"s1\">\u00abT\u00e9cnicas extendidas de la guitarra utilizadas en la c\u00e1tedra de Guitarra en la Universidad Nacional de San Agust\u00edn de Arequipa 2023\u00bb. <strong><a href=\"https:\/\/ffh.unsa.edu.pe\/artes\/resumen-chambi-puma-david-antony\/\">VER RESUMEN<\/a><\/strong><\/span><\/p>\n<h2 class=\"p1\" style=\"text-align: center\"><strong><img loading=\"lazy\" decoding=\"async\" class=\"aligncenter wp-image-3872\" src=\"https:\/\/ffh.unsa.edu.pe\/artes\/wp-content\/uploads\/sites\/2\/2024\/06\/19.-ChambiAFICHE-COLOQUIO.jpg\" alt=\"\" width=\"1162\" height=\"1504\" \/><\/strong><\/h2>\n<hr \/>\n<h2 class=\"p1\" style=\"text-align: center\"><strong><span class=\"s1\">20. <\/span><span class=\"s1\">Atamari Ticona, <\/span><span class=\"s1\">Harolk Josue <span class=\"Apple-converted-space\">\u00a0<\/span><\/span><\/strong><\/h2>\n<p class=\"p1\" style=\"text-align: center\"><span class=\"s1\"><b>\u00ab<\/b>Beneficios de la m\u00fasica G\u00f3spel en los percusionistas de la Universidad Nacional De San Agust\u00edn\u00bb. <a href=\"https:\/\/ffh.unsa.edu.pe\/artes\/resumen-atamari-ticona-harolk-josue\/\"><strong>VER RESUMEN<\/strong><\/a><\/span><\/p>\n<h2 class=\"p1\" style=\"text-align: center\"><span class=\"s1\"> <img loading=\"lazy\" decoding=\"async\" class=\"aligncenter wp-image-3873\" src=\"https:\/\/ffh.unsa.edu.pe\/artes\/wp-content\/uploads\/sites\/2\/2024\/06\/20.-AFICHE-HAROLK-ATAMARI-GOSPEL.jpg\" alt=\"\" width=\"1166\" height=\"2913\" \/><\/span><\/h2>\n<p>&nbsp;<\/p>\n<hr \/>\n<h2 class=\"p1\" style=\"text-align: center\"><strong><span class=\"s1\">21. Zamata Jaquehua, Joseth Arnold\u00a0<\/span><\/strong><\/h2>\n<p class=\"p1\" style=\"text-align: center\"><span class=\"s1\">\u00abDeserci\u00f3n acad\u00e9mica en especialidades interpretativas en el programa de m\u00fasica de la unsa entre 2021 y 2022\u00bb. <a href=\"https:\/\/ffh.unsa.edu.pe\/artes\/resumen-zamata-jaquehua-joseth-arnold\/\"><strong>VER RESUMEN<\/strong><\/a><\/span><\/p>\n<h2 class=\"p1\" style=\"text-align: center\"><strong><img loading=\"lazy\" decoding=\"async\" class=\"aligncenter size-full wp-image-3874\" src=\"https:\/\/ffh.unsa.edu.pe\/artes\/wp-content\/uploads\/sites\/2\/2024\/06\/21.-Afiche-Joseth-Arnold-Zamata-Jaquehua.jpg\" alt=\"\" width=\"1190\" height=\"1682\" srcset=\"https:\/\/ffh.unsa.edu.pe\/artes\/wp-content\/uploads\/sites\/2\/2024\/06\/21.-Afiche-Joseth-Arnold-Zamata-Jaquehua.jpg 1190w, https:\/\/ffh.unsa.edu.pe\/artes\/wp-content\/uploads\/sites\/2\/2024\/06\/21.-Afiche-Joseth-Arnold-Zamata-Jaquehua-768x1086.jpg 768w, https:\/\/ffh.unsa.edu.pe\/artes\/wp-content\/uploads\/sites\/2\/2024\/06\/21.-Afiche-Joseth-Arnold-Zamata-Jaquehua-1087x1536.jpg 1087w\" sizes=\"auto, (max-width: 1190px) 100vw, 1190px\" \/><\/strong><\/h2>\n<hr \/>\n<h2 class=\"p1\" style=\"text-align: center\"><span class=\"s1\"><strong>22. Maquera Gonzalo, Christian Fernando<\/strong> <span class=\"Apple-converted-space\">\u00a0<\/span><\/span><\/h2>\n<p class=\"p1\" style=\"text-align: center\"><span class=\"s1\"><b>\u00ab<\/b>Estrategias de improvisaci\u00f3n en el Guaguanc\u00f3 en Arequipa 2021-2022&#8243;. <a href=\"https:\/\/ffh.unsa.edu.pe\/artes\/resumen-maquera-gonzalo-christian-fernando\/\"><strong>VER RESUMEN<\/strong><\/a><\/span><\/p>\n<h2 class=\"p1\" style=\"text-align: center\"><strong><img loading=\"lazy\" decoding=\"async\" class=\"aligncenter wp-image-3875\" src=\"https:\/\/ffh.unsa.edu.pe\/artes\/wp-content\/uploads\/sites\/2\/2024\/06\/22.-Infografi\u0301a-investigacio\u0301n-Christian-Maquera.jpg\" alt=\"\" width=\"1157\" height=\"2891\" \/><br \/>\n<\/strong><\/h2>\n<p>&nbsp;<\/p>\n<hr \/>\n<p>&nbsp;<\/p>\n<p>&nbsp;<\/p>\n<p>&nbsp;<\/p>\n<p>&nbsp;<\/p>\n<p>&nbsp;<\/p>\n","protected":false},"excerpt":{"rendered":"<p>PROGRAMA DE ESTUDIOS DE ARTES CON ESPECIALIDAD DE M\u00daSICA III COLOQUIO DE ESTUDIANTES DE INVESTIGACI\u00d3N MUSICAL &#8211; 2023 30 de enero y 1 de febrero de 2024. &nbsp; 1. Pfocori Choque, Patricia Erika y Paredes Camacho, Josean. \u201cEl papel de la motivaci\u00f3n intr\u00ednseca en el desarrollo musical de los estudiantes de la escuela de artes [&hellip;]<\/p>\n","protected":false},"author":9,"featured_media":0,"parent":0,"menu_order":0,"comment_status":"closed","ping_status":"closed","template":"","meta":{"_acf_changed":false,"footnotes":""},"class_list":["post-3784","page","type-page","status-publish","hentry"],"acf":[],"_links":{"self":[{"href":"https:\/\/ffh.unsa.edu.pe\/artes\/wp-json\/wp\/v2\/pages\/3784","targetHints":{"allow":["GET"]}}],"collection":[{"href":"https:\/\/ffh.unsa.edu.pe\/artes\/wp-json\/wp\/v2\/pages"}],"about":[{"href":"https:\/\/ffh.unsa.edu.pe\/artes\/wp-json\/wp\/v2\/types\/page"}],"author":[{"embeddable":true,"href":"https:\/\/ffh.unsa.edu.pe\/artes\/wp-json\/wp\/v2\/users\/9"}],"replies":[{"embeddable":true,"href":"https:\/\/ffh.unsa.edu.pe\/artes\/wp-json\/wp\/v2\/comments?post=3784"}],"version-history":[{"count":44,"href":"https:\/\/ffh.unsa.edu.pe\/artes\/wp-json\/wp\/v2\/pages\/3784\/revisions"}],"predecessor-version":[{"id":3925,"href":"https:\/\/ffh.unsa.edu.pe\/artes\/wp-json\/wp\/v2\/pages\/3784\/revisions\/3925"}],"wp:attachment":[{"href":"https:\/\/ffh.unsa.edu.pe\/artes\/wp-json\/wp\/v2\/media?parent=3784"}],"curies":[{"name":"wp","href":"https:\/\/api.w.org\/{rel}","templated":true}]}}