{"id":3807,"date":"2024-06-08T09:27:03","date_gmt":"2024-06-08T14:27:03","guid":{"rendered":"https:\/\/ffh.unsa.edu.pe\/artes\/?page_id=3807"},"modified":"2024-06-08T09:27:03","modified_gmt":"2024-06-08T14:27:03","slug":"resumen-surco-martinez-daniel-andre","status":"publish","type":"page","link":"https:\/\/ffh.unsa.edu.pe\/artes\/resumen-surco-martinez-daniel-andre\/","title":{"rendered":"Resumen Surco Martinez, Daniel Andre"},"content":{"rendered":"<p><b>III COLOQUIO DE ESTUDIANTES DE INVESTIGACI\u00d3N MUSICAL \u2013 2023<\/b><\/p>\n<p><strong>Surco Martinez, Daniel Andre <\/strong><\/p>\n<p><span class=\"s1\">\u00ab<\/span><span class=\"s1\">Infraestructura para el desarrollo musical en la ciudad de Arequipa (2010 \u2013 2020).<\/span><span class=\"s1\">\u00bb\u00a0<\/span><\/p>\n<p class=\"p1\"><span class=\"s1\"><b>Resumen<\/b><\/span><\/p>\n<p class=\"p3\"><span class=\"s1\">La m\u00fasica y la arquitectura comparten conceptos desde las antiguas civilizaciones lo que las complementa e inspira una a la otra, la m\u00fasica se escucha sobre el tiempo mientras que la arquitectura se percibe en el espacio (Garfias, 2019). La forma de estos espacios destinados a las actividades esc\u00e9nicas y musicales han ido cambiando como resultado a la moda de cada \u00e9poca; mientras la cultura estaba en constante cambio, los espacios arquitect\u00f3nicos se hac\u00edan m\u00e1s complejos hasta llegar a la actualidad (L\u00f3pez, 2017).<\/span><\/p>\n<p class=\"p1\"><span class=\"s1\">La arquitectura comprende un conjunto de caracter\u00edsticas que comparten las edificaciones realizadas para resolver una actividad concreta, para las actividades musicales se requiere una serie de necesidades esenciales (Sevillano, 2013), el mayor reto funcional de este tipo arquitect\u00f3nico es armonizar los sentidos, sobre todo de la audici\u00f3n y visi\u00f3n con la organizaci\u00f3n ac\u00fastica y de reverberaci\u00f3n, adem\u00e1s de la forma y percepci\u00f3n del espacio (Calduch, 2019). La relaci\u00f3n de los conceptos como reverberaci\u00f3n, ac\u00fastica y perspectiva es fundamental para hacer uso de un ambiente arquitect\u00f3nico destinado a presentaciones musicales (Torres, 2020).<\/span><\/p>\n<p class=\"p3\"><span class=\"s1\">La investigaci\u00f3n busca identificar los conceptos de arquitectura de los espacios destinados a necesidades musicales y con ello exponer c\u00f3mo se relacionan con los m\u00fasicos de la ciudad de Arequipa. Durante el avance de la investigaci\u00f3n se responder\u00e1n las siguientes interrogantes: \u00bfSon realmente aptos los espacios y estructuras destinadas al \u00e1mbito musical?\u00bfFueron c\u00f3modos para las actividades musicales realizadas entre 2010 y 2020? \u00bfSer\u00eda necesaria una reestructuraci\u00f3n de los ambientes con fines musicales de la ciudad de<span class=\"Apple-converted-space\">\u00a0<\/span><\/span><span class=\"s1\">Arequipa?<span class=\"Apple-converted-space\">\u00a0<\/span><\/span><\/p>\n<p class=\"p1\"><span class=\"s1\"><i>Palabras clave<\/i>: arquitectura musical, teatros, actividad musical, ac\u00fastica, espacio arquitect\u00f3nico, sonido.<\/span><\/p>\n","protected":false},"excerpt":{"rendered":"<p>III COLOQUIO DE ESTUDIANTES DE INVESTIGACI\u00d3N MUSICAL \u2013 2023 Surco Martinez, Daniel Andre \u00abInfraestructura para el desarrollo musical en la ciudad de Arequipa (2010 \u2013 2020).\u00bb\u00a0 Resumen La m\u00fasica y la arquitectura comparten conceptos desde las antiguas civilizaciones lo que las complementa e inspira una a la otra, la m\u00fasica se escucha sobre el tiempo [&hellip;]<\/p>\n","protected":false},"author":9,"featured_media":0,"parent":0,"menu_order":0,"comment_status":"closed","ping_status":"closed","template":"","meta":{"_acf_changed":false,"footnotes":""},"class_list":["post-3807","page","type-page","status-publish","hentry"],"acf":[],"_links":{"self":[{"href":"https:\/\/ffh.unsa.edu.pe\/artes\/wp-json\/wp\/v2\/pages\/3807","targetHints":{"allow":["GET"]}}],"collection":[{"href":"https:\/\/ffh.unsa.edu.pe\/artes\/wp-json\/wp\/v2\/pages"}],"about":[{"href":"https:\/\/ffh.unsa.edu.pe\/artes\/wp-json\/wp\/v2\/types\/page"}],"author":[{"embeddable":true,"href":"https:\/\/ffh.unsa.edu.pe\/artes\/wp-json\/wp\/v2\/users\/9"}],"replies":[{"embeddable":true,"href":"https:\/\/ffh.unsa.edu.pe\/artes\/wp-json\/wp\/v2\/comments?post=3807"}],"version-history":[{"count":1,"href":"https:\/\/ffh.unsa.edu.pe\/artes\/wp-json\/wp\/v2\/pages\/3807\/revisions"}],"predecessor-version":[{"id":3809,"href":"https:\/\/ffh.unsa.edu.pe\/artes\/wp-json\/wp\/v2\/pages\/3807\/revisions\/3809"}],"wp:attachment":[{"href":"https:\/\/ffh.unsa.edu.pe\/artes\/wp-json\/wp\/v2\/media?parent=3807"}],"curies":[{"name":"wp","href":"https:\/\/api.w.org\/{rel}","templated":true}]}}