{"id":3815,"date":"2024-06-16T09:36:33","date_gmt":"2024-06-16T14:36:33","guid":{"rendered":"https:\/\/ffh.unsa.edu.pe\/artes\/?page_id=3815"},"modified":"2024-06-16T09:40:23","modified_gmt":"2024-06-16T14:40:23","slug":"luna-flores-george-raynor","status":"publish","type":"page","link":"https:\/\/ffh.unsa.edu.pe\/artes\/luna-flores-george-raynor\/","title":{"rendered":"RESUMEN Luna Flores, George Raynor."},"content":{"rendered":"<p><b>III COLOQUIO DE ESTUDIANTES DE INVESTIGACI\u00d3N MUSICAL \u2013 2023<\/b><\/p>\n<p><strong>Luna Flores, George Raynor.<\/strong><\/p>\n<p><span class=\"s1\">\u00abAn\u00e1lisis de la implementaci\u00f3n de nuevas estrategias para la ense\u00f1anza de oboe en la ciudad de Arequipa y su impacto en el aprendizaje de estudiantes\u00bb.<\/span><\/p>\n<p class=\"p1\"><span class=\"s1\"><b>Resumen<\/b><\/span><\/p>\n<p class=\"p1\"><span class=\"s1\">Este trabajo de investigaci\u00f3n se realiza con la intenci\u00f3n de incrementar y mejorar la ense\u00f1anza del oboe, ya sea a temprana edad como en etapa superior, se sabe que en el Per\u00fa el oboe es un instrumento muy ex\u00f3tico y muy poco conocido, hablando solo de la ciudad de Arequipa contamos con muy pocos instrumentistas tanto en el \u00e1mbito profesional como el escolar. Lo que limita mucho el crecimiento de la escena musical ya sea en orquesta como en agrupaciones de c\u00e1mara y de bandas sinf\u00f3nicas.<span class=\"Apple-converted-space\">\u00a0<\/span><\/span><\/p>\n<p class=\"p1\"><span class=\"s1\">El clima es uno de los impedimentos para que este instrumento crezca, al ser un instrumento de doble ca\u00f1a tiene un gran problema en la ciudad, esto debido a los distintas y bruscos cambios de clima que sufre la ciudad en distintas estaciones del a\u00f1o e incluyendo dentro de cada una de ellas, lo que limita la buena productividad de ca\u00f1as a pesar de contar ya con un corte y raspado de las ca\u00f1as ya establecido \u201chay tres estilos de raspado de la ca\u00f1a de oboe.<\/span><\/p>\n<p class=\"p1\"><span class=\"s1\">De izquierda a derecha, los estilos son: Franc\u00e9s, americano y alem\u00e1n. Cada uno representa particularidades tanto en la punta como en la parte de atr\u00e1s del rebajado e influyen en el sonido del instrumento\u201c(Rodriguez Delgado y Malagon Gomez 2020)\u201d, el cambio de temperatura como tambi\u00e9n la sequedad que tiene el clima afecta demasiado dependiendo de la estaci\u00f3n del a\u00f1o.<\/span><\/p>\n<p class=\"p2\"><span class=\"s1\"><i><span class=\"Apple-converted-space\">\u00a0<\/span>Palabras clave<\/i>: Oboe, Ca\u00f1as, Aprendizaje, Estudio, Clima<\/span><\/p>\n","protected":false},"excerpt":{"rendered":"<p>III COLOQUIO DE ESTUDIANTES DE INVESTIGACI\u00d3N MUSICAL \u2013 2023 Luna Flores, George Raynor. \u00abAn\u00e1lisis de la implementaci\u00f3n de nuevas estrategias para la ense\u00f1anza de oboe en la ciudad de Arequipa y su impacto en el aprendizaje de estudiantes\u00bb. Resumen Este trabajo de investigaci\u00f3n se realiza con la intenci\u00f3n de incrementar y mejorar la ense\u00f1anza del [&hellip;]<\/p>\n","protected":false},"author":9,"featured_media":0,"parent":0,"menu_order":0,"comment_status":"closed","ping_status":"closed","template":"","meta":{"_acf_changed":false,"footnotes":""},"class_list":["post-3815","page","type-page","status-publish","hentry"],"acf":[],"_links":{"self":[{"href":"https:\/\/ffh.unsa.edu.pe\/artes\/wp-json\/wp\/v2\/pages\/3815","targetHints":{"allow":["GET"]}}],"collection":[{"href":"https:\/\/ffh.unsa.edu.pe\/artes\/wp-json\/wp\/v2\/pages"}],"about":[{"href":"https:\/\/ffh.unsa.edu.pe\/artes\/wp-json\/wp\/v2\/types\/page"}],"author":[{"embeddable":true,"href":"https:\/\/ffh.unsa.edu.pe\/artes\/wp-json\/wp\/v2\/users\/9"}],"replies":[{"embeddable":true,"href":"https:\/\/ffh.unsa.edu.pe\/artes\/wp-json\/wp\/v2\/comments?post=3815"}],"version-history":[{"count":3,"href":"https:\/\/ffh.unsa.edu.pe\/artes\/wp-json\/wp\/v2\/pages\/3815\/revisions"}],"predecessor-version":[{"id":3820,"href":"https:\/\/ffh.unsa.edu.pe\/artes\/wp-json\/wp\/v2\/pages\/3815\/revisions\/3820"}],"wp:attachment":[{"href":"https:\/\/ffh.unsa.edu.pe\/artes\/wp-json\/wp\/v2\/media?parent=3815"}],"curies":[{"name":"wp","href":"https:\/\/api.w.org\/{rel}","templated":true}]}}