{"id":3837,"date":"2024-06-16T10:08:57","date_gmt":"2024-06-16T15:08:57","guid":{"rendered":"https:\/\/ffh.unsa.edu.pe\/artes\/?page_id=3837"},"modified":"2024-06-16T10:09:13","modified_gmt":"2024-06-16T15:09:13","slug":"resumen-del-aguila-cahuana-miguel-angel","status":"publish","type":"page","link":"https:\/\/ffh.unsa.edu.pe\/artes\/resumen-del-aguila-cahuana-miguel-angel\/","title":{"rendered":"RESUMEN Del Aguila Cahuana, Miguel Angel"},"content":{"rendered":"<p><b>III COLOQUIO DE ESTUDIANTES DE INVESTIGACI\u00d3N MUSICAL \u2013 2023<\/b><\/p>\n<p><span class=\"s1\">\u00ab<\/span><span class=\"s1\">El rol de la m\u00fasica en la construcci\u00f3n de una memoria hist\u00f3rica en el Per\u00fa: El caso del \u00e1lbum \u201cM\u00e1s poder\u201d de la Sarita.<\/span><span class=\"s1\">\u00bb<\/span>. (Del Aguila Cahuana, Miguel Angel)<\/p>\n<p><b>Resumen<\/b><\/p>\n<p class=\"p1\"><span class=\"s1\">La presente investigaci\u00f3n tiene como objetivo evaluar la relaci\u00f3n que tiene la m\u00fasica y la concepci\u00f3n de una memor\u00eda hist\u00f3rica colectiva. El trabajo se enmarca en investigaciones previas, como la de Jelin (2002), donde se indica que la memoria sirve como una herramienta de recopilaci\u00f3n y construcci\u00f3n de datos hist\u00f3ricos en las sociedades. As\u00ed, como, el art\u00edculo de Aaroni (2015), donde se se\u00f1ala que las artes perform\u00e1ticas y la m\u00fasica han representado una manera de contar las historias de la sociedad peruana, logrando as\u00ed su trascendencia y preservaci\u00f3n.<\/span><\/p>\n<p class=\"p2\"><span class=\"s1\">En esa l\u00ednea, el presente proyecto de t\u00e9sis aborda el caso del \u00e1lbum m\u00fasical \u201cM\u00e1s <\/span><span class=\"s1\">Poder\u201d, de la banda peruana \u201cLa Sarita\u201d, el cual es una clara muestra de c\u00f3mo una expresi\u00f3n musical puede servir como instrumento de la memoria hist\u00f3rica colectiva peruana. El Per\u00fa es un pa\u00eds que se ha caracterizado por su alborotada historia, la cual se ha visto reflejada en sus muestras art\u00edsticas y culturales. Por ejemplo, Ritter (2006), se\u00f1ala en su investigaci\u00f3n sobre la canci\u00f3n ayacuchana que gracias a la existencia de estas pr\u00e1cticas art\u00edsticas es posible para los ciudadanos expresar sus dolencias y exigir justicia.<\/span><\/p>\n<p class=\"p2\"><span class=\"s1\">Asimismo, Rozas (2007), se\u00f1ala que la fusi\u00f3n de las tradiciones peruanas y <\/span><span class=\"s1\">afroperuanas han aportado a una identidad original donde la memoria hist\u00f3rica y la m\u00fasica <\/span><span class=\"s1\">est\u00e1n estrechamente relacionadas. En el \u00e1lbum \u201cM\u00e1s Poder\u201d, surgen diversos mensajes que hacen cr\u00edtica directa a sucesos ocurridos en la \u00e9poca de los a\u00f1os 90\u2019s en el Per\u00fa, los cuales son acompa\u00f1ados de contenido l\u00edrico expl\u00edcito y una hibridaci\u00f3n de estilos musicales <\/span><span class=\"s1\">variados. (Bonilla, 2022).<\/span><\/p>\n<p class=\"p2\"><span class=\"s1\">El proyecto se centra en un enfoque cualitativo por lo que la t\u00e9cnica de recolecci\u00f3n de informaci\u00f3n a utilizar ser\u00e1 la entrevista semi-estructurada.<\/span><\/p>\n<p class=\"p1\"><span class=\"s1\"><i>Palabras clave<\/i>: M\u00fasica, memor\u00eda hist\u00f3rica, La Sarita, M\u00e1s Poder, Rock<\/span><\/p>\n","protected":false},"excerpt":{"rendered":"<p>III COLOQUIO DE ESTUDIANTES DE INVESTIGACI\u00d3N MUSICAL \u2013 2023 \u00abEl rol de la m\u00fasica en la construcci\u00f3n de una memoria hist\u00f3rica en el Per\u00fa: El caso del \u00e1lbum \u201cM\u00e1s poder\u201d de la Sarita.\u00bb. (Del Aguila Cahuana, Miguel Angel) Resumen La presente investigaci\u00f3n tiene como objetivo evaluar la relaci\u00f3n que tiene la m\u00fasica y la concepci\u00f3n [&hellip;]<\/p>\n","protected":false},"author":9,"featured_media":0,"parent":0,"menu_order":0,"comment_status":"closed","ping_status":"closed","template":"","meta":{"_acf_changed":false,"footnotes":""},"class_list":["post-3837","page","type-page","status-publish","hentry"],"acf":[],"_links":{"self":[{"href":"https:\/\/ffh.unsa.edu.pe\/artes\/wp-json\/wp\/v2\/pages\/3837","targetHints":{"allow":["GET"]}}],"collection":[{"href":"https:\/\/ffh.unsa.edu.pe\/artes\/wp-json\/wp\/v2\/pages"}],"about":[{"href":"https:\/\/ffh.unsa.edu.pe\/artes\/wp-json\/wp\/v2\/types\/page"}],"author":[{"embeddable":true,"href":"https:\/\/ffh.unsa.edu.pe\/artes\/wp-json\/wp\/v2\/users\/9"}],"replies":[{"embeddable":true,"href":"https:\/\/ffh.unsa.edu.pe\/artes\/wp-json\/wp\/v2\/comments?post=3837"}],"version-history":[{"count":2,"href":"https:\/\/ffh.unsa.edu.pe\/artes\/wp-json\/wp\/v2\/pages\/3837\/revisions"}],"predecessor-version":[{"id":3839,"href":"https:\/\/ffh.unsa.edu.pe\/artes\/wp-json\/wp\/v2\/pages\/3837\/revisions\/3839"}],"wp:attachment":[{"href":"https:\/\/ffh.unsa.edu.pe\/artes\/wp-json\/wp\/v2\/media?parent=3837"}],"curies":[{"name":"wp","href":"https:\/\/api.w.org\/{rel}","templated":true}]}}