{"id":3850,"date":"2024-06-18T09:58:37","date_gmt":"2024-06-18T14:58:37","guid":{"rendered":"https:\/\/ffh.unsa.edu.pe\/artes\/?page_id=3850"},"modified":"2024-06-18T10:02:11","modified_gmt":"2024-06-18T15:02:11","slug":"resumen-fernandez-flores-fiorella-lizeth","status":"publish","type":"page","link":"https:\/\/ffh.unsa.edu.pe\/artes\/resumen-fernandez-flores-fiorella-lizeth\/","title":{"rendered":"RESUMEN Fern\u00e1ndez Flores, Fiorella Lizeth\u00a0"},"content":{"rendered":"<p><b>III COLOQUIO DE ESTUDIANTES DE INVESTIGACI\u00d3N MUSICAL \u2013 2023<\/b><\/p>\n<p><span class=\"s1\">\u00abMujeres compositoras arequipe\u00f1as de los siglos XIX y XX\u00bb. <\/span>(<span class=\"s1\">Fern\u00e1ndez Flores, <\/span><span class=\"s1\">Fiorella Lizeth<\/span>)<\/p>\n<p><b>Resumen<\/b><\/p>\n<p class=\"p1\"><span class=\"s1\">Este proyecto de tesis se centra en un tema que ha recibido poca atenci\u00f3n investigativa y es de actualidad, especialmente en un contexto cultural como el actual, Las mujeres compositoras arequipe\u00f1as de los siglos XIX y XX. Las investigaciones sobre compositoras mujeres en el pa\u00eds son escasas, y espec\u00edficamente en la ciudad, casi nulas. Este trabajo se apoya en diversas fuentes, como Maggiolo (2021), que realiza una investigaci\u00f3n sobre la presencia de la mujer en la m\u00fasica cl\u00e1sica en el Per\u00fa, proporcionando informaci\u00f3n relevante. Asimismo, S\u00e1nchez (2011) ofrece, en su art\u00edculo \u00abLa Mujer en la M\u00fasica\u00bb, una secci\u00f3n importante sobre la mujer peruana en la m\u00fasica, y Vega (2020), con el art\u00edculo \u00abEl Yarav\u00ed Galante en la \u00c9poca de la Independencia\u00bb, brinda informaci\u00f3n sobre los or\u00edgenes del g\u00e9nero emblem\u00e1tico de la ciudad, el Yarav\u00ed. Otros estudios, como el de Calder\u00f3n (2019) sobre compositoras de la generaci\u00f3n del 50 en Lima, y Vera (2007) sobre el vals arequipe\u00f1o, complementan la investigaci\u00f3n.<\/span><\/p>\n<p class=\"p1\"><span class=\"s1\">Con este trabajo, se busca aportar significativamente al patrimonio musical de Arequipa, ya que no se ha publicado mucha informaci\u00f3n espec\u00edficamente sobre mujeres compositoras en la ciudad. A pesar de la falta de atenci\u00f3n acad\u00e9mica que las mujeres compositoras han recibido a lo largo de los siglos, este estudio se propone identificar, documentar y analizar las obras, estilos y contextos en los que ellas han trabajado. Es de suma importancia abordar estos aspectos subestimados y valiosos de la historia musical arequipe\u00f1a y, al mismo tiempo, contribuir al reconocimiento de las mujeres en la m\u00fasica y la composici\u00f3n.<\/span><\/p>\n<p class=\"p2\"><span class=\"s1\"><em>Palabras clave:<\/em> compositoras, mujeres arequipe\u00f1as, siglo XIX, siglo XX, m\u00fasica arequipe\u00f1a, m\u00fasica peruana, patrimonio musical, contribuciones culturales, an\u00e1lisis musical, contexto hist\u00f3rico.<\/span><\/p>\n","protected":false},"excerpt":{"rendered":"<p>III COLOQUIO DE ESTUDIANTES DE INVESTIGACI\u00d3N MUSICAL \u2013 2023 \u00abMujeres compositoras arequipe\u00f1as de los siglos XIX y XX\u00bb. (Fern\u00e1ndez Flores, Fiorella Lizeth) Resumen Este proyecto de tesis se centra en un tema que ha recibido poca atenci\u00f3n investigativa y es de actualidad, especialmente en un contexto cultural como el actual, Las mujeres compositoras arequipe\u00f1as de [&hellip;]<\/p>\n","protected":false},"author":9,"featured_media":0,"parent":0,"menu_order":0,"comment_status":"closed","ping_status":"closed","template":"","meta":{"_acf_changed":false,"footnotes":""},"class_list":["post-3850","page","type-page","status-publish","hentry"],"acf":[],"_links":{"self":[{"href":"https:\/\/ffh.unsa.edu.pe\/artes\/wp-json\/wp\/v2\/pages\/3850","targetHints":{"allow":["GET"]}}],"collection":[{"href":"https:\/\/ffh.unsa.edu.pe\/artes\/wp-json\/wp\/v2\/pages"}],"about":[{"href":"https:\/\/ffh.unsa.edu.pe\/artes\/wp-json\/wp\/v2\/types\/page"}],"author":[{"embeddable":true,"href":"https:\/\/ffh.unsa.edu.pe\/artes\/wp-json\/wp\/v2\/users\/9"}],"replies":[{"embeddable":true,"href":"https:\/\/ffh.unsa.edu.pe\/artes\/wp-json\/wp\/v2\/comments?post=3850"}],"version-history":[{"count":3,"href":"https:\/\/ffh.unsa.edu.pe\/artes\/wp-json\/wp\/v2\/pages\/3850\/revisions"}],"predecessor-version":[{"id":3852,"href":"https:\/\/ffh.unsa.edu.pe\/artes\/wp-json\/wp\/v2\/pages\/3850\/revisions\/3852"}],"wp:attachment":[{"href":"https:\/\/ffh.unsa.edu.pe\/artes\/wp-json\/wp\/v2\/media?parent=3850"}],"curies":[{"name":"wp","href":"https:\/\/api.w.org\/{rel}","templated":true}]}}