{"id":3888,"date":"2024-06-24T11:50:41","date_gmt":"2024-06-24T16:50:41","guid":{"rendered":"https:\/\/ffh.unsa.edu.pe\/artes\/?page_id=3888"},"modified":"2024-06-24T11:50:41","modified_gmt":"2024-06-24T16:50:41","slug":"resumen-soto-gonzales-josue-brayan","status":"publish","type":"page","link":"https:\/\/ffh.unsa.edu.pe\/artes\/resumen-soto-gonzales-josue-brayan\/","title":{"rendered":"RESUMEN Soto Gonzales, Josue Brayan\u00a0"},"content":{"rendered":"<p><b>III COLOQUIO DE ESTUDIANTES DE INVESTIGACI\u00d3N MUSICAL \u2013 2023<\/b><\/p>\n<p><span class=\"s1\">\u00abTenosinovitis de quervain en flautistas: estudio, causas y prevenci\u00f3n\u00bb. (Soto Gonzales, Josue Brayan)<\/span><\/p>\n<p><strong>Resumen<\/strong><\/p>\n<p class=\"p1\"><span class=\"s1\">Este estudio aborda la problem\u00e1tica de la tenosinovitis de Quervain en flautistas, una afecci\u00f3n com\u00fan derivada de la mala postura, la tensi\u00f3n constante y los movimientos repetitivos al tocar la flauta traversa. El objetivo principal es comprender c\u00f3mo el uso de este instrumento influye en la aparici\u00f3n y desarrollo de la tenosinovitis de Quervain, identificando causas subyacentes en flautistas de la EPA &#8211; UNSA.<\/span><\/p>\n<p class=\"p1\"><span class=\"s1\">La relevancia de esta investigaci\u00f3n se destaca ante el aumento de casos de tenosinovitis entre m\u00fasicos, afectando aproximadamente a un tercio de los flautistas en alg\u00fan momento de sus carreras. La preocupaci\u00f3n radica en el impacto de esta afecci\u00f3n en la calidad de vida y en la capacidad de desarrollo profesional de los m\u00fasicos.<span class=\"Apple-converted-space\">\u00a0<\/span><\/span><\/p>\n<p class=\"p1\"><span class=\"s1\">El proyecto no solo busca comprender las causas y efectos de la tenosinovitis, sino tambi\u00e9n identificar m\u00e9todos efectivos de prevenci\u00f3n, beneficiando a m\u00fasicos de pregrado y postgrado en la EPA y otras instituciones musicales. Adem\u00e1s, esta investigaci\u00f3n podr\u00eda sentar las bases para futuros estudios sobre trastornos musculares relacionados con la interpretaci\u00f3n musical.<\/span><\/p>\n<p class=\"p1\"><span class=\"s1\">En el marco te\u00f3rico, se proporcionan definiciones clave sobre la tenosinovitis de Quervain, patolog\u00edas musculoesquel\u00e9ticas, tendones y ergonom\u00eda. Tambi\u00e9n se mencionan autores destacados en el campo de las patolog\u00edas musculares y se citan estudios relevantes sobre la salud de los m\u00fasicos.<\/span><\/p>\n<p class=\"p2\"><span class=\"s1\"><i>Palabras clave<\/i>: Tenosinovitis de Quervain, flautistas, patolog\u00edas musculoesquel\u00e9ticas, postura incorrecta, movimientos repetitivos, prevenci\u00f3n de lesiones, trastornos de la mu\u00f1eca, tendones.<\/span><\/p>\n","protected":false},"excerpt":{"rendered":"<p>III COLOQUIO DE ESTUDIANTES DE INVESTIGACI\u00d3N MUSICAL \u2013 2023 \u00abTenosinovitis de quervain en flautistas: estudio, causas y prevenci\u00f3n\u00bb. (Soto Gonzales, Josue Brayan) Resumen Este estudio aborda la problem\u00e1tica de la tenosinovitis de Quervain en flautistas, una afecci\u00f3n com\u00fan derivada de la mala postura, la tensi\u00f3n constante y los movimientos repetitivos al tocar la flauta traversa. [&hellip;]<\/p>\n","protected":false},"author":9,"featured_media":0,"parent":0,"menu_order":0,"comment_status":"closed","ping_status":"closed","template":"","meta":{"_acf_changed":false,"footnotes":""},"class_list":["post-3888","page","type-page","status-publish","hentry"],"acf":[],"_links":{"self":[{"href":"https:\/\/ffh.unsa.edu.pe\/artes\/wp-json\/wp\/v2\/pages\/3888","targetHints":{"allow":["GET"]}}],"collection":[{"href":"https:\/\/ffh.unsa.edu.pe\/artes\/wp-json\/wp\/v2\/pages"}],"about":[{"href":"https:\/\/ffh.unsa.edu.pe\/artes\/wp-json\/wp\/v2\/types\/page"}],"author":[{"embeddable":true,"href":"https:\/\/ffh.unsa.edu.pe\/artes\/wp-json\/wp\/v2\/users\/9"}],"replies":[{"embeddable":true,"href":"https:\/\/ffh.unsa.edu.pe\/artes\/wp-json\/wp\/v2\/comments?post=3888"}],"version-history":[{"count":1,"href":"https:\/\/ffh.unsa.edu.pe\/artes\/wp-json\/wp\/v2\/pages\/3888\/revisions"}],"predecessor-version":[{"id":3889,"href":"https:\/\/ffh.unsa.edu.pe\/artes\/wp-json\/wp\/v2\/pages\/3888\/revisions\/3889"}],"wp:attachment":[{"href":"https:\/\/ffh.unsa.edu.pe\/artes\/wp-json\/wp\/v2\/media?parent=3888"}],"curies":[{"name":"wp","href":"https:\/\/api.w.org\/{rel}","templated":true}]}}