{"id":3891,"date":"2024-06-24T11:53:29","date_gmt":"2024-06-24T16:53:29","guid":{"rendered":"https:\/\/ffh.unsa.edu.pe\/artes\/?page_id=3891"},"modified":"2024-06-24T11:53:29","modified_gmt":"2024-06-24T16:53:29","slug":"resumen-cuadros-arenas-favio-andre","status":"publish","type":"page","link":"https:\/\/ffh.unsa.edu.pe\/artes\/resumen-cuadros-arenas-favio-andre\/","title":{"rendered":"RESUMEN Cuadros Arenas, Favio Andre"},"content":{"rendered":"<p><b>III COLOQUIO DE ESTUDIANTES DE INVESTIGACI\u00d3N MUSICAL \u2013 2023<\/b><\/p>\n<p><span class=\"s1\">\u201cConstrucci\u00f3n de mallets para timbal sinf\u00f3nico con materiales locales de arequipa\u201d (<\/span><span class=\"s1\">Cuadros Arenas, Favio Andre)<\/span><\/p>\n<p class=\"p1\"><span class=\"s1\">El percusionista en la actualidad necesita contar con herramientas personalizadas para su ejecuci\u00f3n instrumental. Los mallets de timbal sinf\u00f3nico son una fuente de diversidad, es decir, hay mallets para cada ocasi\u00f3n, unos pueden proporcionar un sonido estridente y otros un sonido delicado. La construcci\u00f3n de estos consta de la uni\u00f3n de materiales con propiedades espec\u00edficas, que en conjunci\u00f3n logran obtener el sonido que el percusionista est\u00e1 buscando, que a su vez, como menciona Ruben Diaz Sanz (2021) tambi\u00e9n pueden tener su aplicaci\u00f3n complementaria sobre otros instrumentos de percusi\u00f3n en busca de un timbre concreto.<\/span><\/p>\n<p class=\"p1\"><span class=\"s1\">Seg\u00fan Timothy Genis (2019) la estructura de un mallet de timbal sinf\u00f3nico est\u00e1 dividido principalmente en tres partes: la cabeza como n\u00facleo, el recubrimiento de la cabeza y el mango. Esta disposici\u00f3n estructural est\u00e1 presente en el procedimiento para la realizaci\u00f3n de mallets de timbal sinf\u00f3nico con materiales locales de Arequipa. Las baquetas para el percusionista son la extensi\u00f3n de sus extremidades, son objetos con los que transmiten su car\u00e1cter y sensibilidad, por lo tanto, tienen que ser c\u00f3modas, estables y si es posible, personalizadas (J. H. Beck, 2007).<\/span><\/p>\n<p class=\"p1\"><span class=\"s1\">En el presente trabajo se propone evaluar la densidad, resistencia y durabilidad de materiales que contribuyen con sus propiedades a la fabricaci\u00f3n de los mallets. El pashaco y la capirona son maderas disponibles y comercializadas en la ciudad de Arequipa (Valdivia Alcca, 2021) y de igual manera la lana de alpaca que apenas absorbe la humedad ambiental y repele muy bien el agua (Chacca Socco, 2021), estos son materiales locales que contribuyen con el desarrollo de la construcci\u00f3n de mallets propios de la ciudad.<\/span><\/p>\n<p class=\"p2\"><span class=\"s1\"><i>Palabras clave<\/i>: Percusi\u00f3n, timbal sinf\u00f3nico, construcci\u00f3n de mallets, mallets para timbal sinf\u00f3nico, herramientas de percusi\u00f3n.<\/span><\/p>\n","protected":false},"excerpt":{"rendered":"<p>III COLOQUIO DE ESTUDIANTES DE INVESTIGACI\u00d3N MUSICAL \u2013 2023 \u201cConstrucci\u00f3n de mallets para timbal sinf\u00f3nico con materiales locales de arequipa\u201d (Cuadros Arenas, Favio Andre) El percusionista en la actualidad necesita contar con herramientas personalizadas para su ejecuci\u00f3n instrumental. Los mallets de timbal sinf\u00f3nico son una fuente de diversidad, es decir, hay mallets para cada ocasi\u00f3n, [&hellip;]<\/p>\n","protected":false},"author":9,"featured_media":0,"parent":0,"menu_order":0,"comment_status":"closed","ping_status":"closed","template":"","meta":{"_acf_changed":false,"footnotes":""},"class_list":["post-3891","page","type-page","status-publish","hentry"],"acf":[],"_links":{"self":[{"href":"https:\/\/ffh.unsa.edu.pe\/artes\/wp-json\/wp\/v2\/pages\/3891","targetHints":{"allow":["GET"]}}],"collection":[{"href":"https:\/\/ffh.unsa.edu.pe\/artes\/wp-json\/wp\/v2\/pages"}],"about":[{"href":"https:\/\/ffh.unsa.edu.pe\/artes\/wp-json\/wp\/v2\/types\/page"}],"author":[{"embeddable":true,"href":"https:\/\/ffh.unsa.edu.pe\/artes\/wp-json\/wp\/v2\/users\/9"}],"replies":[{"embeddable":true,"href":"https:\/\/ffh.unsa.edu.pe\/artes\/wp-json\/wp\/v2\/comments?post=3891"}],"version-history":[{"count":1,"href":"https:\/\/ffh.unsa.edu.pe\/artes\/wp-json\/wp\/v2\/pages\/3891\/revisions"}],"predecessor-version":[{"id":3892,"href":"https:\/\/ffh.unsa.edu.pe\/artes\/wp-json\/wp\/v2\/pages\/3891\/revisions\/3892"}],"wp:attachment":[{"href":"https:\/\/ffh.unsa.edu.pe\/artes\/wp-json\/wp\/v2\/media?parent=3891"}],"curies":[{"name":"wp","href":"https:\/\/api.w.org\/{rel}","templated":true}]}}