{"id":3898,"date":"2024-06-24T11:58:40","date_gmt":"2024-06-24T16:58:40","guid":{"rendered":"https:\/\/ffh.unsa.edu.pe\/artes\/?page_id=3898"},"modified":"2024-06-24T11:58:40","modified_gmt":"2024-06-24T16:58:40","slug":"resumen-carbajal-meza-diego-roberto","status":"publish","type":"page","link":"https:\/\/ffh.unsa.edu.pe\/artes\/resumen-carbajal-meza-diego-roberto\/","title":{"rendered":"RESUMEN Carbajal Meza, Diego Roberto"},"content":{"rendered":"<p><b>III COLOQUIO DE ESTUDIANTES DE INVESTIGACI\u00d3N MUSICAL \u2013 2023<\/b><\/p>\n<p><span class=\"s1\">\u00abAn\u00e1lisis Comparativo de Se\u00f1ales An\u00e1logas y Digitales en Pedales de Efecto de Distorsi\u00f3n para Guitarra: Calidad de Sonido y Preferencias de Guitarristas\u00bb (Carbajal Meza, Diego Roberto)<\/span><\/p>\n<p><strong>Resumen<\/strong><\/p>\n<p class=\"p1\"><span class=\"s1\">La presente investigaci\u00f3n tiene como objetivo determinar qu\u00e9 tipo de pedal de distorsi\u00f3n, ya sea an\u00e1logo o digital, ofrece una respuesta tonal m\u00e1s \u00f3ptima y de alta fidelidad para los guitarristas el\u00e9ctricos. Este trabajo se enmarca en investigaciones previas como la de Maigua (2015) donde se destaca que las se\u00f1ales an\u00e1logas son continuas y fluidas, mientras que las digitales est\u00e1n compuestas por puntos discretos, lo que puede resultar en interrupciones en la se\u00f1al y p\u00e9rdida de calidad. Adem\u00e1s, Gonzales y Rodr\u00edguez (2014) enfatizan la preferencia de los guitarristas por los pedales an\u00e1logos debido a su naturaleza org\u00e1nica y su capacidad para adaptarse aut\u00e9nticamente a cambios en la se\u00f1al, influenciando as\u00ed las preferencias individuales de los m\u00fasicos en la elecci\u00f3n entre procesadores digitales y an\u00e1logos. Aun as\u00ed, Casto (2009) afirma que la elecci\u00f3n entre procesadores digitales y an\u00e1logos depende de las preferencias individuales de los int\u00e9rpretes y las caracter\u00edsticas espec\u00edficas que busquen en sus dispositivos de efectos. Teniendo esto establecido, el presente proyecto de tesis aborda las diferencias entre ambos tipos de pedales para dar con el que ofrezca mayor rendimiento y calidad sonora. Desde la llegada de la era digital han aparecido un sinf\u00edn de alternativas en el mundo de la m\u00fasica y con ello lleg\u00f3 la posibilidad de emular digitalmente la sonoridad de los pedales de efectos an\u00e1logos, lo cual ha dado m\u00e1s opciones para personalizar el sonido a los m\u00fasicos de instrumentos el\u00e9ctricos y adicionalmente dudas sobre qu\u00e9 tipo de pedal ejerce mejor su funci\u00f3n. Seg\u00fan Maigua (2015) los pedales an\u00e1logos utilizan hardware para alterar la se\u00f1al f\u00edsica y fluida mediante componentes electr\u00f3nicos y perillas modulantes. Por otro lado, como afirman G\u00f3mez y Castillo (2017) los pedales digitales operan como software, convierten la se\u00f1al anal\u00f3gica en digital y la procesan mediante DSP. Y como menciona Gumiel (2017) los procesos de conversi\u00f3n de se\u00f1al an\u00e1loga a digital incluyen el procesado digital, el muestreo, la cuantificaci\u00f3n y la codificaci\u00f3n, cada uno con sus implicaciones espec\u00edficas.<\/span><\/p>\n<p class=\"p1\"><span class=\"s1\">El proyecto se centra en un enfoque mixto ya que busca identificar variables de medidas f\u00edsicas sobre las frecuencias emitidas por pedales an\u00e1logos y digitales mediante la evaluaci\u00f3n objetiva de par\u00e1metros sonoros clave. Y aparte se busca conocer la percepci\u00f3n subjetiva y preferencias de los guitarristas el\u00e9ctricos sobre ambos tipos de pedales mediante la comparaci\u00f3n de la percepci\u00f3n de los m\u00fasicos en relaci\u00f3n con ambos tipos de pedales.<\/span><\/p>\n<p class=\"p2\"><span class=\"s1\"><i>Palabras clave<\/i>: Pedal de efectos, an\u00e1logos, digitales, guitarra el\u00e9ctrica, se\u00f1ales de audio, distorsi\u00f3n.<\/span><\/p>\n","protected":false},"excerpt":{"rendered":"<p>III COLOQUIO DE ESTUDIANTES DE INVESTIGACI\u00d3N MUSICAL \u2013 2023 \u00abAn\u00e1lisis Comparativo de Se\u00f1ales An\u00e1logas y Digitales en Pedales de Efecto de Distorsi\u00f3n para Guitarra: Calidad de Sonido y Preferencias de Guitarristas\u00bb (Carbajal Meza, Diego Roberto) Resumen La presente investigaci\u00f3n tiene como objetivo determinar qu\u00e9 tipo de pedal de distorsi\u00f3n, ya sea an\u00e1logo o digital, ofrece [&hellip;]<\/p>\n","protected":false},"author":9,"featured_media":0,"parent":0,"menu_order":0,"comment_status":"closed","ping_status":"closed","template":"","meta":{"_acf_changed":false,"footnotes":""},"class_list":["post-3898","page","type-page","status-publish","hentry"],"acf":[],"_links":{"self":[{"href":"https:\/\/ffh.unsa.edu.pe\/artes\/wp-json\/wp\/v2\/pages\/3898","targetHints":{"allow":["GET"]}}],"collection":[{"href":"https:\/\/ffh.unsa.edu.pe\/artes\/wp-json\/wp\/v2\/pages"}],"about":[{"href":"https:\/\/ffh.unsa.edu.pe\/artes\/wp-json\/wp\/v2\/types\/page"}],"author":[{"embeddable":true,"href":"https:\/\/ffh.unsa.edu.pe\/artes\/wp-json\/wp\/v2\/users\/9"}],"replies":[{"embeddable":true,"href":"https:\/\/ffh.unsa.edu.pe\/artes\/wp-json\/wp\/v2\/comments?post=3898"}],"version-history":[{"count":1,"href":"https:\/\/ffh.unsa.edu.pe\/artes\/wp-json\/wp\/v2\/pages\/3898\/revisions"}],"predecessor-version":[{"id":3899,"href":"https:\/\/ffh.unsa.edu.pe\/artes\/wp-json\/wp\/v2\/pages\/3898\/revisions\/3899"}],"wp:attachment":[{"href":"https:\/\/ffh.unsa.edu.pe\/artes\/wp-json\/wp\/v2\/media?parent=3898"}],"curies":[{"name":"wp","href":"https:\/\/api.w.org\/{rel}","templated":true}]}}