{"id":3902,"date":"2024-07-01T10:17:33","date_gmt":"2024-07-01T15:17:33","guid":{"rendered":"https:\/\/ffh.unsa.edu.pe\/artes\/?page_id=3902"},"modified":"2024-07-01T10:17:33","modified_gmt":"2024-07-01T15:17:33","slug":"resumen-condori-pacsi-milagros-gabriela","status":"publish","type":"page","link":"https:\/\/ffh.unsa.edu.pe\/artes\/resumen-condori-pacsi-milagros-gabriela\/","title":{"rendered":"RESUMEN Condori Pacsi, Milagros Gabriela"},"content":{"rendered":"<p class=\"p1\"><span class=\"s1\"><b>III COLOQUIO DE ESTUDIANTES DE INVESTIGACI\u00d3N MUSICAL &#8211; 2023<\/b><\/span><\/p>\n<p class=\"p1\"><span class=\"s1\">\u00abEfectos del estr\u00e9s en la pr\u00e1ctica instrumental de los estudiantes de violonchelo de la escuela profesional de artes de la Universidad Nacional de San Agust\u00edn, 2023.\u00bb (Condori Pacsi, Milagros Gabriela)<\/span><\/p>\n<p><strong>Resumen<\/strong><\/p>\n<p class=\"p1\"><span class=\"s1\">El estr\u00e9s es un problema frecuente en la vida del m\u00fasico, trayendo consigo m\u00faltiples consecuencias que pueden repercutir de forma permanente en su estudio y seg\u00fan Mart\u00ednez y Diaz, el problema radica en la obtenci\u00f3n de resultados al margen de sus consecuencias sobre la calidad de vida (Mart\u00ednez y Diaz, 2007, p. 14).<\/span><\/p>\n<p class=\"p1\"><span class=\"s1\">En sus investigaciones Naranjo Pereira, M. L. (2009) muestra las principales causas generadoras de estr\u00e9s, siendo estas de gran impacto negativo, afectando el desarrollo instrumental del m\u00fasico violonchelista, y Lastra nos habla sobre algunos, como los bloqueos emocionales, el temor y la formaci\u00f3n interpretativa que son un gran reto que debe enfrentar cada m\u00fasico y si este no puede afrontarlo es probable que desarrolle un cuadro de estr\u00e9s y constante frustraci\u00f3n (Lastra, 2019, p. 4).<\/span><\/p>\n<p class=\"p1\"><span class=\"s1\">Esto tambi\u00e9n se extiende al campo laboral, puesto que, al estar sometidos al p\u00e1nico esc\u00e9nico, competiciones estresantes y un gran esfuerzo por la perfecci\u00f3n es que se producen problemas de estr\u00e9s (Suesc\u00fan y Valencia, 2019, p.11), y para evitar que este se agrave es necesario que el m\u00fasico sea consciente del estr\u00e9s general, tenga una buena relajaci\u00f3n muscular para poder evitar lesiones y tener una ejecuci\u00f3n fluida (Arias, 2004).<\/span><\/p>\n<p class=\"p1\"><span class=\"s1\">El trabajo que se realiza en base a los resultados que se obtendr\u00e1n es de tipo puro y descriptivo, con un enfoque cualitativo, dado que se utilizar\u00e1 cuadernos de campo para poder ordenar la informaci\u00f3n y evitar perder elementos de relevancia para la investigaci\u00f3n, tambi\u00e9n se realizar\u00e1 cuestionarios y entrevistas a los estudiantes de violonchelo para recolectar informaci\u00f3n, identificar y describir detalladamente las categor\u00edas encontradas, ya sea resaltando las que se presentan com\u00fanmente, como las que difieren seg\u00fan el caso de cada estudiante.<\/span><\/p>\n<p class=\"p1\"><span class=\"s1\">Es por ello por lo que el presente trabajo propone dar a conocer los efectos que trae consigo el estr\u00e9s en la pr\u00e1ctica instrumental de los estudiantes de m\u00fasica de la c\u00e1tedra de violonchelo de la Universidad Nacional de San Agust\u00edn y como este puede afectar en su desarrollo (tanto t\u00e9cnico e interpretativo). Para ello se utilizar\u00e1 algunos recursos como la observaci\u00f3n, cuestionarios y si es posible hacer entrevistas a los alumnos de violonchelo.<\/span><\/p>\n<p class=\"p2\"><span class=\"s1\"><i>Palabras clave<\/i>: Efectos del estr\u00e9s, practica instrumental, ansiedad, cuadro de estr\u00e9s, interpretaci\u00f3n.<\/span><\/p>\n","protected":false},"excerpt":{"rendered":"<p>III COLOQUIO DE ESTUDIANTES DE INVESTIGACI\u00d3N MUSICAL &#8211; 2023 \u00abEfectos del estr\u00e9s en la pr\u00e1ctica instrumental de los estudiantes de violonchelo de la escuela profesional de artes de la Universidad Nacional de San Agust\u00edn, 2023.\u00bb (Condori Pacsi, Milagros Gabriela) Resumen El estr\u00e9s es un problema frecuente en la vida del m\u00fasico, trayendo consigo m\u00faltiples consecuencias [&hellip;]<\/p>\n","protected":false},"author":9,"featured_media":0,"parent":0,"menu_order":0,"comment_status":"closed","ping_status":"closed","template":"","meta":{"_acf_changed":false,"footnotes":""},"class_list":["post-3902","page","type-page","status-publish","hentry"],"acf":[],"_links":{"self":[{"href":"https:\/\/ffh.unsa.edu.pe\/artes\/wp-json\/wp\/v2\/pages\/3902","targetHints":{"allow":["GET"]}}],"collection":[{"href":"https:\/\/ffh.unsa.edu.pe\/artes\/wp-json\/wp\/v2\/pages"}],"about":[{"href":"https:\/\/ffh.unsa.edu.pe\/artes\/wp-json\/wp\/v2\/types\/page"}],"author":[{"embeddable":true,"href":"https:\/\/ffh.unsa.edu.pe\/artes\/wp-json\/wp\/v2\/users\/9"}],"replies":[{"embeddable":true,"href":"https:\/\/ffh.unsa.edu.pe\/artes\/wp-json\/wp\/v2\/comments?post=3902"}],"version-history":[{"count":2,"href":"https:\/\/ffh.unsa.edu.pe\/artes\/wp-json\/wp\/v2\/pages\/3902\/revisions"}],"predecessor-version":[{"id":3904,"href":"https:\/\/ffh.unsa.edu.pe\/artes\/wp-json\/wp\/v2\/pages\/3902\/revisions\/3904"}],"wp:attachment":[{"href":"https:\/\/ffh.unsa.edu.pe\/artes\/wp-json\/wp\/v2\/media?parent=3902"}],"curies":[{"name":"wp","href":"https:\/\/api.w.org\/{rel}","templated":true}]}}