{"id":3922,"date":"2024-07-01T10:33:45","date_gmt":"2024-07-01T15:33:45","guid":{"rendered":"https:\/\/ffh.unsa.edu.pe\/artes\/?page_id=3922"},"modified":"2024-07-01T10:33:45","modified_gmt":"2024-07-01T15:33:45","slug":"resumen-maquera-gonzalo-christian-fernando","status":"publish","type":"page","link":"https:\/\/ffh.unsa.edu.pe\/artes\/resumen-maquera-gonzalo-christian-fernando\/","title":{"rendered":"Resumen Maquera Gonzalo, Christian Fernando"},"content":{"rendered":"<p class=\"p1\"><span class=\"s1\"><b>III COLOQUIO DE ESTUDIANTES DE INVESTIGACI\u00d3N MUSICAL \u2013 2023<\/b><\/span><\/p>\n<p class=\"p1\"><span class=\"s1\"><b>\u00ab<\/b>Estrategias de improvisaci\u00f3n en el Guaguanc\u00f3 en Arequipa 2021-2022&#8243;. (Maquera Gonzalo, Christian Fernando)<\/span><\/p>\n<p><strong>Resumen<\/strong><\/p>\n<p class=\"p1\"><span class=\"s1\">La improvisaci\u00f3n en latinoam\u00e9rica es muy frecuente en la m\u00fasica popular, por ello es fundamental tener en claro el papel que desempe\u00f1an el g\u00e9nero y la tradici\u00f3n en el contexto improvisatorio, esto es prioritario para abordar la improvisaci\u00f3n en la M\u00fasica popular latinoamericana (Gonz\u00e1lez 2015). Existen teor\u00edas que explican el modo en el que un m\u00fasico improvisa, como un proceso psicol\u00f3gico, etnomusicol\u00f3gico, filos\u00f3fico y pedag\u00f3gico (Assinato 2013).<\/span><\/p>\n<p class=\"p1\"><span class=\"s1\">Tanto en la m\u00fasica rumba afrocubana como en Latinoam\u00e9rica se revelan di\u00e1logos novedosos como procesos inherentes a una interpretaci\u00f3n ( Assinato 2023). El guaguanc\u00f3 es una acci\u00f3n colectiva y convencional, donde se evitan gestos no convencionales (Jespers 2004), las estrategias de improvisaci\u00f3n cumplen un rol importante, debido a que los instrumentos que interpretan el guaguanc\u00f3 muestran una realidad significativamente m\u00e1s compleja (Benadon 2018).<\/span><\/p>\n<p class=\"p1\"><span class=\"s1\">De esta manera este proyecto de tesis busca determinar la importancia del uso de estrategias usadas en la improvisaci\u00f3n del guaguanc\u00f3 en Arequipa 2021-2023, para el cu\u00e1l se har\u00e1 uso de cuestionarios, observaci\u00f3n y entrevistas para lograr responder las siguientes interrogantes: \u00bfCu\u00e1les son las razones principales de la falta de uso de estrategias adecuadas para la improvisaci\u00f3n en el Guaguanc\u00f3 por parte de los percusionistas de m\u00fasica popular en Arequipa durante los a\u00f1os 2021\/2022? \u00bfCu\u00e1les son los efectos provocados? \u00bfQui\u00e9nes son los actores involucrados?<\/span><\/p>\n<p class=\"p4\"><span class=\"s1\"><i>Palabras clave<\/i><b>:<\/b> improvisaci\u00f3n, guaguanc\u00f3, percusi\u00f3n, m\u00fasica popular, estrategias de improvisaci\u00f3n.<\/span><\/p>\n","protected":false},"excerpt":{"rendered":"<p>III COLOQUIO DE ESTUDIANTES DE INVESTIGACI\u00d3N MUSICAL \u2013 2023 \u00abEstrategias de improvisaci\u00f3n en el Guaguanc\u00f3 en Arequipa 2021-2022&#8243;. (Maquera Gonzalo, Christian Fernando) Resumen La improvisaci\u00f3n en latinoam\u00e9rica es muy frecuente en la m\u00fasica popular, por ello es fundamental tener en claro el papel que desempe\u00f1an el g\u00e9nero y la tradici\u00f3n en el contexto improvisatorio, esto [&hellip;]<\/p>\n","protected":false},"author":9,"featured_media":0,"parent":0,"menu_order":0,"comment_status":"closed","ping_status":"closed","template":"","meta":{"_acf_changed":false,"footnotes":""},"class_list":["post-3922","page","type-page","status-publish","hentry"],"acf":[],"_links":{"self":[{"href":"https:\/\/ffh.unsa.edu.pe\/artes\/wp-json\/wp\/v2\/pages\/3922","targetHints":{"allow":["GET"]}}],"collection":[{"href":"https:\/\/ffh.unsa.edu.pe\/artes\/wp-json\/wp\/v2\/pages"}],"about":[{"href":"https:\/\/ffh.unsa.edu.pe\/artes\/wp-json\/wp\/v2\/types\/page"}],"author":[{"embeddable":true,"href":"https:\/\/ffh.unsa.edu.pe\/artes\/wp-json\/wp\/v2\/users\/9"}],"replies":[{"embeddable":true,"href":"https:\/\/ffh.unsa.edu.pe\/artes\/wp-json\/wp\/v2\/comments?post=3922"}],"version-history":[{"count":2,"href":"https:\/\/ffh.unsa.edu.pe\/artes\/wp-json\/wp\/v2\/pages\/3922\/revisions"}],"predecessor-version":[{"id":3924,"href":"https:\/\/ffh.unsa.edu.pe\/artes\/wp-json\/wp\/v2\/pages\/3922\/revisions\/3924"}],"wp:attachment":[{"href":"https:\/\/ffh.unsa.edu.pe\/artes\/wp-json\/wp\/v2\/media?parent=3922"}],"curies":[{"name":"wp","href":"https:\/\/api.w.org\/{rel}","templated":true}]}}