{"id":4192,"date":"2025-02-04T12:10:55","date_gmt":"2025-02-04T17:10:55","guid":{"rendered":"https:\/\/ffh.unsa.edu.pe\/artes\/?page_id=4192"},"modified":"2025-09-04T09:54:52","modified_gmt":"2025-09-04T14:54:52","slug":"modelo-educativo-unsa","status":"publish","type":"page","link":"https:\/\/ffh.unsa.edu.pe\/artes\/modelo-educativo-unsa\/","title":{"rendered":"Modelo Educativo UNSA"},"content":{"rendered":"<p>Haz lick en las imagenes para ver los modelos educativos<\/p>\n<p><a href=\"https:\/\/drive.google.com\/file\/d\/1xl8enufkHjlQtyCc71Z8x3pen-P3aR7d\/view\"><img loading=\"lazy\" decoding=\"async\" class=\"alignnone size-medium wp-image-4391\" src=\"https:\/\/ffh.unsa.edu.pe\/artes\/wp-content\/uploads\/sites\/2\/2025\/09\/Modelo-educativo-1-215x203.png\" alt=\"\" width=\"215\" height=\"203\" \/><\/a>\u00a0 \u00a0 \u00a0 \u00a0 \u00a0 \u00a0 \u00a0<a href=\"https:\/\/drive.google.com\/file\/d\/1Pwo0ZwHz99DFV-SBD_NwZxQAdQwbJ4Zl\/view\"><img loading=\"lazy\" decoding=\"async\" class=\"alignnone wp-image-4392\" src=\"https:\/\/ffh.unsa.edu.pe\/artes\/wp-content\/uploads\/sites\/2\/2025\/09\/modelo-educativo-2-238x203.png\" alt=\"\" width=\"219\" height=\"187\" \/>\u00a0 \u00a0 \u00a0 \u00a0 \u00a0 \u00a0 \u00a0<\/a><a href=\"https:\/\/www.facebook.com\/DirecciondeDesarrolloDocente\/videos\/2147756968991507\/?rdid=FDfpnE4Z2U7GuDB0#\"><img loading=\"lazy\" decoding=\"async\" class=\"alignnone wp-image-4394\" src=\"https:\/\/ffh.unsa.edu.pe\/artes\/wp-content\/uploads\/sites\/2\/2025\/09\/Video-Modelo-educativo-237x203.png\" alt=\"\" width=\"223\" height=\"191\" \/><br \/>\n<\/a><\/p>\n<p><strong>BASADO EN COMPETENCIAS<\/strong><\/p>\n<p>La universidad entiende como competencia a la \u201cconfiguraci\u00f3n did\u00e1ctica que expresa cualidades y propiedades de la persona que le permiten desenvolverse eficazmente en contextos diversos y cumplir adecuadamente una funci\u00f3n, tarea o actividad. Integra conocimientos, habilidades y actitudes; es decir, implica todas las dimensiones del ser humano: saber, saber hacer, saber ser, saber convivir\u00bb.<\/p>\n<p><strong>Competencias generales<\/strong><\/p>\n<p>Est\u00e1n conformadas por la integraci\u00f3n de aquellos conocimientos, habilidades y actitudes que todos los estudiantes de la UNSA deben de lograr al culminar sus carreras profesionales, para un desempe\u00f1o eficiente y \u00e9tico en contextos personales, sociales, acad\u00e9micos y laborales. Se basan en la misi\u00f3n, visi\u00f3n y valores institucionales, por ello representan la esencia de nuestra universidad.<\/p>\n<p><strong>Competencias espec\u00edficas<\/strong><\/p>\n<p>Est\u00e1n conformadas por la integraci\u00f3n de conocimientos, habilidades y actitudes que todos los estudiantes de una escuela profesional de la UNSA deben de lograr al culminar sus carreras profesionales. Se orientan al desarrollo de las capacidades necesarias para desempe\u00f1arse de manera efectiva en un campo profesional determinado.<\/p>\n<p><strong>Competencias de especialidad<\/strong><\/p>\n<p>Est\u00e1n conformadas por la integraci\u00f3n de conocimientos, habilidades y actitudes que todos los estudiantes de un programa de estudios de la UNSA deben de lograr al culminar sus carreras profesionales. Se orientan a preparar a los estudiantes para desempe\u00f1arse como expertos en un dominio particular.<\/p>\n","protected":false},"excerpt":{"rendered":"<p>Haz lick en las imagenes para ver los modelos educativos \u00a0 \u00a0 \u00a0 \u00a0 \u00a0 \u00a0 \u00a0\u00a0 \u00a0 \u00a0 \u00a0 \u00a0 \u00a0 \u00a0 BASADO EN COMPETENCIAS La universidad entiende como competencia a la \u201cconfiguraci\u00f3n did\u00e1ctica que expresa cualidades y propiedades de la persona que le permiten desenvolverse eficazmente en contextos diversos y cumplir adecuadamente una [&hellip;]<\/p>\n","protected":false},"author":9,"featured_media":0,"parent":0,"menu_order":0,"comment_status":"closed","ping_status":"closed","template":"","meta":{"_acf_changed":false,"footnotes":""},"class_list":["post-4192","page","type-page","status-publish","hentry"],"acf":[],"_links":{"self":[{"href":"https:\/\/ffh.unsa.edu.pe\/artes\/wp-json\/wp\/v2\/pages\/4192","targetHints":{"allow":["GET"]}}],"collection":[{"href":"https:\/\/ffh.unsa.edu.pe\/artes\/wp-json\/wp\/v2\/pages"}],"about":[{"href":"https:\/\/ffh.unsa.edu.pe\/artes\/wp-json\/wp\/v2\/types\/page"}],"author":[{"embeddable":true,"href":"https:\/\/ffh.unsa.edu.pe\/artes\/wp-json\/wp\/v2\/users\/9"}],"replies":[{"embeddable":true,"href":"https:\/\/ffh.unsa.edu.pe\/artes\/wp-json\/wp\/v2\/comments?post=4192"}],"version-history":[{"count":15,"href":"https:\/\/ffh.unsa.edu.pe\/artes\/wp-json\/wp\/v2\/pages\/4192\/revisions"}],"predecessor-version":[{"id":4398,"href":"https:\/\/ffh.unsa.edu.pe\/artes\/wp-json\/wp\/v2\/pages\/4192\/revisions\/4398"}],"wp:attachment":[{"href":"https:\/\/ffh.unsa.edu.pe\/artes\/wp-json\/wp\/v2\/media?parent=4192"}],"curies":[{"name":"wp","href":"https:\/\/api.w.org\/{rel}","templated":true}]}}