{"id":4319,"date":"2025-09-03T12:08:07","date_gmt":"2025-09-03T17:08:07","guid":{"rendered":"https:\/\/ffh.unsa.edu.pe\/artes\/?page_id=4319"},"modified":"2025-09-04T12:17:47","modified_gmt":"2025-09-04T17:17:47","slug":"perfil-del-ingresante-2025","status":"publish","type":"page","link":"https:\/\/ffh.unsa.edu.pe\/artes\/perfil-del-ingresante-2025\/","title":{"rendered":"Perfil del ingresante Pl\u00e1sticas 2025"},"content":{"rendered":"<p style=\"text-align: left\"><span style=\"font-weight: 400\">Los ingresantes a la carrera de artes pl\u00e1sticas poseen capacidades y aptitudes de percepci\u00f3n visual, manejo necesario de medios art\u00edstico-pl\u00e1sticos, con saberes previos, disponibilidad e inter\u00e9s para una formaci\u00f3n acad\u00e9mica integral, capacidades para la investigaci\u00f3n, el aprendizaje aut\u00f3nomo y colectivo, valores, actitud proactiva, tolerancia y respeto.<\/span><\/p>\n","protected":false},"excerpt":{"rendered":"<p>Los ingresantes a la carrera de artes pl\u00e1sticas poseen capacidades y aptitudes de percepci\u00f3n visual, manejo necesario de medios art\u00edstico-pl\u00e1sticos, con saberes previos, disponibilidad e inter\u00e9s para una formaci\u00f3n acad\u00e9mica integral, capacidades para la investigaci\u00f3n, el aprendizaje aut\u00f3nomo y colectivo, valores, actitud proactiva, tolerancia y respeto.<\/p>\n","protected":false},"author":8,"featured_media":0,"parent":0,"menu_order":0,"comment_status":"closed","ping_status":"closed","template":"","meta":{"_acf_changed":false,"footnotes":""},"class_list":["post-4319","page","type-page","status-publish","hentry"],"acf":[],"_links":{"self":[{"href":"https:\/\/ffh.unsa.edu.pe\/artes\/wp-json\/wp\/v2\/pages\/4319","targetHints":{"allow":["GET"]}}],"collection":[{"href":"https:\/\/ffh.unsa.edu.pe\/artes\/wp-json\/wp\/v2\/pages"}],"about":[{"href":"https:\/\/ffh.unsa.edu.pe\/artes\/wp-json\/wp\/v2\/types\/page"}],"author":[{"embeddable":true,"href":"https:\/\/ffh.unsa.edu.pe\/artes\/wp-json\/wp\/v2\/users\/8"}],"replies":[{"embeddable":true,"href":"https:\/\/ffh.unsa.edu.pe\/artes\/wp-json\/wp\/v2\/comments?post=4319"}],"version-history":[{"count":2,"href":"https:\/\/ffh.unsa.edu.pe\/artes\/wp-json\/wp\/v2\/pages\/4319\/revisions"}],"predecessor-version":[{"id":4458,"href":"https:\/\/ffh.unsa.edu.pe\/artes\/wp-json\/wp\/v2\/pages\/4319\/revisions\/4458"}],"wp:attachment":[{"href":"https:\/\/ffh.unsa.edu.pe\/artes\/wp-json\/wp\/v2\/media?parent=4319"}],"curies":[{"name":"wp","href":"https:\/\/api.w.org\/{rel}","templated":true}]}}