{"id":4323,"date":"2025-09-03T12:12:26","date_gmt":"2025-09-03T17:12:26","guid":{"rendered":"https:\/\/ffh.unsa.edu.pe\/artes\/?page_id=4323"},"modified":"2025-09-04T12:11:32","modified_gmt":"2025-09-04T17:11:32","slug":"perfil-del-egresante","status":"publish","type":"page","link":"https:\/\/ffh.unsa.edu.pe\/artes\/perfil-del-egresante\/","title":{"rendered":"Perfil del Egresado Especialidad de Pl\u00e1sticas Plan de estudios 2025"},"content":{"rendered":"<p><span style=\"font-weight: 400\">El perfil del egresado indica que: Los egresados del programa de estudios de artes pl\u00e1sticas poseen una formaci\u00f3n integral actualizada, para la producci\u00f3n art\u00edstica, con dominio de las teor\u00edas, procedimientos y lenguajes, propios de las artes pl\u00e1sticas; con capacidad cr\u00edtica, investigadora, creativa y de gesti\u00f3n art\u00edstica, siendo responsables en todos los aspectos relacionados a su campo profesional, con visi\u00f3n proactiva vinculada al desarrollo cultural y social.<\/span><\/p>\n","protected":false},"excerpt":{"rendered":"<p>El perfil del egresado indica que: Los egresados del programa de estudios de artes pl\u00e1sticas poseen una formaci\u00f3n integral actualizada, para la producci\u00f3n art\u00edstica, con dominio de las teor\u00edas, procedimientos y lenguajes, propios de las artes pl\u00e1sticas; con capacidad cr\u00edtica, investigadora, creativa y de gesti\u00f3n art\u00edstica, siendo responsables en todos los aspectos relacionados a su [&hellip;]<\/p>\n","protected":false},"author":8,"featured_media":0,"parent":0,"menu_order":0,"comment_status":"closed","ping_status":"closed","template":"","meta":{"_acf_changed":false,"footnotes":""},"class_list":["post-4323","page","type-page","status-publish","hentry"],"acf":[],"_links":{"self":[{"href":"https:\/\/ffh.unsa.edu.pe\/artes\/wp-json\/wp\/v2\/pages\/4323","targetHints":{"allow":["GET"]}}],"collection":[{"href":"https:\/\/ffh.unsa.edu.pe\/artes\/wp-json\/wp\/v2\/pages"}],"about":[{"href":"https:\/\/ffh.unsa.edu.pe\/artes\/wp-json\/wp\/v2\/types\/page"}],"author":[{"embeddable":true,"href":"https:\/\/ffh.unsa.edu.pe\/artes\/wp-json\/wp\/v2\/users\/8"}],"replies":[{"embeddable":true,"href":"https:\/\/ffh.unsa.edu.pe\/artes\/wp-json\/wp\/v2\/comments?post=4323"}],"version-history":[{"count":4,"href":"https:\/\/ffh.unsa.edu.pe\/artes\/wp-json\/wp\/v2\/pages\/4323\/revisions"}],"predecessor-version":[{"id":4452,"href":"https:\/\/ffh.unsa.edu.pe\/artes\/wp-json\/wp\/v2\/pages\/4323\/revisions\/4452"}],"wp:attachment":[{"href":"https:\/\/ffh.unsa.edu.pe\/artes\/wp-json\/wp\/v2\/media?parent=4323"}],"curies":[{"name":"wp","href":"https:\/\/api.w.org\/{rel}","templated":true}]}}