{"id":4368,"date":"2025-09-03T13:35:23","date_gmt":"2025-09-03T18:35:23","guid":{"rendered":"https:\/\/ffh.unsa.edu.pe\/artes\/?page_id=4368"},"modified":"2025-09-04T12:07:34","modified_gmt":"2025-09-04T17:07:34","slug":"admision-musica","status":"publish","type":"page","link":"https:\/\/ffh.unsa.edu.pe\/artes\/admision-musica\/","title":{"rendered":"Admisi\u00f3n M\u00fasica 2026"},"content":{"rendered":"<h2 class=\"cate-tit-cont\">Guia de Admisi\u00f3n Programa de Estudios de Artes M\u00fasica<\/h2>\n<article id=\"cont-sin\">\n<div class=\"row\">\n<div class=\"col-lg-12\">\n<p><a href=\"https:\/\/ffh.unsa.edu.pe\/artes\/guia-de-admision-2025-musica\/\">GUIA DE ADMISI\u00d3N 2026<\/a><\/p>\n<p class=\"p1\">Como parte del proceso de admisi\u00f3n al programa profesional de Artes, los postulantes deber\u00e1n rendir una evaluaci\u00f3n \u00a0previa (perfil vocacional) de car\u00e1cter obligatorio. Esta evaluaci\u00f3n constituye un requisito indispensable para poder inscribirse y postular formalmente al programa. Solo los postulantes que aprueben \u00a0esta evaluaci\u00f3n podr\u00e1n continuar con el proceso de inscripci\u00f3n.<\/p>\n<p>Los postulantes deber\u00e1n presentarse puntualmente a la evaluaci\u00f3n en la fecha, hora y lugar indicados en el momento de su inscripci\u00f3n al examen, portando lo solicitado en cada una de las diferentes especialidades (M\u00fasica y Pl\u00e1sticas)<\/p>\n<p>El puntaje total de la evaluaci\u00f3n previa es de 100 puntos, obtenidos por la sumatoria de todos los componentes evaluados. Para ser considerado como\u00a0 (APTO) \u00a0y continuar con el proceso de admisi\u00f3n, el postulante deber\u00e1 obtener un puntaje igual o mayor a los 51 puntos en dicha evaluaci\u00f3n.<\/p>\n<h2><strong>ESPECIALIDAD: MUSICA<\/strong><\/h2>\n<p>La evaluaci\u00f3n previa comprende dos componentes principales:<\/p>\n<p><strong>1. Instrumento principal:<\/strong>\u00a0Repertorio, Estudios, Escalas y Lectura a primera vista<\/p>\n<p class=\"p2\">El postulante tendr\u00e1 que ejecutar el contenido proporcionado para cada especialidad instrumental que contiene ejercicios obligatorios como Repertorio, Estudios y Escalas.<\/p>\n<p>*\u00a0<em>el postulante debera treaer: lapiz, borrador, tarjador, partituras de lo solicitado e instrumento propio, con excepci\u00f3n de los postulantes a piano, contrabajo y percusi\u00f3n, quienes solo deber\u00e1n llevar sus baquetas.<\/em><\/p>\n<p><img loading=\"lazy\" decoding=\"async\" class=\"aligncenter size-full wp-image-3940\" src=\"https:\/\/ffh.unsa.edu.pe\/artes\/wp-content\/uploads\/sites\/2\/2024\/08\/Comp-Instr.png\" alt=\"\" width=\"372\" height=\"80\" \/><\/p>\n<p><a href=\"https:\/\/ffh.unsa.edu.pe\/artes\/wp-content\/uploads\/sites\/2\/2024\/08\/GUIA-INSTRUMENTO-PRINCIPAL-1.docx-1.pdf\" target=\"_blank\" rel=\"noopener\">VER GU\u00cdA INSTRUMENTO PRINCIPAL<\/a><\/p>\n<p><strong>2. Teor\u00eda y Lenguaje musical:<\/strong>\u00a0Teor\u00eda b\u00e1sica, audioperceptiva, historia de la m\u00fasica, lectoescritura hablada y entonada.<\/p>\n<p class=\"p2\">En este componente se incluye lo b\u00e1sico de la lecto-escritura musical como: el pentagrama, comp\u00e1s, figuras de nota, escala, arpegios, intervalos. Por otro lado en la parte pr\u00e1ctica se ejecutar\u00e1n ejercicios b\u00e1sicos de lectura musical hablada, entonada y r\u00edtmica.<\/p>\n<p><img loading=\"lazy\" decoding=\"async\" class=\"aligncenter size-full wp-image-3941\" src=\"https:\/\/ffh.unsa.edu.pe\/artes\/wp-content\/uploads\/sites\/2\/2024\/08\/Comp-Teo.png\" alt=\"\" width=\"461\" height=\"79\" \/><\/p>\n<p><a href=\"https:\/\/ffh.unsa.edu.pe\/artes\/wp-content\/uploads\/sites\/2\/2024\/08\/GUIA-LENGUAJE-MUSICAL-1.docx.pdf\" target=\"_blank\" rel=\"noopener\">VER GU\u00cdA LENGUAJE MUSICAL<\/a><\/p>\n<p><a href=\"https:\/\/ffh.unsa.edu.pe\/artes\/wp-content\/uploads\/sites\/2\/2024\/08\/GUIA-HISTORIA-DE-LA-MUSICA-1.pdf\" target=\"_blank\" rel=\"noopener\">VER GU\u00cdA HISTORIA DE LA M\u00daSICA<\/a><\/p>\n<p><a href=\"https:\/\/ffh.unsa.edu.pe\/artes\/wp-content\/uploads\/sites\/2\/2024\/08\/PRUEBA-PILOTO-PRACTICA-lenguaje-musical.pdf\" target=\"_blank\" rel=\"noopener\">VER PRUEBA PILOTO<\/a><\/p>\n<\/div>\n<p>&nbsp;<\/p>\n<p>Documentos de Admisi\u00f3n de la especialidad de Pl\u00e1sticas 2025<\/p>\n<ul>\n<li><a href=\"https:\/\/ffh.unsa.edu.pe\/artes\/wp-content\/uploads\/sites\/2\/2025\/09\/3.-GUIA-DE-ADMISION-2025-ARTES-MUSICA-.pdf\">Gu\u00eda de admisi\u00f3n de Artes M\u00fasica 2025<\/a><\/li>\n<li><a href=\"https:\/\/ffh.unsa.edu.pe\/artes\/wp-content\/uploads\/sites\/2\/2025\/09\/2.-Informe-de-Propedeutica-del-Programa-2025-1.pdf\">Informe de Proped\u00e9utica del Programa 2025<\/a>&nbsp;<\/li>\n<\/ul>\n<ul>\n<li>Guia de admisi\u00f3n de Artes M\u00fasica-2025<\/li>\n<\/ul>\n<p><strong>Reglamentos y Cronogramas<\/strong><\/p>\n<p><a href=\"https:\/\/ffh.unsa.edu.pe\/artes\/wp-content\/uploads\/sites\/2\/2025\/09\/RCU-N\u00b00219-2024-Reglamento-del-Proceso-de-Admision-y-convocatoria-de-Pregrado-a-la-UNSA.pdf\">RCU N\u00b00219-2024 Reglamento del Proceso de Admision y convocatoria de Pregrado a la UNSA<\/a><\/p>\n<p><a href=\"https:\/\/ffh.unsa.edu.pe\/artes\/wp-content\/uploads\/sites\/2\/2025\/09\/RCU-N\u00b0-0074-2025-Cronograma-de-admision-2026.pdf\">RCU N\u00b0 0074-2025 Cronograma de Admisi\u00f3n 2026<\/a><\/p>\n<\/div>\n<\/article>\n","protected":false},"excerpt":{"rendered":"<p>Guia de Admisi\u00f3n Programa de Estudios de Artes M\u00fasica GUIA DE ADMISI\u00d3N 2026 Como parte del proceso de admisi\u00f3n al programa profesional de Artes, los postulantes deber\u00e1n rendir una evaluaci\u00f3n \u00a0previa (perfil vocacional) de car\u00e1cter obligatorio. Esta evaluaci\u00f3n constituye un requisito indispensable para poder inscribirse y postular formalmente al programa. Solo los postulantes que aprueben [&hellip;]<\/p>\n","protected":false},"author":8,"featured_media":0,"parent":0,"menu_order":0,"comment_status":"closed","ping_status":"closed","template":"","meta":{"_acf_changed":false,"footnotes":""},"class_list":["post-4368","page","type-page","status-publish","hentry"],"acf":[],"_links":{"self":[{"href":"https:\/\/ffh.unsa.edu.pe\/artes\/wp-json\/wp\/v2\/pages\/4368","targetHints":{"allow":["GET"]}}],"collection":[{"href":"https:\/\/ffh.unsa.edu.pe\/artes\/wp-json\/wp\/v2\/pages"}],"about":[{"href":"https:\/\/ffh.unsa.edu.pe\/artes\/wp-json\/wp\/v2\/types\/page"}],"author":[{"embeddable":true,"href":"https:\/\/ffh.unsa.edu.pe\/artes\/wp-json\/wp\/v2\/users\/8"}],"replies":[{"embeddable":true,"href":"https:\/\/ffh.unsa.edu.pe\/artes\/wp-json\/wp\/v2\/comments?post=4368"}],"version-history":[{"count":7,"href":"https:\/\/ffh.unsa.edu.pe\/artes\/wp-json\/wp\/v2\/pages\/4368\/revisions"}],"predecessor-version":[{"id":4444,"href":"https:\/\/ffh.unsa.edu.pe\/artes\/wp-json\/wp\/v2\/pages\/4368\/revisions\/4444"}],"wp:attachment":[{"href":"https:\/\/ffh.unsa.edu.pe\/artes\/wp-json\/wp\/v2\/media?parent=4368"}],"curies":[{"name":"wp","href":"https:\/\/api.w.org\/{rel}","templated":true}]}}