{"id":4373,"date":"2025-09-03T13:37:09","date_gmt":"2025-09-03T18:37:09","guid":{"rendered":"https:\/\/ffh.unsa.edu.pe\/artes\/?page_id=4373"},"modified":"2025-09-04T12:21:05","modified_gmt":"2025-09-04T17:21:05","slug":"programa-de-tutoria-2025","status":"publish","type":"page","link":"https:\/\/ffh.unsa.edu.pe\/artes\/programa-de-tutoria-2025\/","title":{"rendered":"Programa de Tutor\u00eda 2025"},"content":{"rendered":"<p class=\"p1\"><span class=\"s1\">El objetivo del Programa de Tutor\u00eda es acompa\u00f1ar a los estudiantes de pregrado durante su etapa universitaria, como acci\u00f3n inherente y complementaria de la labor docente, creando espacios para que los estudiantes puedan informarse, dialogar y reflexionar.\u00a0<\/span><\/p>\n<p>La comisi\u00f3n permanente de Tutor\u00eda de la Escuela Profesional de Artes ha elaborado el Plan de Trabajo Anual del Programa de Tutor\u00eda, el cual establece las l\u00edneas generales de las\u00a0 fases del proceso de tutor\u00eda para el a\u00f1o 2023.<\/p>\n<p>Enlace: <a href=\"https:\/\/ffh.unsa.edu.pe\/artes\/wp-content\/uploads\/sites\/2\/2025\/09\/PLAN-ANUAL-COMISIO\u0301N-TUTORI\u0301A-2025-ARTES-MU\u0301SICA-Y-PLA\u0301STICAS-1.pdf\">PLAN ANUAL TUTORI\u0301A 2025 &#8211; ARTES &#8211; MU\u0301SICA Y PLA\u0301STICAS<\/a><\/p>\n<p>&nbsp;<\/p>\n<p class=\"p1\"><span class=\"s1\"><div class=\"cua-gra\"><\/span><strohidden-xs ng>COMISI\u00d3N DE TUTOR\u00cdA ESPECIALIDAD DE PL\u00c1STICAS<\/strong><\/p>\n<p>Presidenta: Lic. Lenka Rossana Trevi\u00f1o Mari\u00f1o<\/p>\n<p>Integrante: Mag. Jos\u00e9 Andr\u00e9s Lara Quilla<\/p>\n<p>Integrante: Mag. Slink Victor Due\u00f1as Silva<\/p>\n<p>Integrante: Mag. Rose Marie Torres Pinto<span class=\"s1\"><\/div><\/span><\/p>\n<p class=\"p1\"><span class=\"s1\"><div class=\"cua-gri\"><\/span><strohidden-xs ng>COMISI\u00d3N DE TUTOR\u00cdA ESPECIALIDAD DE M\u00daSICA<\/strong><\/p>\n<p>Presidenta: Mag. Marilia Esther Quispe \u00c1lvarez<\/p>\n<p>Integrante: Mag. Jos\u00e9 Antonio Flores Calisaya<\/p>\n<p>Integrante: Dra. Daysi Evelyn Rojas Mamani<\/p>\n<p>Integrante: Mag. Francisco Samael Saravia Ramos<\/p>\n<p class=\"p1\"><span class=\"s1\">Integrante: Lic. Gissela Marivel Llica Yaguno<\/span><\/div><\/p>\n<p>&nbsp;<\/p>\n<p>Fuente: RESOLUCI\u00d3N DIRECTORAL N\u00b0 006-2025<\/p>\n","protected":false},"excerpt":{"rendered":"<p>El objetivo del Programa de Tutor\u00eda es acompa\u00f1ar a los estudiantes de pregrado durante su etapa universitaria, como acci\u00f3n inherente y complementaria de la labor docente, creando espacios para que los estudiantes puedan informarse, dialogar y reflexionar.\u00a0 La comisi\u00f3n permanente de Tutor\u00eda de la Escuela Profesional de Artes ha elaborado el Plan de Trabajo Anual [&hellip;]<\/p>\n","protected":false},"author":8,"featured_media":0,"parent":0,"menu_order":0,"comment_status":"closed","ping_status":"closed","template":"","meta":{"_acf_changed":false,"footnotes":""},"class_list":["post-4373","page","type-page","status-publish","hentry"],"acf":[],"_links":{"self":[{"href":"https:\/\/ffh.unsa.edu.pe\/artes\/wp-json\/wp\/v2\/pages\/4373","targetHints":{"allow":["GET"]}}],"collection":[{"href":"https:\/\/ffh.unsa.edu.pe\/artes\/wp-json\/wp\/v2\/pages"}],"about":[{"href":"https:\/\/ffh.unsa.edu.pe\/artes\/wp-json\/wp\/v2\/types\/page"}],"author":[{"embeddable":true,"href":"https:\/\/ffh.unsa.edu.pe\/artes\/wp-json\/wp\/v2\/users\/8"}],"replies":[{"embeddable":true,"href":"https:\/\/ffh.unsa.edu.pe\/artes\/wp-json\/wp\/v2\/comments?post=4373"}],"version-history":[{"count":12,"href":"https:\/\/ffh.unsa.edu.pe\/artes\/wp-json\/wp\/v2\/pages\/4373\/revisions"}],"predecessor-version":[{"id":4465,"href":"https:\/\/ffh.unsa.edu.pe\/artes\/wp-json\/wp\/v2\/pages\/4373\/revisions\/4465"}],"wp:attachment":[{"href":"https:\/\/ffh.unsa.edu.pe\/artes\/wp-json\/wp\/v2\/media?parent=4373"}],"curies":[{"name":"wp","href":"https:\/\/api.w.org\/{rel}","templated":true}]}}