{"id":4379,"date":"2025-09-03T13:43:25","date_gmt":"2025-09-03T18:43:25","guid":{"rendered":"https:\/\/ffh.unsa.edu.pe\/artes\/?page_id=4379"},"modified":"2025-09-04T10:20:01","modified_gmt":"2025-09-04T15:20:01","slug":"integridad","status":"publish","type":"page","link":"https:\/\/ffh.unsa.edu.pe\/artes\/integridad\/","title":{"rendered":"Integridad"},"content":{"rendered":"<p>Modelo de Integridad<br class=\"html-br\" \/><br class=\"html-br\" \/>El \u00abModelo de Integridad\u00bb es el conjunto de orientaciones organizadas de manera sistem\u00e1tica en componentes, para fortalecer la capacidad de prevenci\u00f3n y de respuesta de las entidades p\u00fablicas frente a la corrupci\u00f3n y diversas pr\u00e1cticas anti\u00e9ticas. Supone el desarrollo de un trabajo articulado y colaborativo entre las unidades de organizaci\u00f3n para implementar el enfoque de integridad p\u00fablica, incluyendo el cumplimiento de normas, la adopci\u00f3n de buenas pr\u00e1cticas de integridad; as\u00ed como la implementaci\u00f3n de directrices, lineamientos, gu\u00edas, herramientas y mecanismos necesarios para su implementaci\u00f3n (DECRETO SUPREMO N\u00b0 148-2024-PCM).<\/p>\n<p><img loading=\"lazy\" decoding=\"async\" class=\"size-medium wp-image-4400 aligncenter\" src=\"https:\/\/ffh.unsa.edu.pe\/artes\/wp-content\/uploads\/sites\/2\/2025\/09\/Integridad-e1756998994876-360x203.jpg\" alt=\"\" width=\"360\" height=\"203\" \/><\/p>\n<p>Haz clic en el siguiente enlace:<\/p>\n<p><a href=\"https:\/\/ffh.unsa.edu.pe\/artes\/wp-content\/uploads\/sites\/2\/2025\/09\/R.R.-N\u00b0-0731-2025_Exp.-1018166-2025-Aprueba-Programa-de-Integridad-2025-de-la-Universidad-Nacional-de-San-Agustin-de-Arequipa.pdf\">R.R. N\u00b0 0731-2025_Exp. 1018166-2025 Aprueba Programa de Integridad 2025 de la Universidad Nacional de San Agust\u00edn de Arequipa<\/a><\/p>\n","protected":false},"excerpt":{"rendered":"<p>Modelo de IntegridadEl \u00abModelo de Integridad\u00bb es el conjunto de orientaciones organizadas de manera sistem\u00e1tica en componentes, para fortalecer la capacidad de prevenci\u00f3n y de respuesta de las entidades p\u00fablicas frente a la corrupci\u00f3n y diversas pr\u00e1cticas anti\u00e9ticas. Supone el desarrollo de un trabajo articulado y colaborativo entre las unidades de organizaci\u00f3n para implementar el [&hellip;]<\/p>\n","protected":false},"author":8,"featured_media":0,"parent":0,"menu_order":0,"comment_status":"closed","ping_status":"closed","template":"","meta":{"_acf_changed":false,"footnotes":""},"class_list":["post-4379","page","type-page","status-publish","hentry"],"acf":[],"_links":{"self":[{"href":"https:\/\/ffh.unsa.edu.pe\/artes\/wp-json\/wp\/v2\/pages\/4379","targetHints":{"allow":["GET"]}}],"collection":[{"href":"https:\/\/ffh.unsa.edu.pe\/artes\/wp-json\/wp\/v2\/pages"}],"about":[{"href":"https:\/\/ffh.unsa.edu.pe\/artes\/wp-json\/wp\/v2\/types\/page"}],"author":[{"embeddable":true,"href":"https:\/\/ffh.unsa.edu.pe\/artes\/wp-json\/wp\/v2\/users\/8"}],"replies":[{"embeddable":true,"href":"https:\/\/ffh.unsa.edu.pe\/artes\/wp-json\/wp\/v2\/comments?post=4379"}],"version-history":[{"count":4,"href":"https:\/\/ffh.unsa.edu.pe\/artes\/wp-json\/wp\/v2\/pages\/4379\/revisions"}],"predecessor-version":[{"id":4403,"href":"https:\/\/ffh.unsa.edu.pe\/artes\/wp-json\/wp\/v2\/pages\/4379\/revisions\/4403"}],"wp:attachment":[{"href":"https:\/\/ffh.unsa.edu.pe\/artes\/wp-json\/wp\/v2\/media?parent=4379"}],"curies":[{"name":"wp","href":"https:\/\/api.w.org\/{rel}","templated":true}]}}