{"id":4427,"date":"2025-09-04T11:40:22","date_gmt":"2025-09-04T16:40:22","guid":{"rendered":"https:\/\/ffh.unsa.edu.pe\/artes\/?page_id=4427"},"modified":"2025-09-04T11:42:52","modified_gmt":"2025-09-04T16:42:52","slug":"programa-de-tutoria-2024","status":"publish","type":"page","link":"https:\/\/ffh.unsa.edu.pe\/artes\/programa-de-tutoria-2024\/","title":{"rendered":"Programa de Tutor\u00eda 2024"},"content":{"rendered":"<p class=\"p1\"><span class=\"s1\">El objetivo del Programa de Tutor\u00eda es acompa\u00f1ar a los estudiantes de pregrado durante su etapa universitaria, como acci\u00f3n inherente y complementaria de la labor docente, creando espacios para que los estudiantes puedan informarse, dialogar y reflexionar.\u00a0<\/span><\/p>\n<p>La comisi\u00f3n permanente de Tutor\u00eda de la Escuela Profesional de Artes ha elaborado el Plan de Trabajo Anual del Programa de Tutor\u00eda, el cual establece las l\u00edneas generales de las\u00a0 fases del proceso de tutor\u00eda para el a\u00f1o 2023.<\/p>\n<p>Enlace: <a href=\"https:\/\/ffh.unsa.edu.pe\/artes\/wp-content\/uploads\/sites\/2\/2025\/09\/3.-PLAN-ANUAL-COMISION-TUTORIA-2024-ARTES-MUSICA-Y-PLASTICAS-1.pdf\">PLAN ANUAL 2024 &#8211; ARTES &#8211; M\u00daSICA Y PL\u00c1STICAS<\/a><\/p>\n<p>&nbsp;<\/p>\n<p class=\"p1\"><span class=\"s1\"><div class=\"cua-gri\"><\/span><strohidden-xs ng>COMISI\u00d3N DE TUTOR\u00cdA ESPECIALIDAD DE M\u00daSICA<\/strong><\/p>\n<p>Mag. Carlos Otto Fern\u00e1ndez Su\u00e1rez (Presidente)<\/p>\n<p>Dra. Daysi Evelyn Rojas Mamani<\/p>\n<p>Mag. Jos\u00e9 Antonio Flores Calisaya<\/p>\n<p>Mag. Marilia Esther Quispe \u00c1lvarez<\/p>\n<p>Mag. Francisco Samael Saravia Ramos<\/div><\/p>\n<p class=\"p1\"><span class=\"s1\"><div class=\"cua-gra\"><\/span><strohidden-xs ng>COMISI\u00d3N DE TUTOR\u00cdA ESPECIALIDAD DE PL\u00c1STICAS<\/strong><\/p>\n<p>Lic. Lenka Rossana Trevi\u00f1o Mari\u00f1o (Presidenta)<\/p>\n<p>Mag. Carlos Adolfo Clavijo Velarde<\/p>\n<p>Mag. Slink V\u00edctor Due\u00f1as Silva<\/p>\n<p>Mag. Rose Marie Torres Pinto<\/div><\/p>\n<p class=\"p1\">\n<p>&nbsp;<\/p>\n","protected":false},"excerpt":{"rendered":"<p>El objetivo del Programa de Tutor\u00eda es acompa\u00f1ar a los estudiantes de pregrado durante su etapa universitaria, como acci\u00f3n inherente y complementaria de la labor docente, creando espacios para que los estudiantes puedan informarse, dialogar y reflexionar.\u00a0 La comisi\u00f3n permanente de Tutor\u00eda de la Escuela Profesional de Artes ha elaborado el Plan de Trabajo Anual [&hellip;]<\/p>\n","protected":false},"author":8,"featured_media":0,"parent":0,"menu_order":0,"comment_status":"closed","ping_status":"closed","template":"","meta":{"_acf_changed":false,"footnotes":""},"class_list":["post-4427","page","type-page","status-publish","hentry"],"acf":[],"_links":{"self":[{"href":"https:\/\/ffh.unsa.edu.pe\/artes\/wp-json\/wp\/v2\/pages\/4427","targetHints":{"allow":["GET"]}}],"collection":[{"href":"https:\/\/ffh.unsa.edu.pe\/artes\/wp-json\/wp\/v2\/pages"}],"about":[{"href":"https:\/\/ffh.unsa.edu.pe\/artes\/wp-json\/wp\/v2\/types\/page"}],"author":[{"embeddable":true,"href":"https:\/\/ffh.unsa.edu.pe\/artes\/wp-json\/wp\/v2\/users\/8"}],"replies":[{"embeddable":true,"href":"https:\/\/ffh.unsa.edu.pe\/artes\/wp-json\/wp\/v2\/comments?post=4427"}],"version-history":[{"count":3,"href":"https:\/\/ffh.unsa.edu.pe\/artes\/wp-json\/wp\/v2\/pages\/4427\/revisions"}],"predecessor-version":[{"id":4431,"href":"https:\/\/ffh.unsa.edu.pe\/artes\/wp-json\/wp\/v2\/pages\/4427\/revisions\/4431"}],"wp:attachment":[{"href":"https:\/\/ffh.unsa.edu.pe\/artes\/wp-json\/wp\/v2\/media?parent=4427"}],"curies":[{"name":"wp","href":"https:\/\/api.w.org\/{rel}","templated":true}]}}