{"id":4449,"date":"2025-09-04T12:09:48","date_gmt":"2025-09-04T17:09:48","guid":{"rendered":"https:\/\/ffh.unsa.edu.pe\/artes\/?page_id=4449"},"modified":"2025-09-04T12:17:08","modified_gmt":"2025-09-04T17:17:08","slug":"perfil-del-egresado-plan-de-estudios-2025","status":"publish","type":"page","link":"https:\/\/ffh.unsa.edu.pe\/artes\/perfil-del-egresado-plan-de-estudios-2025\/","title":{"rendered":"Perfil del Egresado Especialidad de M\u00fasica Plan de estudios 2025"},"content":{"rendered":"<p>El egresado del programa de estudios de artes con especialidad de M\u00fasica, cuenta con una s\u00f3lida formaci\u00f3n musical sustentada en el conocimiento te\u00f3rico y pr\u00e1ctico a trav\u00e9s de la ejecuci\u00f3n instrumental, la transmisi\u00f3n de conocimiento musical, la investigaci\u00f3n y la gesti\u00f3n en la actividad art\u00edstica, aporta a la vida cultural en cualquier contexto en el que se desarrolle, desempe\u00f1\u00e1ndose con actitud cr\u00edtica, \u00e9tica, creativa y demostrando disposici\u00f3n para la superaci\u00f3n y actualizaci\u00f3n permanente.<\/p>\n","protected":false},"excerpt":{"rendered":"<p>El egresado del programa de estudios de artes con especialidad de M\u00fasica, cuenta con una s\u00f3lida formaci\u00f3n musical sustentada en el conocimiento te\u00f3rico y pr\u00e1ctico a trav\u00e9s de la ejecuci\u00f3n instrumental, la transmisi\u00f3n de conocimiento musical, la investigaci\u00f3n y la gesti\u00f3n en la actividad art\u00edstica, aporta a la vida cultural en cualquier contexto en el [&hellip;]<\/p>\n","protected":false},"author":8,"featured_media":0,"parent":0,"menu_order":0,"comment_status":"closed","ping_status":"closed","template":"","meta":{"_acf_changed":false,"footnotes":""},"class_list":["post-4449","page","type-page","status-publish","hentry"],"acf":[],"_links":{"self":[{"href":"https:\/\/ffh.unsa.edu.pe\/artes\/wp-json\/wp\/v2\/pages\/4449","targetHints":{"allow":["GET"]}}],"collection":[{"href":"https:\/\/ffh.unsa.edu.pe\/artes\/wp-json\/wp\/v2\/pages"}],"about":[{"href":"https:\/\/ffh.unsa.edu.pe\/artes\/wp-json\/wp\/v2\/types\/page"}],"author":[{"embeddable":true,"href":"https:\/\/ffh.unsa.edu.pe\/artes\/wp-json\/wp\/v2\/users\/8"}],"replies":[{"embeddable":true,"href":"https:\/\/ffh.unsa.edu.pe\/artes\/wp-json\/wp\/v2\/comments?post=4449"}],"version-history":[{"count":4,"href":"https:\/\/ffh.unsa.edu.pe\/artes\/wp-json\/wp\/v2\/pages\/4449\/revisions"}],"predecessor-version":[{"id":4457,"href":"https:\/\/ffh.unsa.edu.pe\/artes\/wp-json\/wp\/v2\/pages\/4449\/revisions\/4457"}],"wp:attachment":[{"href":"https:\/\/ffh.unsa.edu.pe\/artes\/wp-json\/wp\/v2\/media?parent=4449"}],"curies":[{"name":"wp","href":"https:\/\/api.w.org\/{rel}","templated":true}]}}