{"id":1074,"date":"2017-07-10T19:37:31","date_gmt":"2017-07-10T19:37:31","guid":{"rendered":"http:\/\/www2.unsa.edu.pe\/escuelas\/filosofia\/?page_id=1074"},"modified":"2026-04-13T18:04:11","modified_gmt":"2026-04-13T23:04:11","slug":"director-de-escuela-2","status":"publish","type":"page","link":"https:\/\/ffh.unsa.edu.pe\/filosofia\/director-de-escuela-2\/","title":{"rendered":"Director de Escuela"},"content":{"rendered":"<p><strong>Dr. JULI\u00c1N MAT\u00cdAS FLORES LLAIQUI<\/strong><\/p>\n<p>Es Profesor principal a dedicaci\u00f3n exclusiva adscrito al Departamento de Filosof\u00eda de la Universidad Nacional de San Agust\u00edn.<\/p>\n<p>Es Licenciado en Filosof\u00eda, Maestro en Filosof\u00eda de las Ciencias Naturales, Doctor en Filosof\u00eda y Humanidades, y Doctor en Ciencias Sociales. Su especialidad es Filosof\u00eda de la ciencia.<\/p>\n<p>Ha sido representante de los docentes principales ante el Consejo Directivo de la Escuela de posgrado de la UNSA. Director de la Unidad de posgrado de la Facultad de Filosof\u00eda y Humanidades y Director del Departamento de Filosof\u00eda.<\/p>\n<p>Actualmente se desempe\u00f1a como Director de la Escuela de Filosof\u00eda.<\/p>\n<p>Su especialidad es Filosof\u00eda de la ciencia y ha participado en diferentes Congresos Nacionales y eventos internacionales de Filosof\u00eda como ponente y plenarista. Libros publicados: \u201cFilosof\u00eda de la educaci\u00f3n\u201d (2020) y \u201cReflexiones filos\u00f3ficas sobre la ciencia\u201d (2021). Actualmente es Director de las revistas filos\u00f3ficas: \u201cTeor\u00eda del conocimiento\u201d y \u201cFilosof\u00eda de la ciencia\u201d.<\/p>\n","protected":false},"excerpt":{"rendered":"<p>Dr. JULI\u00c1N MAT\u00cdAS FLORES LLAIQUI Es Profesor principal a dedicaci\u00f3n exclusiva adscrito al Departamento de Filosof\u00eda de la Universidad Nacional de San Agust\u00edn. Es Licenciado en Filosof\u00eda, Maestro en Filosof\u00eda de las Ciencias Naturales, Doctor en Filosof\u00eda y Humanidades, y Doctor en Ciencias Sociales. Su especialidad es Filosof\u00eda de la ciencia. Ha sido representante de [&hellip;]<\/p>\n","protected":false},"author":1,"featured_media":1235,"parent":0,"menu_order":0,"comment_status":"closed","ping_status":"closed","template":"","meta":{"_acf_changed":false,"footnotes":""},"class_list":["post-1074","page","type-page","status-publish","has-post-thumbnail","hentry"],"acf":[],"_links":{"self":[{"href":"https:\/\/ffh.unsa.edu.pe\/filosofia\/wp-json\/wp\/v2\/pages\/1074","targetHints":{"allow":["GET"]}}],"collection":[{"href":"https:\/\/ffh.unsa.edu.pe\/filosofia\/wp-json\/wp\/v2\/pages"}],"about":[{"href":"https:\/\/ffh.unsa.edu.pe\/filosofia\/wp-json\/wp\/v2\/types\/page"}],"author":[{"embeddable":true,"href":"https:\/\/ffh.unsa.edu.pe\/filosofia\/wp-json\/wp\/v2\/users\/1"}],"replies":[{"embeddable":true,"href":"https:\/\/ffh.unsa.edu.pe\/filosofia\/wp-json\/wp\/v2\/comments?post=1074"}],"version-history":[{"count":10,"href":"https:\/\/ffh.unsa.edu.pe\/filosofia\/wp-json\/wp\/v2\/pages\/1074\/revisions"}],"predecessor-version":[{"id":1831,"href":"https:\/\/ffh.unsa.edu.pe\/filosofia\/wp-json\/wp\/v2\/pages\/1074\/revisions\/1831"}],"wp:featuredmedia":[{"embeddable":true,"href":"https:\/\/ffh.unsa.edu.pe\/filosofia\/wp-json\/wp\/v2\/media\/1235"}],"wp:attachment":[{"href":"https:\/\/ffh.unsa.edu.pe\/filosofia\/wp-json\/wp\/v2\/media?parent=1074"}],"curies":[{"name":"wp","href":"https:\/\/api.w.org\/{rel}","templated":true}]}}