{"id":1089,"date":"2017-07-10T19:45:33","date_gmt":"2017-07-10T19:45:33","guid":{"rendered":"http:\/\/www2.unsa.edu.pe\/escuelas\/filosofia\/?page_id=1089"},"modified":"2018-07-04T12:18:12","modified_gmt":"2018-07-04T17:18:12","slug":"grados-y-titulos","status":"publish","type":"page","link":"https:\/\/ffh.unsa.edu.pe\/filosofia\/grados-y-titulos\/","title":{"rendered":"Grados y t\u00edtulos"},"content":{"rendered":"<ul>\n<li><strong>GRADO ACAD\u00c9MICO:<br \/>\n<\/strong>Bachiller en Filosof\u00eda<\/li>\n<\/ul>\n<ul>\n<li><strong>T\u00cdTULO PROFESIONAL:<br \/>\n<\/strong>Licenciado en Filosof\u00eda<\/li>\n<\/ul>\n","protected":false},"excerpt":{"rendered":"<p>GRADO ACAD\u00c9MICO: Bachiller en Filosof\u00eda T\u00cdTULO PROFESIONAL: Licenciado en Filosof\u00eda<\/p>\n","protected":false},"author":1,"featured_media":0,"parent":0,"menu_order":0,"comment_status":"closed","ping_status":"closed","template":"","meta":{"_acf_changed":false,"footnotes":""},"class_list":["post-1089","page","type-page","status-publish","hentry"],"acf":[],"_links":{"self":[{"href":"https:\/\/ffh.unsa.edu.pe\/filosofia\/wp-json\/wp\/v2\/pages\/1089","targetHints":{"allow":["GET"]}}],"collection":[{"href":"https:\/\/ffh.unsa.edu.pe\/filosofia\/wp-json\/wp\/v2\/pages"}],"about":[{"href":"https:\/\/ffh.unsa.edu.pe\/filosofia\/wp-json\/wp\/v2\/types\/page"}],"author":[{"embeddable":true,"href":"https:\/\/ffh.unsa.edu.pe\/filosofia\/wp-json\/wp\/v2\/users\/1"}],"replies":[{"embeddable":true,"href":"https:\/\/ffh.unsa.edu.pe\/filosofia\/wp-json\/wp\/v2\/comments?post=1089"}],"version-history":[{"count":1,"href":"https:\/\/ffh.unsa.edu.pe\/filosofia\/wp-json\/wp\/v2\/pages\/1089\/revisions"}],"predecessor-version":[{"id":1614,"href":"https:\/\/ffh.unsa.edu.pe\/filosofia\/wp-json\/wp\/v2\/pages\/1089\/revisions\/1614"}],"wp:attachment":[{"href":"https:\/\/ffh.unsa.edu.pe\/filosofia\/wp-json\/wp\/v2\/media?parent=1089"}],"curies":[{"name":"wp","href":"https:\/\/api.w.org\/{rel}","templated":true}]}}