{"id":1701,"date":"2021-07-30T22:23:55","date_gmt":"2021-07-31T03:23:55","guid":{"rendered":"https:\/\/ffh.unsa.edu.pe\/filosofia\/?page_id=1701"},"modified":"2025-09-10T16:28:59","modified_gmt":"2025-09-10T21:28:59","slug":"objetivos-de-calidad","status":"publish","type":"page","link":"https:\/\/ffh.unsa.edu.pe\/filosofia\/objetivos-de-calidad\/","title":{"rendered":"Objetivos y Condiciones B\u00e1sicas de Calidad"},"content":{"rendered":"<p><strong>Objetivos de Calidad<\/strong><\/p>\n<ul>\n<li>Garantizar la disponibilidad de informaci\u00f3n confiable y oportuna.<\/li>\n<li>Fomentar la excelencia mediante la mejora continua en cuanto a organizaci\u00f3n, investigaci\u00f3n, recursos y su contribuci\u00f3n a la sociedad.<\/li>\n<li>Consolidar la acreditaci\u00f3n para la mejora continua.<\/li>\n<li>Lograr el Licenciamiento como garant\u00eda de condiciones b\u00e1sicas de calidad.<\/li>\n<li>Desarrollar cultura de calidad en todos los actores.<\/li>\n<\/ul>\n<p><strong>Condiciones B\u00e1sicas de Calidad<\/strong><\/p>\n<p>Condici\u00f3n I: Existencia de objetivos acad\u00e9micos, grados y t\u00edtulos a otorgar, y planes de estudios correspondientes.<\/p>\n<p>Condici\u00f3n II: Oferta educativa a crearse compatible con los fines propuestos en los instrumentos de planeamiento.<\/p>\n<p>Condici\u00f3n III: Infraestructura y equipamiento adecuado al cumplimiento de sus funciones (aulas, bibliotecas, laboratorios, entre otros).<\/p>\n<p>Condici\u00f3n IV: L\u00edneas de investigaci\u00f3n a ser desarrolladas.<\/p>\n<p>Condici\u00f3n V: Verificaci\u00f3n de la disponibilidad de personal docente calificado con no menos de 25% de docentes a tiempo completo.<\/p>\n<p>Condici\u00f3n VI: Verificaci\u00f3n de los servicios educacionales complementarios b\u00e1sicos (servicio m\u00e9dico, social, psicopedag\u00f3gico, deportivo, entre otros).<\/p>\n<p>Condici\u00f3n VII: Existencia de mecanismos de mediaci\u00f3n e inserci\u00f3n laboral (Bolsa de trabajo u otros).<\/p>\n<p>Condici\u00f3n VIII: CBC Complementaria: transparencia de universidades.<\/p>\n<p>&nbsp;<\/p>\n","protected":false},"excerpt":{"rendered":"<p>Objetivos de Calidad Garantizar la disponibilidad de informaci\u00f3n confiable y oportuna. Fomentar la excelencia mediante la mejora continua en cuanto a organizaci\u00f3n, investigaci\u00f3n, recursos y su contribuci\u00f3n a la sociedad. Consolidar la acreditaci\u00f3n para la mejora continua. Lograr el Licenciamiento como garant\u00eda de condiciones b\u00e1sicas de calidad. Desarrollar cultura de calidad en todos los actores. [&hellip;]<\/p>\n","protected":false},"author":1,"featured_media":1629,"parent":0,"menu_order":0,"comment_status":"closed","ping_status":"closed","template":"","meta":{"_acf_changed":false,"footnotes":""},"class_list":["post-1701","page","type-page","status-publish","has-post-thumbnail","hentry"],"acf":[],"_links":{"self":[{"href":"https:\/\/ffh.unsa.edu.pe\/filosofia\/wp-json\/wp\/v2\/pages\/1701","targetHints":{"allow":["GET"]}}],"collection":[{"href":"https:\/\/ffh.unsa.edu.pe\/filosofia\/wp-json\/wp\/v2\/pages"}],"about":[{"href":"https:\/\/ffh.unsa.edu.pe\/filosofia\/wp-json\/wp\/v2\/types\/page"}],"author":[{"embeddable":true,"href":"https:\/\/ffh.unsa.edu.pe\/filosofia\/wp-json\/wp\/v2\/users\/1"}],"replies":[{"embeddable":true,"href":"https:\/\/ffh.unsa.edu.pe\/filosofia\/wp-json\/wp\/v2\/comments?post=1701"}],"version-history":[{"count":4,"href":"https:\/\/ffh.unsa.edu.pe\/filosofia\/wp-json\/wp\/v2\/pages\/1701\/revisions"}],"predecessor-version":[{"id":1821,"href":"https:\/\/ffh.unsa.edu.pe\/filosofia\/wp-json\/wp\/v2\/pages\/1701\/revisions\/1821"}],"wp:featuredmedia":[{"embeddable":true,"href":"https:\/\/ffh.unsa.edu.pe\/filosofia\/wp-json\/wp\/v2\/media\/1629"}],"wp:attachment":[{"href":"https:\/\/ffh.unsa.edu.pe\/filosofia\/wp-json\/wp\/v2\/media?parent=1701"}],"curies":[{"name":"wp","href":"https:\/\/api.w.org\/{rel}","templated":true}]}}