{"id":1703,"date":"2021-07-30T22:25:19","date_gmt":"2021-07-31T03:25:19","guid":{"rendered":"https:\/\/ffh.unsa.edu.pe\/filosofia\/?page_id=1703"},"modified":"2023-05-24T16:16:44","modified_gmt":"2023-05-24T21:16:44","slug":"lineas-de-investigacion","status":"publish","type":"page","link":"https:\/\/ffh.unsa.edu.pe\/filosofia\/lineas-de-investigacion\/","title":{"rendered":"L\u00edneas de Investigaci\u00f3n"},"content":{"rendered":"<ul>\n<li>Antropolog\u00eda Filos\u00f3fica<\/li>\n<li>Did\u00e1ctica de la Filosof\u00eda<\/li>\n<li>Epistemolog\u00eda<\/li>\n<li>Est\u00e9tica y Filosof\u00eda del Arte<\/li>\n<li>\u00c9tica y Bio\u00e9tica<\/li>\n<li>Filosof\u00eda de la Ciencia y de la Tecnolog\u00eda<\/li>\n<li>Filosof\u00eda de la Ciencia<\/li>\n<li>Filosof\u00eda de la Cultura<\/li>\n<li>Filosof\u00eda de la Educaci\u00f3n<\/li>\n<li>Filosof\u00eda de la Mente<\/li>\n<li>Filosof\u00eda de las Ciencias Sociales<\/li>\n<li>Filosof\u00eda Ecol\u00f3gica<\/li>\n<li>Filosof\u00eda Pol\u00edtica<\/li>\n<li>Filosof\u00eda y L\u00f3gica<\/li>\n<li>Filosof\u00eda, Violencia y G\u00e9nero<\/li>\n<li>Historia de la Filosof\u00eda<\/li>\n<li>L\u00f3gica y Metodolog\u00eda<\/li>\n<li>Metodolog\u00eda Filos\u00f3fica<\/li>\n<li>Pensamiento Cr\u00edtico<\/li>\n<li>Teor\u00eda del Conocimiento<\/li>\n<\/ul>\n","protected":false},"excerpt":{"rendered":"<p>Antropolog\u00eda Filos\u00f3fica Did\u00e1ctica de la Filosof\u00eda Epistemolog\u00eda Est\u00e9tica y Filosof\u00eda del Arte \u00c9tica y Bio\u00e9tica Filosof\u00eda de la Ciencia y de la Tecnolog\u00eda Filosof\u00eda de la Ciencia Filosof\u00eda de la Cultura Filosof\u00eda de la Educaci\u00f3n Filosof\u00eda de la Mente Filosof\u00eda de las Ciencias Sociales Filosof\u00eda Ecol\u00f3gica Filosof\u00eda Pol\u00edtica Filosof\u00eda y L\u00f3gica Filosof\u00eda, Violencia y G\u00e9nero [&hellip;]<\/p>\n","protected":false},"author":1,"featured_media":1629,"parent":0,"menu_order":0,"comment_status":"closed","ping_status":"closed","template":"","meta":{"_acf_changed":false,"footnotes":""},"class_list":["post-1703","page","type-page","status-publish","has-post-thumbnail","hentry"],"acf":[],"_links":{"self":[{"href":"https:\/\/ffh.unsa.edu.pe\/filosofia\/wp-json\/wp\/v2\/pages\/1703","targetHints":{"allow":["GET"]}}],"collection":[{"href":"https:\/\/ffh.unsa.edu.pe\/filosofia\/wp-json\/wp\/v2\/pages"}],"about":[{"href":"https:\/\/ffh.unsa.edu.pe\/filosofia\/wp-json\/wp\/v2\/types\/page"}],"author":[{"embeddable":true,"href":"https:\/\/ffh.unsa.edu.pe\/filosofia\/wp-json\/wp\/v2\/users\/1"}],"replies":[{"embeddable":true,"href":"https:\/\/ffh.unsa.edu.pe\/filosofia\/wp-json\/wp\/v2\/comments?post=1703"}],"version-history":[{"count":4,"href":"https:\/\/ffh.unsa.edu.pe\/filosofia\/wp-json\/wp\/v2\/pages\/1703\/revisions"}],"predecessor-version":[{"id":1759,"href":"https:\/\/ffh.unsa.edu.pe\/filosofia\/wp-json\/wp\/v2\/pages\/1703\/revisions\/1759"}],"wp:featuredmedia":[{"embeddable":true,"href":"https:\/\/ffh.unsa.edu.pe\/filosofia\/wp-json\/wp\/v2\/media\/1629"}],"wp:attachment":[{"href":"https:\/\/ffh.unsa.edu.pe\/filosofia\/wp-json\/wp\/v2\/media?parent=1703"}],"curies":[{"name":"wp","href":"https:\/\/api.w.org\/{rel}","templated":true}]}}