{"id":1772,"date":"2023-10-10T11:38:41","date_gmt":"2023-10-10T16:38:41","guid":{"rendered":"https:\/\/ffh.unsa.edu.pe\/filosofia\/?page_id=1772"},"modified":"2023-10-10T11:46:29","modified_gmt":"2023-10-10T16:46:29","slug":"plan-de-estudios-2017","status":"publish","type":"page","link":"https:\/\/ffh.unsa.edu.pe\/filosofia\/plan-de-estudios-2017\/","title":{"rendered":"Plan de Estudios 2017"},"content":{"rendered":"<p><embed style=\"height: 60vh; width: 100%;\" src=\"https:\/\/ffh.unsa.edu.pe\/filosofia\/wp-content\/uploads\/sites\/3\/2023\/10\/Plan-de-Estudios-2017-con-creditos-para-egresar-2-10-2023.pdf#page=1\" type=\"application\/pdf\" width=\"300\" height=\"150\"><\/embed><\/p>\n<h4>Resoluci\u00f3n de Aprobaci\u00f3n de Plan de Estudios 2017<\/h4>\n<p><embed style=\"height: 40vh; width: 100%;\" src=\"https:\/\/ffh.unsa.edu.pe\/filosofia\/wp-content\/uploads\/sites\/3\/2023\/10\/Aprobacion-Plan-de-Estudios-2017.-RCU-392-2017-1.pdf#page=1\" type=\"application\/pdf\" width=\"300\" height=\"150\"><\/embed><\/p>\n<h4>Resoluci\u00f3n de Modificaci\u00f3n de Plan de Estudios 2017<\/h4>\n<p><embed style=\"height: 40vh; width: 100%;\" src=\"https:\/\/ffh.unsa.edu.pe\/filosofia\/wp-content\/uploads\/sites\/3\/2023\/10\/Aprobacion-Modificacion-Plan-de-Estudios-2017-RES.-047-2020-RCU.pdf#page=1\" type=\"application\/pdf\" width=\"300\" height=\"150\"><\/embed><\/p>\n","protected":false},"excerpt":{"rendered":"<p>Resoluci\u00f3n de Aprobaci\u00f3n de Plan de Estudios 2017 Resoluci\u00f3n de Modificaci\u00f3n de Plan de Estudios 2017<\/p>\n","protected":false},"author":1,"featured_media":0,"parent":0,"menu_order":0,"comment_status":"closed","ping_status":"closed","template":"","meta":{"_acf_changed":false,"footnotes":""},"class_list":["post-1772","page","type-page","status-publish","hentry"],"acf":[],"_links":{"self":[{"href":"https:\/\/ffh.unsa.edu.pe\/filosofia\/wp-json\/wp\/v2\/pages\/1772","targetHints":{"allow":["GET"]}}],"collection":[{"href":"https:\/\/ffh.unsa.edu.pe\/filosofia\/wp-json\/wp\/v2\/pages"}],"about":[{"href":"https:\/\/ffh.unsa.edu.pe\/filosofia\/wp-json\/wp\/v2\/types\/page"}],"author":[{"embeddable":true,"href":"https:\/\/ffh.unsa.edu.pe\/filosofia\/wp-json\/wp\/v2\/users\/1"}],"replies":[{"embeddable":true,"href":"https:\/\/ffh.unsa.edu.pe\/filosofia\/wp-json\/wp\/v2\/comments?post=1772"}],"version-history":[{"count":9,"href":"https:\/\/ffh.unsa.edu.pe\/filosofia\/wp-json\/wp\/v2\/pages\/1772\/revisions"}],"predecessor-version":[{"id":1783,"href":"https:\/\/ffh.unsa.edu.pe\/filosofia\/wp-json\/wp\/v2\/pages\/1772\/revisions\/1783"}],"wp:attachment":[{"href":"https:\/\/ffh.unsa.edu.pe\/filosofia\/wp-json\/wp\/v2\/media?parent=1772"}],"curies":[{"name":"wp","href":"https:\/\/api.w.org\/{rel}","templated":true}]}}