{"id":1179,"date":"2023-05-17T10:05:18","date_gmt":"2023-05-17T15:05:18","guid":{"rendered":"http:\/\/www2.unsa.edu.pe\/escuelas\/litlinguistica\/?page_id=2"},"modified":"2026-04-17T12:55:33","modified_gmt":"2026-04-17T17:55:33","slug":"pagina-ejemplo-2","status":"publish","type":"page","link":"https:\/\/ffh.unsa.edu.pe\/literatura\/pagina-ejemplo-2\/","title":{"rendered":"Personal Docente y Administrativo"},"content":{"rendered":"<p><strong>PERSONAL DOCENTE QUE DICTAN EN 2026-A:<\/strong><\/p>\n<table style=\"height: 859px\" width=\"707\">\n<tbody>\n<tr>\n<td width=\"349\"><strong>APELLIDOS Y NOMBRES<\/strong><\/td>\n<td width=\"123\"><strong>Categor\u00eda<\/strong><\/td>\n<td width=\"102\"><strong>R\u00e9gimen<\/strong><\/td>\n<\/tr>\n<tr>\n<td width=\"349\">Dr. Santa Mar\u00eda Jim\u00e9nez, Juan Jacobo<\/td>\n<td width=\"123\">PRINCIPAL<\/td>\n<td width=\"102\">D.E.<\/td>\n<\/tr>\n<tr>\n<td width=\"349\">Dr. Callo Cuno, Dante Porfirio<\/td>\n<td width=\"123\">PRINCIPAL<\/td>\n<td width=\"102\">D.E.<\/td>\n<\/tr>\n<tr>\n<td width=\"349\">Dr. Rubio Loayza, Abel Isaac<\/td>\n<td width=\"123\">PRINCIPAL<\/td>\n<td width=\"102\">D.E.<\/td>\n<\/tr>\n<tr>\n<td width=\"349\">Dra. Carrasco del Carpio, Antonieta Cecilia<\/td>\n<td width=\"123\">PRINCIPAL<\/td>\n<td width=\"102\">D.E.<\/td>\n<\/tr>\n<tr>\n<td width=\"349\">Mgtr. D\u00edaz Cobarrubias Willard Marcelo<\/td>\n<td width=\"123\">PRINCIPAL<\/td>\n<td width=\"102\">D.E.<\/td>\n<\/tr>\n<tr>\n<td width=\"349\">Mgtr. Valdivia \u00c1lvarez, Jos\u00e9 Grabiel<\/td>\n<td width=\"123\">ASOCIADO<\/td>\n<td width=\"102\">T.C.<\/td>\n<\/tr>\n<tr>\n<td width=\"349\">Dr. Enr\u00edquez Aguirre, Ubaldo<\/td>\n<td width=\"123\">PRINCIPAL<\/td>\n<td width=\"102\">D.E.<\/td>\n<\/tr>\n<tr>\n<td width=\"349\">Mgtr. Rosado Lazo, Nardy Luz<\/td>\n<td width=\"123\">ASOCIADO<\/td>\n<td width=\"102\">T.C.<\/td>\n<\/tr>\n<tr>\n<td width=\"349\">Mgtr. Carrasco del Carpio, Pablo Miguel<\/td>\n<td width=\"123\">ASOCIADO<\/td>\n<td width=\"102\">T.C.<\/td>\n<\/tr>\n<tr>\n<td width=\"349\">Mgtr. Torres Santillana, Gregorio<\/td>\n<td width=\"123\">ASOCIADO<\/td>\n<td width=\"102\">T.C<\/td>\n<\/tr>\n<tr>\n<td width=\"349\">Mgtr. Cahuana Montero, Gaby Mary<\/td>\n<td width=\"123\">AUXILIAR<\/td>\n<td width=\"102\">T.C.<\/td>\n<\/tr>\n<tr>\n<td width=\"349\">Mgtr. Huam\u00e1n Flores, Richard Santos<\/td>\n<td width=\"123\">ASOCIADO<\/td>\n<td width=\"102\">T.C.<\/td>\n<\/tr>\n<tr>\n<td width=\"349\">Mgtr. Osorio Mendoza de Monteza, Nadja Catalina<\/td>\n<td width=\"123\">ASOCIADO<\/td>\n<td width=\"102\">T.P.20.<\/td>\n<\/tr>\n<tr>\n<td width=\"349\">Mgtr. Belz\u00fa Herrera, Erick Enrique<\/td>\n<td width=\"123\">AUXILIAR<\/td>\n<td width=\"102\">T.C.<\/td>\n<\/tr>\n<tr>\n<td width=\"349\">Dr. Ticona Lecaros, Julio C\u00e9sar<\/td>\n<td width=\"123\">ASOCIADO<\/td>\n<td width=\"102\">T.C.<\/td>\n<\/tr>\n<tr>\n<td width=\"349\">Mgtr. Tahua Delgado, Roger<\/td>\n<td width=\"123\">ASOCIADO<\/td>\n<td width=\"102\">T.C.<\/td>\n<\/tr>\n<tr>\n<td width=\"349\">Mgtr. Durand Flores Tatiana<\/td>\n<td width=\"123\">AUXILIAR<\/td>\n<td width=\"102\">T.C.<\/td>\n<\/tr>\n<tr>\n<td width=\"349\">Mgtr. Yufra, Juan Wilfredo<\/td>\n<td width=\"123\">AUXILIAR<\/td>\n<td width=\"102\">T.C.<\/td>\n<\/tr>\n<tr>\n<td width=\"349\">Mgtr. Caballero Medina, Carlos Arturo<\/td>\n<td width=\"123\">AUXILIAR<\/td>\n<td width=\"102\">T.C.<\/td>\n<\/tr>\n<tr>\n<td width=\"349\">Mgtr. Vilca Rodr\u00edguez, Mauricio<\/td>\n<td width=\"123\">AUXILIAR<\/td>\n<td width=\"102\">T.C.<\/td>\n<\/tr>\n<tr>\n<td width=\"349\">Dra. Vera Alc\u00e1zar, Miryam Milagros<\/td>\n<td width=\"123\">AUXILIAR<\/td>\n<td width=\"102\">T.C.<\/td>\n<\/tr>\n<tr>\n<td width=\"349\">Dra. Mollo Garc\u00eda, Josefina<\/td>\n<td width=\"123\">AUXILIAR<\/td>\n<td width=\"102\">T.C.<\/td>\n<\/tr>\n<tr>\n<td width=\"349\">Dr.\u00a0 Moscoso Montoya, Darwin Augusto<\/td>\n<td width=\"123\">AUXILIAR<\/td>\n<td width=\"102\">T.C.<\/td>\n<\/tr>\n<tr>\n<td width=\"349\">Mgtr. Zeballos Ram\u00edrez, Pilar Elizabeth<\/td>\n<td width=\"123\">AUXILIAR<\/td>\n<td width=\"102\">T.C.<\/td>\n<\/tr>\n<tr>\n<td width=\"349\">Mgtr. Condori Ccahua, Cerafina<\/td>\n<td width=\"123\">AUXILIAR<\/td>\n<td width=\"102\">T.C.<\/td>\n<\/tr>\n<tr>\n<td width=\"349\">Mgtr. Villalba Shupingahua, Jos\u00e9 Alberto<\/td>\n<td width=\"123\">AUXILIAR<\/td>\n<td width=\"102\">T.C.<\/td>\n<\/tr>\n<tr>\n<td width=\"349\">Mgtr. Monteza Arredondo, Jorge Alberto<\/td>\n<td width=\"123\">AUXILIAR<\/td>\n<td width=\"102\">T.C.<\/td>\n<\/tr>\n<\/tbody>\n<\/table>\n<p>&nbsp;<\/p>\n<p><strong>DOCENTES INVESTIGADORES <\/strong><\/p>\n<table style=\"height: 149px\" width=\"817\">\n<tbody>\n<tr>\n<td width=\"236\"><strong>APELLIDOS Y NOMBRES<\/strong><\/td>\n<td width=\"85\"><strong>Categor\u00eda<\/strong><\/td>\n<td width=\"76\"><strong>R\u00e9gimen<\/strong><\/td>\n<td width=\"217\"><strong>Resoluci\u00f3n<\/strong><\/td>\n<\/tr>\n<tr>\n<td width=\"236\">Dr. Torres Orihuela, H\u00e9ctor Octavio Guido<\/td>\n<td width=\"85\">PRINCIPAL<\/td>\n<td width=\"76\">T.C.<\/td>\n<td width=\"217\">R.V. N\u00b0 56-2026-VRI<\/td>\n<\/tr>\n<tr>\n<td width=\"236\">Dra. N\u00fa\u00f1ez Pacheco, Rosa<\/td>\n<td width=\"85\">PRINCIPAL<\/td>\n<td width=\"76\">D.E.<\/td>\n<td width=\"217\">R.V. N\u00b0 173-2026-VRI<\/td>\n<\/tr>\n<tr>\n<td width=\"236\">Dra. Cuba Raime, Claret Aurelia<\/td>\n<td width=\"85\">PRINCIPAL<\/td>\n<td width=\"76\">D.E.<\/td>\n<td width=\"217\">R.V. N\u00b0 58-2026-VRI<\/td>\n<\/tr>\n<\/tbody>\n<\/table>\n<p>&nbsp;<\/p>\n<p><strong>PERSONAL ADMINISTRATIVO<\/strong><\/p>\n<table>\n<tbody>\n<tr>\n<td width=\"293\">Secretaria de Escuela<\/td>\n<td width=\"359\">Lic. Lucia Rojas Peralta<\/td>\n<\/tr>\n<tr>\n<td width=\"293\">Conserje<\/td>\n<td width=\"359\">Sra. Felicitas Condori Quispe<\/td>\n<\/tr>\n<\/tbody>\n<\/table>\n","protected":false},"excerpt":{"rendered":"<p>PERSONAL DOCENTE QUE DICTAN EN 2026-A: APELLIDOS Y NOMBRES Categor\u00eda R\u00e9gimen Dr. Santa Mar\u00eda Jim\u00e9nez, Juan Jacobo PRINCIPAL D.E. Dr. Callo Cuno, Dante Porfirio PRINCIPAL D.E. Dr. Rubio Loayza, Abel Isaac PRINCIPAL D.E. Dra. Carrasco del Carpio, Antonieta Cecilia PRINCIPAL D.E. Mgtr. D\u00edaz Cobarrubias Willard Marcelo PRINCIPAL D.E. Mgtr. Valdivia \u00c1lvarez, Jos\u00e9 Grabiel ASOCIADO T.C. [&hellip;]<\/p>\n","protected":false},"author":1,"featured_media":0,"parent":0,"menu_order":0,"comment_status":"closed","ping_status":"open","template":"","meta":{"_acf_changed":false,"footnotes":""},"class_list":["post-1179","page","type-page","status-publish","hentry"],"acf":[],"_links":{"self":[{"href":"https:\/\/ffh.unsa.edu.pe\/literatura\/wp-json\/wp\/v2\/pages\/1179","targetHints":{"allow":["GET"]}}],"collection":[{"href":"https:\/\/ffh.unsa.edu.pe\/literatura\/wp-json\/wp\/v2\/pages"}],"about":[{"href":"https:\/\/ffh.unsa.edu.pe\/literatura\/wp-json\/wp\/v2\/types\/page"}],"author":[{"embeddable":true,"href":"https:\/\/ffh.unsa.edu.pe\/literatura\/wp-json\/wp\/v2\/users\/1"}],"replies":[{"embeddable":true,"href":"https:\/\/ffh.unsa.edu.pe\/literatura\/wp-json\/wp\/v2\/comments?post=1179"}],"version-history":[{"count":25,"href":"https:\/\/ffh.unsa.edu.pe\/literatura\/wp-json\/wp\/v2\/pages\/1179\/revisions"}],"predecessor-version":[{"id":2926,"href":"https:\/\/ffh.unsa.edu.pe\/literatura\/wp-json\/wp\/v2\/pages\/1179\/revisions\/2926"}],"wp:attachment":[{"href":"https:\/\/ffh.unsa.edu.pe\/literatura\/wp-json\/wp\/v2\/media?parent=1179"}],"curies":[{"name":"wp","href":"https:\/\/api.w.org\/{rel}","templated":true}]}}