{"id":1181,"date":"2017-08-09T17:37:24","date_gmt":"2017-08-09T17:37:24","guid":{"rendered":"http:\/\/www2.unsa.edu.pe\/escuelas\/litlinguistica\/?page_id=1179"},"modified":"2017-08-09T17:37:24","modified_gmt":"2017-08-09T17:37:24","slug":"resena-historica","status":"publish","type":"page","link":"https:\/\/ffh.unsa.edu.pe\/literatura\/resena-historica\/","title":{"rendered":"Rese\u00f1a Hist\u00f3rica"},"content":{"rendered":"<p>La Universidad Nacional de San Agust\u00edn fue creada oficialmente por Decreto expedido por el Presidente Luis de Orbegoso el 06 de marzo de 1935. Qued\u00f3 constituida por\u00a0 cinco Facultades, entre ellas la de la Filosof\u00eda y Letras. Precisamente nuestra Escuela tiene su origen en las c\u00e1tedras de Gram\u00e1tica Castellana y Latina dictadas por Rafael Barriga en esta Facultad.<\/p>\n<p>Conforme a las nuevas leyes y sucesivos cambios, en 1906 la Facultad es transformada en la Secci\u00f3n de Filosof\u00eda y Letras, con las c\u00e1tedras de Gram\u00e1tica Castellana, Literatura Antigua y Literatura Moderna, junto a otras. Con la ley 10555 del a\u00f1o 1946 nace la Facultad de Letras y dentro de ella el Instituto de Castellano y Literatura. Desde 1969, bajo la vigencia del Decreto Ley 13417, funciona como Programa Acad\u00e9mico de Literatura y Lenguas. Y en 1984, gracias a la Ley 23733 se constituye la Escuela Profesional de Literatura y Ling\u00fc\u00edstica como parte de la Facultad de Filosof\u00eda y Humanidades.<\/p>\n","protected":false},"excerpt":{"rendered":"<p>La Universidad Nacional de San Agust\u00edn fue creada oficialmente por Decreto expedido por el Presidente Luis de Orbegoso el 06 de marzo de 1935. Qued\u00f3 constituida por\u00a0 cinco Facultades, entre ellas la de la Filosof\u00eda y Letras. Precisamente nuestra Escuela tiene su origen en las c\u00e1tedras de Gram\u00e1tica Castellana y Latina dictadas por Rafael Barriga [&hellip;]<\/p>\n","protected":false},"author":1,"featured_media":0,"parent":0,"menu_order":0,"comment_status":"closed","ping_status":"closed","template":"","meta":{"_acf_changed":false,"footnotes":""},"class_list":["post-1181","page","type-page","status-publish","hentry"],"acf":[],"_links":{"self":[{"href":"https:\/\/ffh.unsa.edu.pe\/literatura\/wp-json\/wp\/v2\/pages\/1181","targetHints":{"allow":["GET"]}}],"collection":[{"href":"https:\/\/ffh.unsa.edu.pe\/literatura\/wp-json\/wp\/v2\/pages"}],"about":[{"href":"https:\/\/ffh.unsa.edu.pe\/literatura\/wp-json\/wp\/v2\/types\/page"}],"author":[{"embeddable":true,"href":"https:\/\/ffh.unsa.edu.pe\/literatura\/wp-json\/wp\/v2\/users\/1"}],"replies":[{"embeddable":true,"href":"https:\/\/ffh.unsa.edu.pe\/literatura\/wp-json\/wp\/v2\/comments?post=1181"}],"version-history":[{"count":0,"href":"https:\/\/ffh.unsa.edu.pe\/literatura\/wp-json\/wp\/v2\/pages\/1181\/revisions"}],"wp:attachment":[{"href":"https:\/\/ffh.unsa.edu.pe\/literatura\/wp-json\/wp\/v2\/media?parent=1181"}],"curies":[{"name":"wp","href":"https:\/\/api.w.org\/{rel}","templated":true}]}}