{"id":1182,"date":"2017-08-09T17:37:44","date_gmt":"2017-08-09T17:37:44","guid":{"rendered":"http:\/\/www2.unsa.edu.pe\/escuelas\/litlinguistica\/?page_id=1181"},"modified":"2019-11-05T16:11:46","modified_gmt":"2019-11-05T21:11:46","slug":"vision-y-mision","status":"publish","type":"page","link":"https:\/\/ffh.unsa.edu.pe\/literatura\/vision-y-mision\/","title":{"rendered":"Visi\u00f3n y Misi\u00f3n"},"content":{"rendered":"<h4>Misi\u00f3n<\/h4>\n<p>Somos una comunidad acad\u00e9mica que brinda educaci\u00f3n superior de calidad para la formaci\u00f3n de profesionales competentes en el campo de la literatura y la ling\u00fc\u00edstica con el fin de contribuir a la soluci\u00f3n de los problemas nacionales y a los desaf\u00edos del desarrollo sostenible, en el marco de una deontolog\u00eda profesional bien definida. Para ello, nuestra instituci\u00f3n promueve la investigaci\u00f3n y difusi\u00f3n del conocimiento cient\u00edfico sobre las lenguas habladas en la regi\u00f3n y el pa\u00eds, as\u00ed como el estudio de toda forma de manifestaci\u00f3n literaria y cultural.<\/p>\n<h4>Visi\u00f3n<\/h4>\n<p>La Escuela de Literatura y Ling\u00fc\u00edstica espera convertirse en el principal centro interdisciplinario de investigaci\u00f3n y estudio de la literatura regional sur peruana, y de la nacional, de sus lenguas e idiolectos, de todos los fen\u00f3menos y procesos culturales de la regi\u00f3n que tienden a desarrollar una democracia real en una sociedad viable; y formar a los investigadores, promotores culturales y docentes especialistas en Ling\u00fc\u00edstica y Literatura de la regi\u00f3n a nivel superior.<\/p>\n","protected":false},"excerpt":{"rendered":"<p>Misi\u00f3n Somos una comunidad acad\u00e9mica que brinda educaci\u00f3n superior de calidad para la formaci\u00f3n de profesionales competentes en el campo de la literatura y la ling\u00fc\u00edstica con el fin de contribuir a la soluci\u00f3n de los problemas nacionales y a los desaf\u00edos del desarrollo sostenible, en el marco de una deontolog\u00eda profesional bien definida. Para [&hellip;]<\/p>\n","protected":false},"author":1,"featured_media":0,"parent":0,"menu_order":0,"comment_status":"closed","ping_status":"closed","template":"","meta":{"_acf_changed":false,"footnotes":""},"class_list":["post-1182","page","type-page","status-publish","hentry"],"acf":[],"_links":{"self":[{"href":"https:\/\/ffh.unsa.edu.pe\/literatura\/wp-json\/wp\/v2\/pages\/1182","targetHints":{"allow":["GET"]}}],"collection":[{"href":"https:\/\/ffh.unsa.edu.pe\/literatura\/wp-json\/wp\/v2\/pages"}],"about":[{"href":"https:\/\/ffh.unsa.edu.pe\/literatura\/wp-json\/wp\/v2\/types\/page"}],"author":[{"embeddable":true,"href":"https:\/\/ffh.unsa.edu.pe\/literatura\/wp-json\/wp\/v2\/users\/1"}],"replies":[{"embeddable":true,"href":"https:\/\/ffh.unsa.edu.pe\/literatura\/wp-json\/wp\/v2\/comments?post=1182"}],"version-history":[{"count":4,"href":"https:\/\/ffh.unsa.edu.pe\/literatura\/wp-json\/wp\/v2\/pages\/1182\/revisions"}],"predecessor-version":[{"id":1453,"href":"https:\/\/ffh.unsa.edu.pe\/literatura\/wp-json\/wp\/v2\/pages\/1182\/revisions\/1453"}],"wp:attachment":[{"href":"https:\/\/ffh.unsa.edu.pe\/literatura\/wp-json\/wp\/v2\/media?parent=1182"}],"curies":[{"name":"wp","href":"https:\/\/api.w.org\/{rel}","templated":true}]}}