{"id":1189,"date":"2017-08-09T17:39:39","date_gmt":"2017-08-09T17:39:39","guid":{"rendered":"http:\/\/www2.unsa.edu.pe\/escuelas\/litlinguistica\/?page_id=1189"},"modified":"2017-08-09T17:39:39","modified_gmt":"2017-08-09T17:39:39","slug":"modelo-educativo","status":"publish","type":"page","link":"https:\/\/ffh.unsa.edu.pe\/literatura\/modelo-educativo\/","title":{"rendered":"Modelo Educativo"},"content":{"rendered":"<p>La Escuela Profesional de Literatura y Ling\u00fc\u00edstica presenta\u00a0 los componentes filos\u00f3ficos esenciales del\u00a0 Modelo Educativo de la Universidad de San Agust\u00edn (ME-UNSA):<\/p>\n<ol>\n<li>Componente ontol\u00f3gico: El proceso de formaci\u00f3n profesional basado en el desarrollo de competencias es el objeto de trabajo.<\/li>\n<li>Componente teleol\u00f3gico: La finalidad de la formaci\u00f3n que se brinda es que el titulado sea una persona &#8211; profesional competente.<\/li>\n<li>Componente epistemol\u00f3gico: El estudiante es el actor principal de su formaci\u00f3n, la cual realiza en constante interacci\u00f3n con los docentes.<\/li>\n<li>Componente metodol\u00f3gico: El proceso formativo resulta de la adecuada complementaci\u00f3n entre las estrategias de ense\u00f1anza y las estrategias de aprendizaje.<\/li>\n<\/ol>\n","protected":false},"excerpt":{"rendered":"<p>La Escuela Profesional de Literatura y Ling\u00fc\u00edstica presenta\u00a0 los componentes filos\u00f3ficos esenciales del\u00a0 Modelo Educativo de la Universidad de San Agust\u00edn (ME-UNSA): Componente ontol\u00f3gico: El proceso de formaci\u00f3n profesional basado en el desarrollo de competencias es el objeto de trabajo. Componente teleol\u00f3gico: La finalidad de la formaci\u00f3n que se brinda es que el titulado sea [&hellip;]<\/p>\n","protected":false},"author":1,"featured_media":0,"parent":0,"menu_order":0,"comment_status":"closed","ping_status":"closed","template":"","meta":{"_acf_changed":false,"footnotes":""},"class_list":["post-1189","page","type-page","status-publish","hentry"],"acf":[],"_links":{"self":[{"href":"https:\/\/ffh.unsa.edu.pe\/literatura\/wp-json\/wp\/v2\/pages\/1189","targetHints":{"allow":["GET"]}}],"collection":[{"href":"https:\/\/ffh.unsa.edu.pe\/literatura\/wp-json\/wp\/v2\/pages"}],"about":[{"href":"https:\/\/ffh.unsa.edu.pe\/literatura\/wp-json\/wp\/v2\/types\/page"}],"author":[{"embeddable":true,"href":"https:\/\/ffh.unsa.edu.pe\/literatura\/wp-json\/wp\/v2\/users\/1"}],"replies":[{"embeddable":true,"href":"https:\/\/ffh.unsa.edu.pe\/literatura\/wp-json\/wp\/v2\/comments?post=1189"}],"version-history":[{"count":0,"href":"https:\/\/ffh.unsa.edu.pe\/literatura\/wp-json\/wp\/v2\/pages\/1189\/revisions"}],"wp:attachment":[{"href":"https:\/\/ffh.unsa.edu.pe\/literatura\/wp-json\/wp\/v2\/media?parent=1189"}],"curies":[{"name":"wp","href":"https:\/\/api.w.org\/{rel}","templated":true}]}}