{"id":1199,"date":"2017-08-09T17:40:03","date_gmt":"2017-08-09T17:40:03","guid":{"rendered":"http:\/\/www2.unsa.edu.pe\/escuelas\/litlinguistica\/?page_id=1193"},"modified":"2021-05-02T22:11:54","modified_gmt":"2021-05-03T03:11:54","slug":"campo-ocupacional","status":"publish","type":"page","link":"https:\/\/ffh.unsa.edu.pe\/literatura\/campo-ocupacional\/","title":{"rendered":"Campo Ocupacional"},"content":{"rendered":"<p>PLAN DE ESTUDIOS 2017<\/p>\n<ol>\n<li>Asesor\u00eda en Centros de Investigaci\u00f3n Acad\u00e9mica, Interdisciplinarios y de Desarrollo Comunal, estatales y no estatales en temas literarios y ling\u00fc\u00edsticos.<\/li>\n<li>Docencia en Universidades, Institutos Superiores, Escuelas Superiores y Academias.<\/li>\n<li>Gesti\u00f3n de industrias culturales en centros p\u00fablicos y privados.<\/li>\n<li>Asesor\u00eda y supervisi\u00f3n\u00a0 en instituciones de planificaci\u00f3n en programas biling\u00fces y ense\u00f1anza de la L1 y L2.<\/li>\n<li>Capacitaci\u00f3n docente en las \u00e1reas de Literatura, Ling\u00fc\u00edstica e Idiomas.<\/li>\n<li>Correcci\u00f3n de estilo, escritura creativa en empresas editoriales y de comunicaci\u00f3n social que requieran servicios profesionales especializados en lengua espa\u00f1ola.<\/li>\n<li>Investigaci\u00f3n sobre literaturas de tradici\u00f3n oral, regional, macro regional y nacional en centros acad\u00e9micos e instituciones p\u00fablicas y privadas.<\/li>\n<li>Asesor\u00eda en la promoci\u00f3n de la lectura para instituciones p\u00fablicas y privadas.<\/li>\n<li>Investigaciones ling\u00fc\u00edsticas te\u00f3rica y aplicada para instituciones p\u00fablicas y privadas.<\/li>\n<\/ol>\n","protected":false},"excerpt":{"rendered":"<p>PLAN DE ESTUDIOS 2017 Asesor\u00eda en Centros de Investigaci\u00f3n Acad\u00e9mica, Interdisciplinarios y de Desarrollo Comunal, estatales y no estatales en temas literarios y ling\u00fc\u00edsticos. Docencia en Universidades, Institutos Superiores, Escuelas Superiores y Academias. Gesti\u00f3n de industrias culturales en centros p\u00fablicos y privados. Asesor\u00eda y supervisi\u00f3n\u00a0 en instituciones de planificaci\u00f3n en programas biling\u00fces y ense\u00f1anza de [&hellip;]<\/p>\n","protected":false},"author":1,"featured_media":0,"parent":0,"menu_order":0,"comment_status":"closed","ping_status":"closed","template":"","meta":{"_acf_changed":false,"footnotes":""},"class_list":["post-1199","page","type-page","status-publish","hentry"],"acf":[],"_links":{"self":[{"href":"https:\/\/ffh.unsa.edu.pe\/literatura\/wp-json\/wp\/v2\/pages\/1199","targetHints":{"allow":["GET"]}}],"collection":[{"href":"https:\/\/ffh.unsa.edu.pe\/literatura\/wp-json\/wp\/v2\/pages"}],"about":[{"href":"https:\/\/ffh.unsa.edu.pe\/literatura\/wp-json\/wp\/v2\/types\/page"}],"author":[{"embeddable":true,"href":"https:\/\/ffh.unsa.edu.pe\/literatura\/wp-json\/wp\/v2\/users\/1"}],"replies":[{"embeddable":true,"href":"https:\/\/ffh.unsa.edu.pe\/literatura\/wp-json\/wp\/v2\/comments?post=1199"}],"version-history":[{"count":2,"href":"https:\/\/ffh.unsa.edu.pe\/literatura\/wp-json\/wp\/v2\/pages\/1199\/revisions"}],"predecessor-version":[{"id":1691,"href":"https:\/\/ffh.unsa.edu.pe\/literatura\/wp-json\/wp\/v2\/pages\/1199\/revisions\/1691"}],"wp:attachment":[{"href":"https:\/\/ffh.unsa.edu.pe\/literatura\/wp-json\/wp\/v2\/media?parent=1199"}],"curies":[{"name":"wp","href":"https:\/\/api.w.org\/{rel}","templated":true}]}}