{"id":1200,"date":"2017-08-09T17:40:25","date_gmt":"2017-08-09T17:40:25","guid":{"rendered":"http:\/\/www2.unsa.edu.pe\/escuelas\/litlinguistica\/?page_id=1195"},"modified":"2026-04-17T14:50:42","modified_gmt":"2026-04-17T19:50:42","slug":"competencias-de-la-carrera","status":"publish","type":"page","link":"https:\/\/ffh.unsa.edu.pe\/literatura\/competencias-de-la-carrera\/","title":{"rendered":"OBJETIVOS EDUCACIONALES"},"content":{"rendered":"<p><strong>PLAN DE ESTUDIOS 2017<\/strong><\/p>\n<p>\uf0a7\u00a0\u00a0\u00a0\u00a0\u00a0\u00a0\u00a0\u00a0 Elabora proyectos de investigaci\u00f3n en Literatura y Ling\u00fc\u00edstica.<\/p>\n<p>\uf0a7\u00a0\u00a0\u00a0\u00a0\u00a0\u00a0\u00a0\u00a0 Desarrolla procesos de ense\u00f1anza- aprendizaje.<\/p>\n<p>\uf0a7\u00a0\u00a0\u00a0\u00a0\u00a0\u00a0\u00a0\u00a0 Promueve proyectos culturales.<\/p>\n<p>\uf0a7\u00a0\u00a0\u00a0\u00a0\u00a0\u00a0\u00a0\u00a0 Capacita en temas de Literatura y Ling\u00fc\u00edstica.<\/p>\n<p>\uf0a7\u00a0\u00a0\u00a0\u00a0\u00a0\u00a0\u00a0\u00a0 Realiza actividades relacionadas con la producci\u00f3n de textos.<\/p>\n<p><strong>PLAN DE ESTUDIOS 2025<\/strong><\/p>\n<p><strong>1.1. Aprendizaje continuo y capacidad investigativa <\/strong><\/p>\n<p>OE1: Elabora y ejecuta proyectos de investigaci\u00f3n en literatura y ling\u00fc\u00edstica para contribuir con la sociedad<\/p>\n<p><strong>1.2 Trabajo en equipo, liderazgo, comunicaci\u00f3n, valores <\/strong><\/p>\n<p>OE2: Coordina, impulsa, desarrolla y ejecuta proyectos culturales, ling\u00fc\u00edsticos y literarios en el \u00e1mbito regional y nacional, fomentando el trabajo en equipo, el liderazgo, la comunicaci\u00f3n efectiva y la promoci\u00f3n de valores.<\/p>\n<p><strong>1.3 Emprendimiento e innovaci\u00f3n<\/strong><\/p>\n<p>OE3: Dise\u00f1a, promueve y ejecuta proyectos empresariales en literatura y ling\u00fc\u00edstica.<\/p>\n<p><strong>1.4. Aspectos profesionales <\/strong><\/p>\n<p>OE4: Realiza actividades relacionadas con la literatura y la ling\u00fc\u00edstica y gestiona procesos de aprendizaje en la especialidad.<\/p>\n<p>&nbsp;<\/p>\n","protected":false},"excerpt":{"rendered":"<p>PLAN DE ESTUDIOS 2017 \uf0a7\u00a0\u00a0\u00a0\u00a0\u00a0\u00a0\u00a0\u00a0 Elabora proyectos de investigaci\u00f3n en Literatura y Ling\u00fc\u00edstica. \uf0a7\u00a0\u00a0\u00a0\u00a0\u00a0\u00a0\u00a0\u00a0 Desarrolla procesos de ense\u00f1anza- aprendizaje. \uf0a7\u00a0\u00a0\u00a0\u00a0\u00a0\u00a0\u00a0\u00a0 Promueve proyectos culturales. \uf0a7\u00a0\u00a0\u00a0\u00a0\u00a0\u00a0\u00a0\u00a0 Capacita en temas de Literatura y Ling\u00fc\u00edstica. \uf0a7\u00a0\u00a0\u00a0\u00a0\u00a0\u00a0\u00a0\u00a0 Realiza actividades relacionadas con la producci\u00f3n de textos. PLAN DE ESTUDIOS 2025 1.1. Aprendizaje continuo y capacidad investigativa OE1: Elabora y ejecuta proyectos [&hellip;]<\/p>\n","protected":false},"author":1,"featured_media":0,"parent":0,"menu_order":0,"comment_status":"closed","ping_status":"closed","template":"","meta":{"_acf_changed":false,"footnotes":""},"class_list":["post-1200","page","type-page","status-publish","hentry"],"acf":[],"_links":{"self":[{"href":"https:\/\/ffh.unsa.edu.pe\/literatura\/wp-json\/wp\/v2\/pages\/1200","targetHints":{"allow":["GET"]}}],"collection":[{"href":"https:\/\/ffh.unsa.edu.pe\/literatura\/wp-json\/wp\/v2\/pages"}],"about":[{"href":"https:\/\/ffh.unsa.edu.pe\/literatura\/wp-json\/wp\/v2\/types\/page"}],"author":[{"embeddable":true,"href":"https:\/\/ffh.unsa.edu.pe\/literatura\/wp-json\/wp\/v2\/users\/1"}],"replies":[{"embeddable":true,"href":"https:\/\/ffh.unsa.edu.pe\/literatura\/wp-json\/wp\/v2\/comments?post=1200"}],"version-history":[{"count":14,"href":"https:\/\/ffh.unsa.edu.pe\/literatura\/wp-json\/wp\/v2\/pages\/1200\/revisions"}],"predecessor-version":[{"id":2944,"href":"https:\/\/ffh.unsa.edu.pe\/literatura\/wp-json\/wp\/v2\/pages\/1200\/revisions\/2944"}],"wp:attachment":[{"href":"https:\/\/ffh.unsa.edu.pe\/literatura\/wp-json\/wp\/v2\/media?parent=1200"}],"curies":[{"name":"wp","href":"https:\/\/api.w.org\/{rel}","templated":true}]}}