{"id":1201,"date":"2017-08-09T17:40:48","date_gmt":"2017-08-09T17:40:48","guid":{"rendered":"http:\/\/www2.unsa.edu.pe\/escuelas\/litlinguistica\/?page_id=1197"},"modified":"2017-11-06T16:23:48","modified_gmt":"2017-11-06T16:23:48","slug":"bachiller-en","status":"publish","type":"page","link":"https:\/\/ffh.unsa.edu.pe\/literatura\/bachiller-en\/","title":{"rendered":"Bachiller en Ling\u00fc\u00edstica y Literatura"},"content":{"rendered":"<p>Para obtener el grado de Bachiller en Ling\u00fc\u00edstica y Literatura, con menci\u00f3n en una de las dos especialidades, se requiere:<\/p>\n<ol>\n<li>Haber concluido los cinco a\u00f1os de estudios, con 230 cr\u00e9ditos<\/li>\n<\/ol>\n","protected":false},"excerpt":{"rendered":"<p>Para obtener el grado de Bachiller en Ling\u00fc\u00edstica y Literatura, con menci\u00f3n en una de las dos especialidades, se requiere: Haber concluido los cinco a\u00f1os de estudios, con 230 cr\u00e9ditos<\/p>\n","protected":false},"author":1,"featured_media":0,"parent":0,"menu_order":0,"comment_status":"closed","ping_status":"closed","template":"","meta":{"_acf_changed":false,"footnotes":""},"class_list":["post-1201","page","type-page","status-publish","hentry"],"acf":[],"_links":{"self":[{"href":"https:\/\/ffh.unsa.edu.pe\/literatura\/wp-json\/wp\/v2\/pages\/1201","targetHints":{"allow":["GET"]}}],"collection":[{"href":"https:\/\/ffh.unsa.edu.pe\/literatura\/wp-json\/wp\/v2\/pages"}],"about":[{"href":"https:\/\/ffh.unsa.edu.pe\/literatura\/wp-json\/wp\/v2\/types\/page"}],"author":[{"embeddable":true,"href":"https:\/\/ffh.unsa.edu.pe\/literatura\/wp-json\/wp\/v2\/users\/1"}],"replies":[{"embeddable":true,"href":"https:\/\/ffh.unsa.edu.pe\/literatura\/wp-json\/wp\/v2\/comments?post=1201"}],"version-history":[{"count":1,"href":"https:\/\/ffh.unsa.edu.pe\/literatura\/wp-json\/wp\/v2\/pages\/1201\/revisions"}],"predecessor-version":[{"id":1239,"href":"https:\/\/ffh.unsa.edu.pe\/literatura\/wp-json\/wp\/v2\/pages\/1201\/revisions\/1239"}],"wp:attachment":[{"href":"https:\/\/ffh.unsa.edu.pe\/literatura\/wp-json\/wp\/v2\/media?parent=1201"}],"curies":[{"name":"wp","href":"https:\/\/api.w.org\/{rel}","templated":true}]}}