{"id":1336,"date":"2018-07-04T12:43:23","date_gmt":"2018-07-04T17:43:23","guid":{"rendered":"https:\/\/ffh.unsa.edu.pe\/literatura\/?page_id=1336"},"modified":"2021-09-09T20:51:48","modified_gmt":"2021-09-10T01:51:48","slug":"grados-y-titulos","status":"publish","type":"page","link":"https:\/\/ffh.unsa.edu.pe\/literatura\/grados-y-titulos\/","title":{"rendered":"Grados y t\u00edtulos"},"content":{"rendered":"<ul>\n<li><strong>GRADO ACAD\u00c9MICO:<br \/>\n<\/strong>Bachiller en Literatura y Ling\u00fc\u00edstica<\/li>\n<\/ul>\n<ul>\n<li><strong>T\u00cdTULO PROFESIONAL:<br \/>\n<\/strong>Licenciado en Literatura y Ling\u00fc\u00edstica<\/li>\n<\/ul>\n<ul>\n<li><a href=\"https:\/\/ffh.unsa.edu.pe\/literatura\/wp-content\/uploads\/sites\/4\/2021\/09\/GUIA-DE-TRAMITES-DE-GRADO-Y-TITULO-RCU-N\u00b0-469-2021.pdf\">GU\u00cdA DE TR\u00c1MITES DE GRADO Y T\u00cdTULO RCU N\u00b0 469-2021<\/a><\/li>\n<\/ul>\n","protected":false},"excerpt":{"rendered":"<p>GRADO ACAD\u00c9MICO: Bachiller en Literatura y Ling\u00fc\u00edstica T\u00cdTULO PROFESIONAL: Licenciado en Literatura y Ling\u00fc\u00edstica GU\u00cdA DE TR\u00c1MITES DE GRADO Y T\u00cdTULO RCU N\u00b0 469-2021<\/p>\n","protected":false},"author":1,"featured_media":0,"parent":0,"menu_order":0,"comment_status":"closed","ping_status":"closed","template":"","meta":{"_acf_changed":false,"footnotes":""},"class_list":["post-1336","page","type-page","status-publish","hentry"],"acf":[],"_links":{"self":[{"href":"https:\/\/ffh.unsa.edu.pe\/literatura\/wp-json\/wp\/v2\/pages\/1336","targetHints":{"allow":["GET"]}}],"collection":[{"href":"https:\/\/ffh.unsa.edu.pe\/literatura\/wp-json\/wp\/v2\/pages"}],"about":[{"href":"https:\/\/ffh.unsa.edu.pe\/literatura\/wp-json\/wp\/v2\/types\/page"}],"author":[{"embeddable":true,"href":"https:\/\/ffh.unsa.edu.pe\/literatura\/wp-json\/wp\/v2\/users\/1"}],"replies":[{"embeddable":true,"href":"https:\/\/ffh.unsa.edu.pe\/literatura\/wp-json\/wp\/v2\/comments?post=1336"}],"version-history":[{"count":5,"href":"https:\/\/ffh.unsa.edu.pe\/literatura\/wp-json\/wp\/v2\/pages\/1336\/revisions"}],"predecessor-version":[{"id":1839,"href":"https:\/\/ffh.unsa.edu.pe\/literatura\/wp-json\/wp\/v2\/pages\/1336\/revisions\/1839"}],"wp:attachment":[{"href":"https:\/\/ffh.unsa.edu.pe\/literatura\/wp-json\/wp\/v2\/media?parent=1336"}],"curies":[{"name":"wp","href":"https:\/\/api.w.org\/{rel}","templated":true}]}}