{"id":1371,"date":"2019-04-15T13:21:56","date_gmt":"2019-04-15T18:21:56","guid":{"rendered":"https:\/\/ffh.unsa.edu.pe\/literatura\/?page_id=1371"},"modified":"2026-04-17T14:39:52","modified_gmt":"2026-04-17T19:39:52","slug":"perfil-del-postulante","status":"publish","type":"page","link":"https:\/\/ffh.unsa.edu.pe\/literatura\/perfil-del-postulante\/","title":{"rendered":"Perfil de ingreso 2017"},"content":{"rendered":"<p>PERFIL DE INGRESO<\/p>\n<ul>\n<li>Utiliza y relaciona los n\u00fameros en operaciones b\u00e1sicas de aritm\u00e9tica, algebra, geometr\u00eda y trigonometr\u00eda.<\/li>\n<li>Utiliza los n\u00fameros y sus operaciones b\u00e1sicas, as\u00ed como de los s\u00edmbolos y las formas de expresi\u00f3n matem\u00e1tica.<\/li>\n<li>Reconoce caracter\u00edsticas del discurso oral.<\/li>\n<li>Conoce gram\u00e1tica y ortograf\u00eda B\u00e1sica.<\/li>\n<li>Conoce t\u00e9cnicas de lectura y teor\u00eda del texto.<\/li>\n<li>Conoce conceptos de Literatura b\u00e1sica.<\/li>\n<li>Comprende y analiza textos escritos.<\/li>\n<li>Conoce hechos hist\u00f3ricos del Per\u00fa y del mundo.<\/li>\n<li>Se ubica en el espacio geogr\u00e1fico nacional.<\/li>\n<li>Conoce conceptos de filosof\u00eda y econom\u00eda en general.<\/li>\n<li>Analiza conceptos de f\u00edsica, qu\u00edmica y biolog\u00eda.<\/li>\n<li>Reconoce conceptos de psicolog\u00eda y educaci\u00f3n c\u00edvica.<\/li>\n<\/ul>\n","protected":false},"excerpt":{"rendered":"<p>PERFIL DE INGRESO Utiliza y relaciona los n\u00fameros en operaciones b\u00e1sicas de aritm\u00e9tica, algebra, geometr\u00eda y trigonometr\u00eda. Utiliza los n\u00fameros y sus operaciones b\u00e1sicas, as\u00ed como de los s\u00edmbolos y las formas de expresi\u00f3n matem\u00e1tica. Reconoce caracter\u00edsticas del discurso oral. Conoce gram\u00e1tica y ortograf\u00eda B\u00e1sica. Conoce t\u00e9cnicas de lectura y teor\u00eda del texto. Conoce conceptos [&hellip;]<\/p>\n","protected":false},"author":1,"featured_media":0,"parent":0,"menu_order":0,"comment_status":"closed","ping_status":"closed","template":"","meta":{"_acf_changed":false,"footnotes":""},"class_list":["post-1371","page","type-page","status-publish","hentry"],"acf":[],"_links":{"self":[{"href":"https:\/\/ffh.unsa.edu.pe\/literatura\/wp-json\/wp\/v2\/pages\/1371","targetHints":{"allow":["GET"]}}],"collection":[{"href":"https:\/\/ffh.unsa.edu.pe\/literatura\/wp-json\/wp\/v2\/pages"}],"about":[{"href":"https:\/\/ffh.unsa.edu.pe\/literatura\/wp-json\/wp\/v2\/types\/page"}],"author":[{"embeddable":true,"href":"https:\/\/ffh.unsa.edu.pe\/literatura\/wp-json\/wp\/v2\/users\/1"}],"replies":[{"embeddable":true,"href":"https:\/\/ffh.unsa.edu.pe\/literatura\/wp-json\/wp\/v2\/comments?post=1371"}],"version-history":[{"count":4,"href":"https:\/\/ffh.unsa.edu.pe\/literatura\/wp-json\/wp\/v2\/pages\/1371\/revisions"}],"predecessor-version":[{"id":2932,"href":"https:\/\/ffh.unsa.edu.pe\/literatura\/wp-json\/wp\/v2\/pages\/1371\/revisions\/2932"}],"wp:attachment":[{"href":"https:\/\/ffh.unsa.edu.pe\/literatura\/wp-json\/wp\/v2\/media?parent=1371"}],"curies":[{"name":"wp","href":"https:\/\/api.w.org\/{rel}","templated":true}]}}