{"id":1562,"date":"2020-09-16T17:23:02","date_gmt":"2020-09-16T22:23:02","guid":{"rendered":"https:\/\/ffh.unsa.edu.pe\/literatura\/?page_id=1562"},"modified":"2020-09-16T17:35:34","modified_gmt":"2020-09-16T22:35:34","slug":"alto-al-plagio-intelectual","status":"publish","type":"page","link":"https:\/\/ffh.unsa.edu.pe\/literatura\/alto-al-plagio-intelectual\/","title":{"rendered":"Alto al plagio intelectual"},"content":{"rendered":"<p><strong>Responsables e integrantes:<\/strong><\/p>\n<p>&#8211; Dra. CLARET A. CUBA RAIME<br \/>\n&#8211; Dr. H\u00c9CTOR O. GUIDO TORRES ORIHUELA<br \/>\n&#8211; Dra. ROSA N\u00da\u00d1EZ PACHECO<br \/>\n&#8211; Dra. EVELYN GUILL\u00c9N CH\u00c1VEZ<br \/>\n&#8211; Mag. MAURICIO VILCA RODR\u00cdGUEZ<\/p>\n<p><strong>Participantes<\/strong>:<\/p>\n<p>Estudiantes de las Escuelas Profesionales de Literatura y Ling\u00fc\u00edstica, Artes e Ing. Alimentaria.<\/p>\n<p><strong>Beneficiarios<\/strong>:<\/p>\n<p>Estudiantes de la I.E. Gran Libertador Sim\u00f3n Bol\u00edvar y de la Regi\u00f3n Arequipa.<\/p>\n<p><strong>Meta<\/strong>:<\/p>\n<p>Concientizaci\u00f3n no al plagio intelectual<br \/>\nConcientizaci\u00f3n por los derechos de autor<br \/>\nRegistro de citas textuales<br \/>\nPr\u00e1ctica de la correcta intertextualidad<\/p>\n","protected":false},"excerpt":{"rendered":"<p>Responsables e integrantes: &#8211; Dra. CLARET A. CUBA RAIME &#8211; Dr. H\u00c9CTOR O. GUIDO TORRES ORIHUELA &#8211; Dra. ROSA N\u00da\u00d1EZ PACHECO &#8211; Dra. EVELYN GUILL\u00c9N CH\u00c1VEZ &#8211; Mag. MAURICIO VILCA RODR\u00cdGUEZ Participantes: Estudiantes de las Escuelas Profesionales de Literatura y Ling\u00fc\u00edstica, Artes e Ing. Alimentaria. Beneficiarios: Estudiantes de la I.E. Gran Libertador Sim\u00f3n Bol\u00edvar y [&hellip;]<\/p>\n","protected":false},"author":7,"featured_media":1572,"parent":0,"menu_order":0,"comment_status":"closed","ping_status":"closed","template":"","meta":{"_acf_changed":false,"footnotes":""},"class_list":["post-1562","page","type-page","status-publish","has-post-thumbnail","hentry"],"acf":[],"_links":{"self":[{"href":"https:\/\/ffh.unsa.edu.pe\/literatura\/wp-json\/wp\/v2\/pages\/1562","targetHints":{"allow":["GET"]}}],"collection":[{"href":"https:\/\/ffh.unsa.edu.pe\/literatura\/wp-json\/wp\/v2\/pages"}],"about":[{"href":"https:\/\/ffh.unsa.edu.pe\/literatura\/wp-json\/wp\/v2\/types\/page"}],"author":[{"embeddable":true,"href":"https:\/\/ffh.unsa.edu.pe\/literatura\/wp-json\/wp\/v2\/users\/7"}],"replies":[{"embeddable":true,"href":"https:\/\/ffh.unsa.edu.pe\/literatura\/wp-json\/wp\/v2\/comments?post=1562"}],"version-history":[{"count":3,"href":"https:\/\/ffh.unsa.edu.pe\/literatura\/wp-json\/wp\/v2\/pages\/1562\/revisions"}],"predecessor-version":[{"id":1573,"href":"https:\/\/ffh.unsa.edu.pe\/literatura\/wp-json\/wp\/v2\/pages\/1562\/revisions\/1573"}],"wp:featuredmedia":[{"embeddable":true,"href":"https:\/\/ffh.unsa.edu.pe\/literatura\/wp-json\/wp\/v2\/media\/1572"}],"wp:attachment":[{"href":"https:\/\/ffh.unsa.edu.pe\/literatura\/wp-json\/wp\/v2\/media?parent=1562"}],"curies":[{"name":"wp","href":"https:\/\/api.w.org\/{rel}","templated":true}]}}