{"id":2297,"date":"2023-06-01T10:51:19","date_gmt":"2023-06-01T15:51:19","guid":{"rendered":"https:\/\/ffh.unsa.edu.pe\/literatura\/?page_id=2297"},"modified":"2023-06-01T11:19:41","modified_gmt":"2023-06-01T16:19:41","slug":"graduate","status":"publish","type":"page","link":"https:\/\/ffh.unsa.edu.pe\/literatura\/graduate\/","title":{"rendered":"GRADUATE"},"content":{"rendered":"<p><strong>Sistema para la Obtenci\u00f3n de Grados y T\u00edtulos: *GRADUATE*<\/strong><\/p>\n<p><strong>Se\u00f1or graduando:\u00a0<\/strong><\/p>\n<p>A trav\u00e9s del Sistema de Gesti\u00f3n de Graduaci\u00f3n y Titulaci\u00f3n\u00a0 \u00abGraduate\u00bb, podr\u00e1s registrar tu solicitud para la obtenci\u00f3n\u00a0 de un Grado Acad\u00e9mico o un T\u00edtulo Profesional y realizar el seguimiento de tu tr\u00e1mite.<\/p>\n<p><a href=\"https:\/\/sg.unsa.edu.pe\/graduate\/\">https:\/\/sg.unsa.edu.pe\/graduate\/<\/a><\/p>\n<p>Instrucciones:<\/p>\n<p><a href=\"https:\/\/www.youtube.com\/watch?v=4yE1A956eVM\">https:\/\/www.youtube.com\/watch?v=4yE1A956eVM<\/a><\/p>\n","protected":false},"excerpt":{"rendered":"<p>Sistema para la Obtenci\u00f3n de Grados y T\u00edtulos: *GRADUATE* Se\u00f1or graduando:\u00a0 A trav\u00e9s del Sistema de Gesti\u00f3n de Graduaci\u00f3n y Titulaci\u00f3n\u00a0 \u00abGraduate\u00bb, podr\u00e1s registrar tu solicitud para la obtenci\u00f3n\u00a0 de un Grado Acad\u00e9mico o un T\u00edtulo Profesional y realizar el seguimiento de tu tr\u00e1mite. https:\/\/sg.unsa.edu.pe\/graduate\/ Instrucciones: https:\/\/www.youtube.com\/watch?v=4yE1A956eVM<\/p>\n","protected":false},"author":13,"featured_media":0,"parent":0,"menu_order":0,"comment_status":"closed","ping_status":"closed","template":"","meta":{"_acf_changed":false,"footnotes":""},"class_list":["post-2297","page","type-page","status-publish","hentry"],"acf":[],"_links":{"self":[{"href":"https:\/\/ffh.unsa.edu.pe\/literatura\/wp-json\/wp\/v2\/pages\/2297","targetHints":{"allow":["GET"]}}],"collection":[{"href":"https:\/\/ffh.unsa.edu.pe\/literatura\/wp-json\/wp\/v2\/pages"}],"about":[{"href":"https:\/\/ffh.unsa.edu.pe\/literatura\/wp-json\/wp\/v2\/types\/page"}],"author":[{"embeddable":true,"href":"https:\/\/ffh.unsa.edu.pe\/literatura\/wp-json\/wp\/v2\/users\/13"}],"replies":[{"embeddable":true,"href":"https:\/\/ffh.unsa.edu.pe\/literatura\/wp-json\/wp\/v2\/comments?post=2297"}],"version-history":[{"count":4,"href":"https:\/\/ffh.unsa.edu.pe\/literatura\/wp-json\/wp\/v2\/pages\/2297\/revisions"}],"predecessor-version":[{"id":2304,"href":"https:\/\/ffh.unsa.edu.pe\/literatura\/wp-json\/wp\/v2\/pages\/2297\/revisions\/2304"}],"wp:attachment":[{"href":"https:\/\/ffh.unsa.edu.pe\/literatura\/wp-json\/wp\/v2\/media?parent=2297"}],"curies":[{"name":"wp","href":"https:\/\/api.w.org\/{rel}","templated":true}]}}