{"id":2377,"date":"2023-07-19T11:33:50","date_gmt":"2023-07-19T16:33:50","guid":{"rendered":"https:\/\/ffh.unsa.edu.pe\/literatura\/?page_id=2377"},"modified":"2026-04-17T15:08:50","modified_gmt":"2026-04-17T20:08:50","slug":"catalogo-de-revistas-indizadas","status":"publish","type":"page","link":"https:\/\/ffh.unsa.edu.pe\/literatura\/catalogo-de-revistas-indizadas\/","title":{"rendered":"Cat\u00e1logo de revistas indizadas"},"content":{"rendered":"<p><a href=\"https:\/\/ffh.unsa.edu.pe\/literatura\/wp-content\/uploads\/sites\/4\/2023\/09\/CATALOGO-REVISTAS-INDIZADAS-ESCUELA-PROFESIONAL-DE-LITERATURA-Y-LINGUISTICA.pdf\">CAT\u00c1LOGO REVISTAS INDIZADAS ESCUELA PROFESIONAL DE LITERATURA Y LING\u00dc\u00cdSTICA<\/a><\/p>\n<p><a href=\"https:\/\/ffh.unsa.edu.pe\/literatura\/wp-content\/uploads\/sites\/4\/2023\/09\/RESOLUCION-EPLL-CATALOGO-DE-REVISTAS-INDIZADAS-1.pdf\">RESOLUCION EPLL-CATALOGO DE REVISTAS INDIZADAS<\/a><\/p>\n<p>.-.-.-.-.-.-.<\/p>\n<p><a href=\"https:\/\/ffh.unsa.edu.pe\/literatura\/wp-content\/uploads\/sites\/4\/2026\/04\/CATALOGO-DE-REVISTAS-INDIZADAS-2025_v.2.2.pdf\">CATALOGO DE REVISTAS INDIZADAS 2025_v.2.2<\/a><\/p>\n","protected":false},"excerpt":{"rendered":"<p>CAT\u00c1LOGO REVISTAS INDIZADAS ESCUELA PROFESIONAL DE LITERATURA Y LING\u00dc\u00cdSTICA RESOLUCION EPLL-CATALOGO DE REVISTAS INDIZADAS .-.-.-.-.-.-. CATALOGO DE REVISTAS INDIZADAS 2025_v.2.2<\/p>\n","protected":false},"author":13,"featured_media":0,"parent":0,"menu_order":0,"comment_status":"closed","ping_status":"closed","template":"","meta":{"_acf_changed":false,"footnotes":""},"class_list":["post-2377","page","type-page","status-publish","hentry"],"acf":[],"_links":{"self":[{"href":"https:\/\/ffh.unsa.edu.pe\/literatura\/wp-json\/wp\/v2\/pages\/2377","targetHints":{"allow":["GET"]}}],"collection":[{"href":"https:\/\/ffh.unsa.edu.pe\/literatura\/wp-json\/wp\/v2\/pages"}],"about":[{"href":"https:\/\/ffh.unsa.edu.pe\/literatura\/wp-json\/wp\/v2\/types\/page"}],"author":[{"embeddable":true,"href":"https:\/\/ffh.unsa.edu.pe\/literatura\/wp-json\/wp\/v2\/users\/13"}],"replies":[{"embeddable":true,"href":"https:\/\/ffh.unsa.edu.pe\/literatura\/wp-json\/wp\/v2\/comments?post=2377"}],"version-history":[{"count":6,"href":"https:\/\/ffh.unsa.edu.pe\/literatura\/wp-json\/wp\/v2\/pages\/2377\/revisions"}],"predecessor-version":[{"id":2948,"href":"https:\/\/ffh.unsa.edu.pe\/literatura\/wp-json\/wp\/v2\/pages\/2377\/revisions\/2948"}],"wp:attachment":[{"href":"https:\/\/ffh.unsa.edu.pe\/literatura\/wp-json\/wp\/v2\/media?parent=2377"}],"curies":[{"name":"wp","href":"https:\/\/api.w.org\/{rel}","templated":true}]}}