{"id":2773,"date":"2025-06-20T08:29:10","date_gmt":"2025-06-20T13:29:10","guid":{"rendered":"https:\/\/ffh.unsa.edu.pe\/literatura\/?page_id=2773"},"modified":"2026-04-14T11:25:12","modified_gmt":"2026-04-14T16:25:12","slug":"director-de-escuela","status":"publish","type":"page","link":"https:\/\/ffh.unsa.edu.pe\/literatura\/director-de-escuela\/","title":{"rendered":"Directora de Escuela"},"content":{"rendered":"<h3><img loading=\"lazy\" decoding=\"async\" class=\"alignnone  wp-image-2881\" src=\"https:\/\/ffh.unsa.edu.pe\/literatura\/wp-content\/uploads\/sites\/4\/2026\/04\/WhatsApp-Image-2026-04-13-at-11.11.23-AM-360x203.jpeg\" alt=\"\" width=\"384\" height=\"217\" \/><\/h3>\n<h3>Dra. Antonieta Cecilia Carrasco del Carpio<\/h3>\n<p>Directora\u00a0 de la Escuela Profesional de Literatura y Ling\u00fc\u00edstica<br \/>\nCorreo: ccarrascod@unsa.edu.pe<\/p>\n<p>Es Doctora en Filosof\u00eda y Humanidades (UNSA), Magister en Educaci\u00f3n Superior (UCSM), Magister en Gesti\u00f3n de la Educaci\u00f3n (Universidad de Alicante), Licenciada en Literatura y Ling\u00fc\u00edstica (UNSA) y Traductora-Int\u00e9rprete (IEPLEM Maurice Thorez, Mosc\u00fa).<\/p>\n<p>Actualmente se desempe\u00f1a como docente principal en la Escuela Profesional de Literatura y Ling\u00fc\u00edstica de la Universidad Nacional de San Agust\u00edn, donde ha ocupado los cargos de directora de la Unidad de Posgrado de la Facultad de Filosof\u00eda y Humanidades, Coordinadora de la Unidad de Proyecci\u00f3n Social y Extensi\u00f3n Universitaria de la mencionada Facultad y directora del Centro de Idiomas. Asimismo, se ha desempe\u00f1ado como docente de la Facultad de Lenguas Modernas de la Universidad Privada Ricardo Palma y como directora del Instituto de Idiomas de la Universidad Cat\u00f3lica de Santa Mar\u00eda.<\/p>\n<p>Sus investigaciones se centran en las \u00e1reas de socioling\u00fc\u00edstica, ling\u00fc\u00edstica cognitiva y ense\u00f1anza de lenguas.\u00a0 Actualmente forma parte del equipo de investigadores PRESEEA de Arequipa.<\/p>\n","protected":false},"excerpt":{"rendered":"<p>Dra. Antonieta Cecilia Carrasco del Carpio Directora\u00a0 de la Escuela Profesional de Literatura y Ling\u00fc\u00edstica Correo: ccarrascod@unsa.edu.pe Es Doctora en Filosof\u00eda y Humanidades (UNSA), Magister en Educaci\u00f3n Superior (UCSM), Magister en Gesti\u00f3n de la Educaci\u00f3n (Universidad de Alicante), Licenciada en Literatura y Ling\u00fc\u00edstica (UNSA) y Traductora-Int\u00e9rprete (IEPLEM Maurice Thorez, Mosc\u00fa). Actualmente se desempe\u00f1a como docente [&hellip;]<\/p>\n","protected":false},"author":1,"featured_media":0,"parent":0,"menu_order":0,"comment_status":"closed","ping_status":"closed","template":"","meta":{"_acf_changed":false,"footnotes":""},"class_list":["post-2773","page","type-page","status-publish","hentry"],"acf":[],"_links":{"self":[{"href":"https:\/\/ffh.unsa.edu.pe\/literatura\/wp-json\/wp\/v2\/pages\/2773","targetHints":{"allow":["GET"]}}],"collection":[{"href":"https:\/\/ffh.unsa.edu.pe\/literatura\/wp-json\/wp\/v2\/pages"}],"about":[{"href":"https:\/\/ffh.unsa.edu.pe\/literatura\/wp-json\/wp\/v2\/types\/page"}],"author":[{"embeddable":true,"href":"https:\/\/ffh.unsa.edu.pe\/literatura\/wp-json\/wp\/v2\/users\/1"}],"replies":[{"embeddable":true,"href":"https:\/\/ffh.unsa.edu.pe\/literatura\/wp-json\/wp\/v2\/comments?post=2773"}],"version-history":[{"count":4,"href":"https:\/\/ffh.unsa.edu.pe\/literatura\/wp-json\/wp\/v2\/pages\/2773\/revisions"}],"predecessor-version":[{"id":2883,"href":"https:\/\/ffh.unsa.edu.pe\/literatura\/wp-json\/wp\/v2\/pages\/2773\/revisions\/2883"}],"wp:attachment":[{"href":"https:\/\/ffh.unsa.edu.pe\/literatura\/wp-json\/wp\/v2\/media?parent=2773"}],"curies":[{"name":"wp","href":"https:\/\/api.w.org\/{rel}","templated":true}]}}