{"id":2933,"date":"2026-04-17T14:41:18","date_gmt":"2026-04-17T19:41:18","guid":{"rendered":"https:\/\/ffh.unsa.edu.pe\/literatura\/?page_id=2933"},"modified":"2026-04-17T14:45:03","modified_gmt":"2026-04-17T19:45:03","slug":"perfil-de-ingreso-2025","status":"publish","type":"page","link":"https:\/\/ffh.unsa.edu.pe\/literatura\/perfil-de-ingreso-2025\/","title":{"rendered":"Perfil de ingreso 2025"},"content":{"rendered":"<ol>\n<li><strong>COMUNICACI\u00d3N<\/strong>\n<ol>\n<li>COMPRENSI\u00d3N DE TEXTOS MONO Y MULTIMODALES. Competencia en t\u00e9cnicas y estrategias de lectura de textos mono y multimodales. El ingresante a la EPLL debe ser competente en comprender a nivel inferencial y cr\u00edtico las lecturas acad\u00e9micas especializadas. Por lo tanto, debe tener habilidades de pensamiento cr\u00edtico, an\u00e1lisis, s\u00edntesis, resoluci\u00f3n de problemas, razonamiento l\u00f3gico y habilidades de investigaci\u00f3n.<\/li>\n<li>PRODUCCI\u00d3N DE TEXTOS MONO Y MULTIMODALES. Competencia en t\u00e9cnicas y estrategias de producci\u00f3n de textos mono y multimodales. Dominio del lenguaje escrito a trav\u00e9s de los recursos intertextuales. El ingresante a la EPLL debe ser competente en b\u00fasqueda de informaci\u00f3n especializada. Producci\u00f3n de diferentes g\u00e9neros discursivos en los que demuestre pensamiento cr\u00edtico, an\u00e1lisis, s\u00edntesis, resoluci\u00f3n de problemas, razonamiento l\u00f3gico y habilidades de investigaci\u00f3n. comprender a nivel inferencial y cr\u00edtico las lecturas acad\u00e9micas especializadas. Por lo tanto, debe tener habilidades de pensamiento cr\u00edtico, an\u00e1lisis, s\u00edntesis, resoluci\u00f3n de problemas, razonamiento l\u00f3gico y habilidades de investigaci\u00f3n.<\/li>\n<li>Explica procesos comunicativos literarios inmersos en diferentes objetos culturales de manera anal\u00edtica, con sentido cr\u00edtico y extrapolando a la realidad individual y social.<\/li>\n<\/ol>\n<p><strong>RAZONAMIENTO L\u00d3GICO-MATEM\u00c1TICO.<\/strong> Utiliza y relaciona los n\u00fameros en operaciones de aritm\u00e9tica, \u00e1lgebra, geometr\u00eda y trigonometr\u00eda. Utiliza los n\u00fameros y sus operaciones b\u00e1sicas, as\u00ed como de los s\u00edmbolos y las formas de expresi\u00f3n matem\u00e1tica, para iniciar su conocimiento en estad\u00edstica descriptiva e inferencial con fines cient\u00edficos.<\/p>\n<p><strong>CIENCIAS SOCIALES.<\/strong> Conoce hechos hist\u00f3ricos del Per\u00fa y del mundo. Se ubica en el espacio geogr\u00e1fico nacional. Conoce conceptos de filosof\u00eda y econom\u00eda en general con el fin de explicar problemas ling\u00fc\u00edsticos y literarios.<\/p>\n<p><strong>CIENCIA, TECNOLOG\u00cdA Y AMBIENTE.<\/strong> Analiza conceptos de f\u00edsica, qu\u00edmica y biolog\u00eda para entender el origen del lenguaje.<\/p>\n<p><strong>DESARROLLO PERSONAL, CIUDADAN\u00cdA Y C\u00cdVICA.<\/strong> Reconoce conceptos de psicolog\u00eda, filosof\u00eda y educaci\u00f3n c\u00edvica para explicar los aspectos psicol\u00f3gicos, filos\u00f3ficos e identitarios del lenguaje y la literatura. Los requisitos acad\u00e9micos necesarios para ingresar a la EPLL son haber concluido la EBR y alcanzado vacante en los procesos de admisi\u00f3n que convoca la UNSA.<\/li>\n<\/ol>\n<p>&nbsp;<\/p>\n","protected":false},"excerpt":{"rendered":"<p>COMUNICACI\u00d3N COMPRENSI\u00d3N DE TEXTOS MONO Y MULTIMODALES. Competencia en t\u00e9cnicas y estrategias de lectura de textos mono y multimodales. El ingresante a la EPLL debe ser competente en comprender a nivel inferencial y cr\u00edtico las lecturas acad\u00e9micas especializadas. Por lo tanto, debe tener habilidades de pensamiento cr\u00edtico, an\u00e1lisis, s\u00edntesis, resoluci\u00f3n de problemas, razonamiento l\u00f3gico y [&hellip;]<\/p>\n","protected":false},"author":13,"featured_media":0,"parent":0,"menu_order":0,"comment_status":"closed","ping_status":"closed","template":"","meta":{"_acf_changed":false,"footnotes":""},"class_list":["post-2933","page","type-page","status-publish","hentry"],"acf":[],"_links":{"self":[{"href":"https:\/\/ffh.unsa.edu.pe\/literatura\/wp-json\/wp\/v2\/pages\/2933","targetHints":{"allow":["GET"]}}],"collection":[{"href":"https:\/\/ffh.unsa.edu.pe\/literatura\/wp-json\/wp\/v2\/pages"}],"about":[{"href":"https:\/\/ffh.unsa.edu.pe\/literatura\/wp-json\/wp\/v2\/types\/page"}],"author":[{"embeddable":true,"href":"https:\/\/ffh.unsa.edu.pe\/literatura\/wp-json\/wp\/v2\/users\/13"}],"replies":[{"embeddable":true,"href":"https:\/\/ffh.unsa.edu.pe\/literatura\/wp-json\/wp\/v2\/comments?post=2933"}],"version-history":[{"count":5,"href":"https:\/\/ffh.unsa.edu.pe\/literatura\/wp-json\/wp\/v2\/pages\/2933\/revisions"}],"predecessor-version":[{"id":2941,"href":"https:\/\/ffh.unsa.edu.pe\/literatura\/wp-json\/wp\/v2\/pages\/2933\/revisions\/2941"}],"wp:attachment":[{"href":"https:\/\/ffh.unsa.edu.pe\/literatura\/wp-json\/wp\/v2\/media?parent=2933"}],"curies":[{"name":"wp","href":"https:\/\/api.w.org\/{rel}","templated":true}]}}